{"id":7511,"date":"2019-10-07T13:12:02","date_gmt":"2019-10-07T13:12:02","guid":{"rendered":"https:\/\/cafesnovell.com\/cdti\/"},"modified":"2019-10-18T18:34:10","modified_gmt":"2019-10-18T18:34:10","slug":"cdti","status":"publish","type":"page","link":"https:\/\/dev.cafesnovell.com\/ca\/coneix-nos\/certificats-i-premis\/cdti\/","title":{"rendered":"CDTI"},"content":{"rendered":"<div class=\"wpb-content-wrapper\">[vc_section][vc_row fullwidth=&#8221;true&#8221; css=&#8221;.vc_custom_1564133394504{background-image: url(http:\/\/cafesnovell.com\/wp-content\/uploads\/2019\/07\/header.png?id=435) !important;background-position: center !important;background-repeat: no-repeat !important;background-size: cover !important;}&#8221;][vc_column width=&#8221;1\/4&#8243; css=&#8221;.vc_custom_1569404393771{margin-bottom: 30px !important;margin-left: 50px !important;padding-top: 50px !important;padding-right: 0px !important;}&#8221; offset=&#8221;vc_col-lg-5 vc_col-md-5&#8243;][vc_column_text css=&#8221;.vc_custom_1564747464370{margin-bottom: 0px !important;}&#8221;]CERTIFICATS<br \/>\nI PREMIS[\/vc_column_text][\/vc_column][vc_column width=&#8221;1\/4&#8243;][\/vc_column][vc_column width=&#8221;1\/4&#8243;][\/vc_column][\/vc_row][\/vc_section][vc_section full_width=&#8221;stretch_row&#8221; el_class=&#8221;section-text&#8221; css=&#8221;.vc_custom_1564134101954{padding-top: 80px !important;}&#8221;][vc_row][vc_column][vc_column_text css=&#8221;.vc_custom_1571423637141{margin-bottom: 0px !important;}&#8221;]El consell d&#8217;administraci\u00f3 del CENTRE PER AL DESENVOLUPAMENT TECNOL\u00d2GIC INDUSTRIAL (CDTI), en la reuni\u00f3 celebrada el 2019.02.28, va aprovar la participaci\u00f3 d&#8217;aquest centre en el projecte de la l\u00ednia directa d&#8217;innovaci\u00f3 denominat &#8220;<strong>INNOVACIONS TECNOL\u00d2GIQUES PER A CAF\u00c8S NOVELL<\/strong>&#8221; mitjan\u00e7ant la concessi\u00f3 d&#8217;un ajut parcialment reemborsable.<\/p>\n<p>El projecte t\u00e9 com a objectiu la incorporaci\u00f3 d&#8217;equips d&#8217;\u00faltima generaci\u00f3 per al proc\u00e9s d&#8217;elaboraci\u00f3 i producci\u00f3 de les c\u00e0psules compostables de Caf\u00e8s Novell i es dur\u00e0 a terme a Vilafranca del Pened\u00e8s amb un pressupost de 472.000 euros durant el per\u00edode 2018-2020.<\/p>\n<p>&nbsp;<\/p>\n<p><img loading=\"lazy\" decoding=\"async\" class=\"alignnone size-medium wp-image-6269\" src=\"https:\/\/dev.cafesnovell.com\/wp-content\/uploads\/2019\/10\/logo_cdti-300x46-300x46.jpg\" alt=\"\" width=\"300\" height=\"46\" \/><\/p>\n<p>&nbsp;<\/p>\n<p>\u00a9 Caf\u00e9s Novell S.A. 2019 Tots els drets reservats.[\/vc_column_text][\/vc_column][\/vc_row][\/vc_section]\n<\/div>","protected":false},"excerpt":{"rendered":"<p>[vc_section][vc_row fullwidth=&#8221;true&#8221; css=&#8221;.vc_custom_1564133394504{background-image: url(http:\/\/cafesnovell.com\/wp-content\/uploads\/2019\/07\/header.png?id=435) !important;background-position: center !important;background-repeat: no-repeat !important;background-size: cover !important;}&#8221;][vc_column width=&#8221;1\/4&#8243; css=&#8221;.vc_custom_1569404393771{margin-bottom: 30px !important;margin-left: 50px !important;padding-top: 50px !important;padding-right: 0px !important;}&#8221; offset=&#8221;vc_col-lg-5 vc_col-md-5&#8243;][vc_column_text css=&#8221;.vc_custom_1564747464370{margin-bottom: 0px !important;}&#8221;]CERTIFICATS I PREMIS[\/vc_column_text][\/vc_column][vc_column width=&#8221;1\/4&#8243;][\/vc_column][vc_column width=&#8221;1\/4&#8243;][\/vc_column][\/vc_row][\/vc_section][vc_section full_width=&#8221;stretch_row&#8221; el_class=&#8221;section-text&#8221; css=&#8221;.vc_custom_1564134101954{padding-top: 80px !important;}&#8221;][vc_row][vc_column][vc_column_text css=&#8221;.vc_custom_1571423637141{margin-bottom: 0px !important;}&#8221;]El consell d&#8217;administraci\u00f3 del CENTRE PER AL DESENVOLUPAMENT TECNOL\u00d2GIC INDUSTRIAL (CDTI), en la reuni\u00f3 celebrada el 2019.02.28, va [&hellip;]<\/p>\n","protected":false},"author":1,"featured_media":0,"parent":8546,"menu_order":0,"comment_status":"closed","ping_status":"closed","template":"","meta":{"_acf_changed":false,"content-type":"","footnotes":""},"class_list":["post-7511","page","type-page","status-publish","hentry"],"acf":[],"yoast_head":"<!-- This site is optimized with the Yoast SEO plugin v27.0 - https:\/\/yoast.com\/product\/yoast-seo-wordpress\/ -->\n<title>CDTI - Caf\u00e8s Novell<\/title>\n<meta name=\"robots\" content=\"noindex, follow, max-snippet:-1, max-image-preview:large, max-video-preview:-1\" \/>\n<meta property=\"og:locale\" content=\"ca_ES\" \/>\n<meta property=\"og:type\" content=\"article\" \/>\n<meta property=\"og:title\" content=\"CDTI - Caf\u00e8s Novell\" \/>\n<meta property=\"og:description\" content=\"[vc_section][vc_row fullwidth=&#8221;true&#8221; css=&#8221;.vc_custom_1564133394504{background-image: url(http:\/\/cafesnovell.com\/wp-content\/uploads\/2019\/07\/header.png?id=435) !important;background-position: center !important;background-repeat: no-repeat !important;background-size: cover !important;}&#8221;][vc_column width=&#8221;1\/4&#8243; css=&#8221;.vc_custom_1569404393771{margin-bottom: 30px !important;margin-left: 50px !important;padding-top: 50px !important;padding-right: 0px !important;}&#8221; offset=&#8221;vc_col-lg-5 vc_col-md-5&#8243;][vc_column_text css=&#8221;.vc_custom_1564747464370{margin-bottom: 0px !important;}&#8221;]CERTIFICATS I PREMIS[\/vc_column_text][\/vc_column][vc_column width=&#8221;1\/4&#8243;][\/vc_column][vc_column width=&#8221;1\/4&#8243;][\/vc_column][\/vc_row][\/vc_section][vc_section full_width=&#8221;stretch_row&#8221; el_class=&#8221;section-text&#8221; css=&#8221;.vc_custom_1564134101954{padding-top: 80px !important;}&#8221;][vc_row][vc_column][vc_column_text css=&#8221;.vc_custom_1571423637141{margin-bottom: 0px !important;}&#8221;]El consell d&#8217;administraci\u00f3 del CENTRE PER AL DESENVOLUPAMENT TECNOL\u00d2GIC INDUSTRIAL (CDTI), en la reuni\u00f3 celebrada el 2019.02.28, va [&hellip;]\" \/>\n<meta property=\"og:url\" content=\"https:\/\/dev.cafesnovell.com\/ca\/coneix-nos\/certificats-i-premis\/cdti\/\" \/>\n<meta property=\"og:site_name\" content=\"Caf\u00e8s Novell\" \/>\n<meta property=\"article:modified_time\" content=\"2019-10-18T18:34:10+00:00\" \/>\n<meta property=\"og:image\" content=\"https:\/\/dev.cafesnovell.com\/wp-content\/uploads\/2019\/10\/logo_cdti-300x46-300x46.jpg\" \/>\n<meta name=\"twitter:card\" content=\"summary_large_image\" \/>\n<meta name=\"twitter:label1\" content=\"Temps estimat de lectura\" \/>\n\t<meta name=\"twitter:data1\" content=\"1 minut\" \/>\n<script type=\"application\/ld+json\" class=\"yoast-schema-graph\">{\"@context\":\"https:\/\/schema.org\",\"@graph\":[{\"@type\":\"WebPage\",\"@id\":\"https:\/\/dev.cafesnovell.com\/ca\/coneix-nos\/certificats-i-premis\/cdti\/\",\"url\":\"https:\/\/dev.cafesnovell.com\/ca\/coneix-nos\/certificats-i-premis\/cdti\/\",\"name\":\"CDTI - Caf\u00e8s Novell\",\"isPartOf\":{\"@id\":\"https:\/\/dev.cafesnovell.com\/ca\/#website\"},\"primaryImageOfPage\":{\"@id\":\"https:\/\/dev.cafesnovell.com\/ca\/coneix-nos\/certificats-i-premis\/cdti\/#primaryimage\"},\"image\":{\"@id\":\"https:\/\/dev.cafesnovell.com\/ca\/coneix-nos\/certificats-i-premis\/cdti\/#primaryimage\"},\"thumbnailUrl\":\"https:\/\/dev.cafesnovell.com\/wp-content\/uploads\/2019\/10\/logo_cdti-300x46-300x46.jpg\",\"datePublished\":\"2019-10-07T13:12:02+00:00\",\"dateModified\":\"2019-10-18T18:34:10+00:00\",\"breadcrumb\":{\"@id\":\"https:\/\/dev.cafesnovell.com\/ca\/coneix-nos\/certificats-i-premis\/cdti\/#breadcrumb\"},\"inLanguage\":\"ca\",\"potentialAction\":[{\"@type\":\"ReadAction\",\"target\":[\"https:\/\/dev.cafesnovell.com\/ca\/coneix-nos\/certificats-i-premis\/cdti\/\"]}]},{\"@type\":\"ImageObject\",\"inLanguage\":\"ca\",\"@id\":\"https:\/\/dev.cafesnovell.com\/ca\/coneix-nos\/certificats-i-premis\/cdti\/#primaryimage\",\"url\":\"https:\/\/dev.cafesnovell.com\/wp-content\/uploads\/2019\/10\/logo_cdti-300x46-300x46.jpg\",\"contentUrl\":\"https:\/\/dev.cafesnovell.com\/wp-content\/uploads\/2019\/10\/logo_cdti-300x46-300x46.jpg\"},{\"@type\":\"BreadcrumbList\",\"@id\":\"https:\/\/dev.cafesnovell.com\/ca\/coneix-nos\/certificats-i-premis\/cdti\/#breadcrumb\",\"itemListElement\":[{\"@type\":\"ListItem\",\"position\":1,\"name\":\"Inici\",\"item\":\"https:\/\/dev.cafesnovell.com\/ca\/\"},{\"@type\":\"ListItem\",\"position\":2,\"name\":\"Coneix-nos\",\"item\":\"https:\/\/dev.cafesnovell.com\/ca\/conocenos\/\"},{\"@type\":\"ListItem\",\"position\":3,\"name\":\"Certificats i Premis\",\"item\":\"https:\/\/dev.cafesnovell.com\/ca\/conocenos\/certificados-y-premios\/\"},{\"@type\":\"ListItem\",\"position\":4,\"name\":\"CDTI\"}]},{\"@type\":\"WebSite\",\"@id\":\"https:\/\/dev.cafesnovell.com\/ca\/#website\",\"url\":\"https:\/\/dev.cafesnovell.com\/ca\/\",\"name\":\"Caf\u00e8s Novell\",\"description\":\"Organic Premium Coffee\",\"potentialAction\":[{\"@type\":\"SearchAction\",\"target\":{\"@type\":\"EntryPoint\",\"urlTemplate\":\"https:\/\/dev.cafesnovell.com\/ca\/?s={search_term_string}\"},\"query-input\":{\"@type\":\"PropertyValueSpecification\",\"valueRequired\":true,\"valueName\":\"search_term_string\"}}],\"inLanguage\":\"ca\"}]}<\/script>\n<!-- \/ Yoast SEO plugin. -->","yoast_head_json":{"title":"CDTI - Caf\u00e8s Novell","robots":{"index":"noindex","follow":"follow","max-snippet":"max-snippet:-1","max-image-preview":"max-image-preview:large","max-video-preview":"max-video-preview:-1"},"og_locale":"ca_ES","og_type":"article","og_title":"CDTI - Caf\u00e8s Novell","og_description":"[vc_section][vc_row fullwidth=&#8221;true&#8221; css=&#8221;.vc_custom_1564133394504{background-image: url(http:\/\/cafesnovell.com\/wp-content\/uploads\/2019\/07\/header.png?id=435) !important;background-position: center !important;background-repeat: no-repeat !important;background-size: cover !important;}&#8221;][vc_column width=&#8221;1\/4&#8243; css=&#8221;.vc_custom_1569404393771{margin-bottom: 30px !important;margin-left: 50px !important;padding-top: 50px !important;padding-right: 0px !important;}&#8221; offset=&#8221;vc_col-lg-5 vc_col-md-5&#8243;][vc_column_text css=&#8221;.vc_custom_1564747464370{margin-bottom: 0px !important;}&#8221;]CERTIFICATS I PREMIS[\/vc_column_text][\/vc_column][vc_column width=&#8221;1\/4&#8243;][\/vc_column][vc_column width=&#8221;1\/4&#8243;][\/vc_column][\/vc_row][\/vc_section][vc_section full_width=&#8221;stretch_row&#8221; el_class=&#8221;section-text&#8221; css=&#8221;.vc_custom_1564134101954{padding-top: 80px !important;}&#8221;][vc_row][vc_column][vc_column_text css=&#8221;.vc_custom_1571423637141{margin-bottom: 0px !important;}&#8221;]El consell d&#8217;administraci\u00f3 del CENTRE PER AL DESENVOLUPAMENT TECNOL\u00d2GIC INDUSTRIAL (CDTI), en la reuni\u00f3 celebrada el 2019.02.28, va [&hellip;]","og_url":"https:\/\/dev.cafesnovell.com\/ca\/coneix-nos\/certificats-i-premis\/cdti\/","og_site_name":"Caf\u00e8s Novell","article_modified_time":"2019-10-18T18:34:10+00:00","og_image":[{"url":"https:\/\/dev.cafesnovell.com\/wp-content\/uploads\/2019\/10\/logo_cdti-300x46-300x46.jpg","type":"","width":"","height":""}],"twitter_card":"summary_large_image","twitter_misc":{"Temps estimat de lectura":"1 minut"},"schema":{"@context":"https:\/\/schema.org","@graph":[{"@type":"WebPage","@id":"https:\/\/dev.cafesnovell.com\/ca\/coneix-nos\/certificats-i-premis\/cdti\/","url":"https:\/\/dev.cafesnovell.com\/ca\/coneix-nos\/certificats-i-premis\/cdti\/","name":"CDTI - Caf\u00e8s Novell","isPartOf":{"@id":"https:\/\/dev.cafesnovell.com\/ca\/#website"},"primaryImageOfPage":{"@id":"https:\/\/dev.cafesnovell.com\/ca\/coneix-nos\/certificats-i-premis\/cdti\/#primaryimage"},"image":{"@id":"https:\/\/dev.cafesnovell.com\/ca\/coneix-nos\/certificats-i-premis\/cdti\/#primaryimage"},"thumbnailUrl":"https:\/\/dev.cafesnovell.com\/wp-content\/uploads\/2019\/10\/logo_cdti-300x46-300x46.jpg","datePublished":"2019-10-07T13:12:02+00:00","dateModified":"2019-10-18T18:34:10+00:00","breadcrumb":{"@id":"https:\/\/dev.cafesnovell.com\/ca\/coneix-nos\/certificats-i-premis\/cdti\/#breadcrumb"},"inLanguage":"ca","potentialAction":[{"@type":"ReadAction","target":["https:\/\/dev.cafesnovell.com\/ca\/coneix-nos\/certificats-i-premis\/cdti\/"]}]},{"@type":"ImageObject","inLanguage":"ca","@id":"https:\/\/dev.cafesnovell.com\/ca\/coneix-nos\/certificats-i-premis\/cdti\/#primaryimage","url":"https:\/\/dev.cafesnovell.com\/wp-content\/uploads\/2019\/10\/logo_cdti-300x46-300x46.jpg","contentUrl":"https:\/\/dev.cafesnovell.com\/wp-content\/uploads\/2019\/10\/logo_cdti-300x46-300x46.jpg"},{"@type":"BreadcrumbList","@id":"https:\/\/dev.cafesnovell.com\/ca\/coneix-nos\/certificats-i-premis\/cdti\/#breadcrumb","itemListElement":[{"@type":"ListItem","position":1,"name":"Inici","item":"https:\/\/dev.cafesnovell.com\/ca\/"},{"@type":"ListItem","position":2,"name":"Coneix-nos","item":"https:\/\/dev.cafesnovell.com\/ca\/conocenos\/"},{"@type":"ListItem","position":3,"name":"Certificats i Premis","item":"https:\/\/dev.cafesnovell.com\/ca\/conocenos\/certificados-y-premios\/"},{"@type":"ListItem","position":4,"name":"CDTI"}]},{"@type":"WebSite","@id":"https:\/\/dev.cafesnovell.com\/ca\/#website","url":"https:\/\/dev.cafesnovell.com\/ca\/","name":"Caf\u00e8s Novell","description":"Organic Premium Coffee","potentialAction":[{"@type":"SearchAction","target":{"@type":"EntryPoint","urlTemplate":"https:\/\/dev.cafesnovell.com\/ca\/?s={search_term_string}"},"query-input":{"@type":"PropertyValueSpecification","valueRequired":true,"valueName":"search_term_string"}}],"inLanguage":"ca"}]}},"_links":{"self":[{"href":"https:\/\/dev.cafesnovell.com\/ca\/wp-json\/wp\/v2\/pages\/7511","targetHints":{"allow":["GET"]}}],"collection":[{"href":"https:\/\/dev.cafesnovell.com\/ca\/wp-json\/wp\/v2\/pages"}],"about":[{"href":"https:\/\/dev.cafesnovell.com\/ca\/wp-json\/wp\/v2\/types\/page"}],"author":[{"embeddable":true,"href":"https:\/\/dev.cafesnovell.com\/ca\/wp-json\/wp\/v2\/users\/1"}],"replies":[{"embeddable":true,"href":"https:\/\/dev.cafesnovell.com\/ca\/wp-json\/wp\/v2\/comments?post=7511"}],"version-history":[{"count":0,"href":"https:\/\/dev.cafesnovell.com\/ca\/wp-json\/wp\/v2\/pages\/7511\/revisions"}],"up":[{"embeddable":true,"href":"https:\/\/dev.cafesnovell.com\/ca\/wp-json\/wp\/v2\/pages\/8546"}],"wp:attachment":[{"href":"https:\/\/dev.cafesnovell.com\/ca\/wp-json\/wp\/v2\/media?parent=7511"}],"curies":[{"name":"wp","href":"https:\/\/api.w.org\/{rel}","templated":true}]}}