{"id":8546,"date":"2019-07-26T09:25:07","date_gmt":"2019-07-26T09:25:07","guid":{"rendered":"https:\/\/cafesnovell.com\/conocenos\/certificados-y-premios\/"},"modified":"2022-01-13T11:23:22","modified_gmt":"2022-01-13T09:23:22","slug":"certificats-i-premis","status":"publish","type":"page","link":"https:\/\/dev.cafesnovell.com\/ca\/coneix-nos\/certificats-i-premis\/","title":{"rendered":"Certificats i Premis"},"content":{"rendered":"<div class=\"wpb-content-wrapper\">[vc_section][vc_row fullwidth=&#8221;true&#8221; css=&#8221;.vc_custom_1570695262083{background-image: url(https:\/\/dev.cafesnovell.com\/wp-content\/uploads\/2019\/10\/header.jpg?id=6634) !important;background-position: center !important;background-repeat: no-repeat !important;background-size: cover !important;}&#8221;][vc_column width=&#8221;1\/4&#8243; css=&#8221;.vc_custom_1569404393771{margin-bottom: 30px !important;margin-left: 50px !important;padding-top: 50px !important;padding-right: 0px !important;}&#8221; offset=&#8221;vc_col-lg-5 vc_col-md-5&#8243;][vc_column_text css=&#8221;.vc_custom_1564747464370{margin-bottom: 0px !important;}&#8221;]CERTIFICATS I\u00a0 PREMIS[\/vc_column_text][\/vc_column][vc_column width=&#8221;1\/4&#8243;][\/vc_column][vc_column width=&#8221;1\/4&#8243;][\/vc_column][\/vc_row][\/vc_section][vc_section full_width=&#8221;stretch_row&#8221; el_class=&#8221;section-text&#8221; css=&#8221;.vc_custom_1564134101954{padding-top: 80px !important;}&#8221;][vc_row][vc_column][vc_column_text css=&#8221;.vc_custom_1642065618841{margin-bottom: 0px !important;}&#8221;]Quan parlem del \u201cplaer responsable\u201d parlem de tota una filosofia d\u2019empresa que es fa realitat a trav\u00e9s de la nostra pol\u00edtica de Responsabilitat Social Empresarial. Aquesta actitud i manera de fer les coses ens ha portat a aconseguir nombrosos certificats i premis que avalen la sostenibilitat de tots els nostres processos.<\/p>\n<p>La nostra alian\u00e7a amb Rainforest Alliance i Fairtrade, les dues entitats mundials que acrediten la producci\u00f3 global de caf\u00e8 responsable, es posa en pr\u00e0ctica en tot el proc\u00e9s de producci\u00f3 del nostre caf\u00e8:[\/vc_column_text][\/vc_column][\/vc_row][vc_row css=&#8221;.vc_custom_1568019575148{padding-top: 10px !important;padding-bottom: 20px !important;}&#8221;][vc_column][vc_column_text css=&#8221;.vc_custom_1566898996426{margin-bottom: 0px !important;}&#8221;]\n<ul>\n<li><strong>Control de tot el proc\u00e9s d\u2019elaboraci\u00f3.<\/strong><\/li>\n<li><strong>Codi de conducta que implica normes econ\u00f2miques, socials i ambientals.<\/strong><\/li>\n<li><strong>Garantir un sou just pels treballadors i productors.<\/strong><\/li>\n<\/ul>\n[\/vc_column_text][\/vc_column][\/vc_row][vc_row][vc_column][vc_column_text css=&#8221;.vc_custom_1574163820383{margin-bottom: 0px !important;}&#8221;]A m\u00e9s, tamb\u00e9 comptem amb la Certificaci\u00f3 de Qualitat ISO 9001 en el nostre centre productiu a Vilafranca del Pened\u00e8s i a la Delegaci\u00f3 Comercial de Barcelona. Aquests s\u00f3n els certificats i premis dels quals ens sentim m\u00e9s orgullosos:[\/vc_column_text][\/vc_column][\/vc_row][vc_row css=&#8221;.vc_custom_1568019281961{padding-top: 21px !important;padding-bottom: 61px !important;}&#8221; el_class=&#8221;iconos&#8221;][vc_column width=&#8221;1\/2&#8243; css=&#8221;.vc_custom_1568019478504{margin-right: 0px !important;padding-right: 0px !important;}&#8221;][vc_single_image image=&#8221;63257&#8243; img_size=&#8221;full&#8221; alignment=&#8221;center&#8221; onclick=&#8221;custom_link&#8221; img_link_target=&#8221;_blank&#8221; link=&#8221;https:\/\/www.rainforest-alliance.org\/&#8221;][vc_single_image image=&#8221;6689&#8243; img_size=&#8221;full&#8221; alignment=&#8221;center&#8221; onclick=&#8221;custom_link&#8221; img_link_target=&#8221;_blank&#8221; link=&#8221;https:\/\/www.fairtrade.net\/&#8221;][vc_single_image image=&#8221;6693&#8243; img_size=&#8221;full&#8221; alignment=&#8221;center&#8221; onclick=&#8221;custom_link&#8221; img_link_target=&#8221;_blank&#8221; link=&#8221;https:\/\/ec.europa.eu\/info\/food-farming-fisheries\/farming\/organic-farming&#8221;][vc_single_image image=&#8221;6697&#8243; img_size=&#8221;full&#8221; alignment=&#8221;center&#8221; onclick=&#8221;custom_link&#8221; img_link_target=&#8221;_blank&#8221; link=&#8221;https:\/\/www.usda.gov\/topics\/organic&#8221;][vc_single_image image=&#8221;6705&#8243; img_size=&#8221;full&#8221; alignment=&#8221;center&#8221; onclick=&#8221;custom_link&#8221; link=&#8221;?page_id=6267&#8243;][mk_padding_divider size=&#8221;45&#8243; visibility=&#8221;visible-sm&#8221;][\/vc_column][vc_column width=&#8221;1\/6&#8243; css=&#8221;.vc_custom_1604949087371{margin-right: 0px !important;margin-left: 0px !important;border-right-width: 0px !important;padding-right: 0px !important;padding-left: 0px !important;}&#8221;][mk_image src=&#8221;https:\/\/dev.cafesnovell.com\/wp-content\/uploads\/2020\/11\/certificat-iso-1_mesa-de-trabajo-1-1.jpg&#8221; margin_bottom=&#8221;0&#8243;][\/vc_column][vc_column width=&#8221;1\/6&#8243; css=&#8221;.vc_custom_1604949098799{margin-right: 0px !important;margin-left: 0px !important;border-right-width: 0px !important;border-left-width: 0px !important;padding-right: 0px !important;padding-left: 0px !important;}&#8221;][mk_image src=&#8221;https:\/\/dev.cafesnovell.com\/wp-content\/uploads\/2020\/11\/certificat-iso-5_mesa-de-trabajo-1.jpg&#8221; margin_bottom=&#8221;0&#8243;][\/vc_column][vc_column width=&#8221;1\/6&#8243; css=&#8221;.vc_custom_1604949106779{margin-right: 0px !important;margin-left: 0px !important;border-right-width: 0px !important;border-left-width: 0px !important;padding-right: 0px !important;padding-left: 0px !important;}&#8221;][mk_image src=&#8221;https:\/\/dev.cafesnovell.com\/wp-content\/uploads\/2020\/11\/certificat-6_mesa-de-trabajo-1.jpg&#8221; margin_bottom=&#8221;0&#8243;][\/vc_column][\/vc_row][\/vc_section]\n<\/div>","protected":false},"excerpt":{"rendered":"<p>[vc_section][vc_row fullwidth=&#8221;true&#8221; css=&#8221;.vc_custom_1570695262083{background-image: url(https:\/\/dev.cafesnovell.com\/wp-content\/uploads\/2019\/10\/header.jpg?id=6634) !important;background-position: center !important;background-repeat: no-repeat !important;background-size: cover !important;}&#8221;][vc_column width=&#8221;1\/4&#8243; css=&#8221;.vc_custom_1569404393771{margin-bottom: 30px !important;margin-left: 50px !important;padding-top: 50px !important;padding-right: 0px !important;}&#8221; offset=&#8221;vc_col-lg-5 vc_col-md-5&#8243;][vc_column_text css=&#8221;.vc_custom_1564747464370{margin-bottom: 0px !important;}&#8221;]CERTIFICATS I\u00a0 PREMIS[\/vc_column_text][\/vc_column][vc_column width=&#8221;1\/4&#8243;][\/vc_column][vc_column width=&#8221;1\/4&#8243;][\/vc_column][\/vc_row][\/vc_section][vc_section full_width=&#8221;stretch_row&#8221; el_class=&#8221;section-text&#8221; css=&#8221;.vc_custom_1564134101954{padding-top: 80px !important;}&#8221;][vc_row][vc_column][vc_column_text css=&#8221;.vc_custom_1642065618841{margin-bottom: 0px !important;}&#8221;]Quan parlem del \u201cplaer responsable\u201d parlem de tota una filosofia d\u2019empresa que es fa realitat a trav\u00e9s de [&hellip;]<\/p>\n","protected":false},"author":1,"featured_media":0,"parent":7820,"menu_order":0,"comment_status":"closed","ping_status":"closed","template":"","meta":{"_acf_changed":false,"content-type":"","footnotes":""},"class_list":["post-8546","page","type-page","status-publish","hentry"],"acf":[],"yoast_head":"<!-- This site is optimized with the Yoast SEO plugin v27.0 - https:\/\/yoast.com\/product\/yoast-seo-wordpress\/ -->\n<title>Certificats i Premis - Caf\u00e8s Novell<\/title>\n<meta name=\"description\" content=\"Caf\u00e8s Novell. Certificados y premios a \u201cEl placer responsable\u201d una filosof\u00eda de compa\u00f1\u00eda que se hace realidad a trav\u00e9s de nuestra pol\u00edtica de Responsabilidad Social Empresarial. Esta actitud y manera de hacer las cosas nos ha llevado a conseguir numerosos certificados y premios que avalan la sostenibilidad de todos nuestros procesos. UTZ Certifies, Fairtrade, Food Farming, USDA Organic\" \/>\n<meta name=\"robots\" content=\"noindex, follow, max-snippet:-1, max-image-preview:large, max-video-preview:-1\" \/>\n<meta property=\"og:locale\" content=\"ca_ES\" \/>\n<meta property=\"og:type\" content=\"article\" \/>\n<meta property=\"og:title\" content=\"Certificats i Premis - Caf\u00e8s Novell\" \/>\n<meta property=\"og:description\" content=\"Caf\u00e8s Novell. Certificados y premios a \u201cEl placer responsable\u201d una filosof\u00eda de compa\u00f1\u00eda que se hace realidad a trav\u00e9s de nuestra pol\u00edtica de Responsabilidad Social Empresarial. Esta actitud y manera de hacer las cosas nos ha llevado a conseguir numerosos certificados y premios que avalan la sostenibilidad de todos nuestros procesos. UTZ Certifies, Fairtrade, Food Farming, USDA Organic\" \/>\n<meta property=\"og:url\" content=\"https:\/\/dev.cafesnovell.com\/ca\/coneix-nos\/certificats-i-premis\/\" \/>\n<meta property=\"og:site_name\" content=\"Caf\u00e8s Novell\" \/>\n<meta property=\"article:modified_time\" content=\"2022-01-13T09:23:22+00:00\" \/>\n<meta name=\"twitter:card\" content=\"summary_large_image\" \/>\n<meta name=\"twitter:label1\" content=\"Temps estimat de lectura\" \/>\n\t<meta name=\"twitter:data1\" content=\"3 minuts\" \/>\n<script type=\"application\/ld+json\" class=\"yoast-schema-graph\">{\"@context\":\"https:\/\/schema.org\",\"@graph\":[{\"@type\":\"WebPage\",\"@id\":\"https:\/\/dev.cafesnovell.com\/ca\/coneix-nos\/certificats-i-premis\/\",\"url\":\"https:\/\/dev.cafesnovell.com\/ca\/coneix-nos\/certificats-i-premis\/\",\"name\":\"Certificats i Premis - Caf\u00e8s Novell\",\"isPartOf\":{\"@id\":\"https:\/\/dev.cafesnovell.com\/ca\/#website\"},\"datePublished\":\"2019-07-26T09:25:07+00:00\",\"dateModified\":\"2022-01-13T09:23:22+00:00\",\"description\":\"Caf\u00e8s Novell. Certificados y premios a \u201cEl placer responsable\u201d una filosof\u00eda de compa\u00f1\u00eda que se hace realidad a trav\u00e9s de nuestra pol\u00edtica de Responsabilidad Social Empresarial. Esta actitud y manera de hacer las cosas nos ha llevado a conseguir numerosos certificados y premios que avalan la sostenibilidad de todos nuestros procesos. UTZ Certifies, Fairtrade, Food Farming, USDA Organic\",\"breadcrumb\":{\"@id\":\"https:\/\/dev.cafesnovell.com\/ca\/coneix-nos\/certificats-i-premis\/#breadcrumb\"},\"inLanguage\":\"ca\",\"potentialAction\":[{\"@type\":\"ReadAction\",\"target\":[\"https:\/\/dev.cafesnovell.com\/ca\/coneix-nos\/certificats-i-premis\/\"]}]},{\"@type\":\"BreadcrumbList\",\"@id\":\"https:\/\/dev.cafesnovell.com\/ca\/coneix-nos\/certificats-i-premis\/#breadcrumb\",\"itemListElement\":[{\"@type\":\"ListItem\",\"position\":1,\"name\":\"Inici\",\"item\":\"https:\/\/dev.cafesnovell.com\/ca\/\"},{\"@type\":\"ListItem\",\"position\":2,\"name\":\"Coneix-nos\",\"item\":\"https:\/\/dev.cafesnovell.com\/ca\/conocenos\/\"},{\"@type\":\"ListItem\",\"position\":3,\"name\":\"Certificats i Premis\"}]},{\"@type\":\"WebSite\",\"@id\":\"https:\/\/dev.cafesnovell.com\/ca\/#website\",\"url\":\"https:\/\/dev.cafesnovell.com\/ca\/\",\"name\":\"Caf\u00e8s Novell\",\"description\":\"Organic Premium Coffee\",\"potentialAction\":[{\"@type\":\"SearchAction\",\"target\":{\"@type\":\"EntryPoint\",\"urlTemplate\":\"https:\/\/dev.cafesnovell.com\/ca\/?s={search_term_string}\"},\"query-input\":{\"@type\":\"PropertyValueSpecification\",\"valueRequired\":true,\"valueName\":\"search_term_string\"}}],\"inLanguage\":\"ca\"}]}<\/script>\n<!-- \/ Yoast SEO plugin. -->","yoast_head_json":{"title":"Certificats i Premis - Caf\u00e8s Novell","description":"Caf\u00e8s Novell. Certificados y premios a \u201cEl placer responsable\u201d una filosof\u00eda de compa\u00f1\u00eda que se hace realidad a trav\u00e9s de nuestra pol\u00edtica de Responsabilidad Social Empresarial. Esta actitud y manera de hacer las cosas nos ha llevado a conseguir numerosos certificados y premios que avalan la sostenibilidad de todos nuestros procesos. UTZ Certifies, Fairtrade, Food Farming, USDA Organic","robots":{"index":"noindex","follow":"follow","max-snippet":"max-snippet:-1","max-image-preview":"max-image-preview:large","max-video-preview":"max-video-preview:-1"},"og_locale":"ca_ES","og_type":"article","og_title":"Certificats i Premis - Caf\u00e8s Novell","og_description":"Caf\u00e8s Novell. Certificados y premios a \u201cEl placer responsable\u201d una filosof\u00eda de compa\u00f1\u00eda que se hace realidad a trav\u00e9s de nuestra pol\u00edtica de Responsabilidad Social Empresarial. Esta actitud y manera de hacer las cosas nos ha llevado a conseguir numerosos certificados y premios que avalan la sostenibilidad de todos nuestros procesos. UTZ Certifies, Fairtrade, Food Farming, USDA Organic","og_url":"https:\/\/dev.cafesnovell.com\/ca\/coneix-nos\/certificats-i-premis\/","og_site_name":"Caf\u00e8s Novell","article_modified_time":"2022-01-13T09:23:22+00:00","twitter_card":"summary_large_image","twitter_misc":{"Temps estimat de lectura":"3 minuts"},"schema":{"@context":"https:\/\/schema.org","@graph":[{"@type":"WebPage","@id":"https:\/\/dev.cafesnovell.com\/ca\/coneix-nos\/certificats-i-premis\/","url":"https:\/\/dev.cafesnovell.com\/ca\/coneix-nos\/certificats-i-premis\/","name":"Certificats i Premis - Caf\u00e8s Novell","isPartOf":{"@id":"https:\/\/dev.cafesnovell.com\/ca\/#website"},"datePublished":"2019-07-26T09:25:07+00:00","dateModified":"2022-01-13T09:23:22+00:00","description":"Caf\u00e8s Novell. Certificados y premios a \u201cEl placer responsable\u201d una filosof\u00eda de compa\u00f1\u00eda que se hace realidad a trav\u00e9s de nuestra pol\u00edtica de Responsabilidad Social Empresarial. Esta actitud y manera de hacer las cosas nos ha llevado a conseguir numerosos certificados y premios que avalan la sostenibilidad de todos nuestros procesos. UTZ Certifies, Fairtrade, Food Farming, USDA Organic","breadcrumb":{"@id":"https:\/\/dev.cafesnovell.com\/ca\/coneix-nos\/certificats-i-premis\/#breadcrumb"},"inLanguage":"ca","potentialAction":[{"@type":"ReadAction","target":["https:\/\/dev.cafesnovell.com\/ca\/coneix-nos\/certificats-i-premis\/"]}]},{"@type":"BreadcrumbList","@id":"https:\/\/dev.cafesnovell.com\/ca\/coneix-nos\/certificats-i-premis\/#breadcrumb","itemListElement":[{"@type":"ListItem","position":1,"name":"Inici","item":"https:\/\/dev.cafesnovell.com\/ca\/"},{"@type":"ListItem","position":2,"name":"Coneix-nos","item":"https:\/\/dev.cafesnovell.com\/ca\/conocenos\/"},{"@type":"ListItem","position":3,"name":"Certificats i Premis"}]},{"@type":"WebSite","@id":"https:\/\/dev.cafesnovell.com\/ca\/#website","url":"https:\/\/dev.cafesnovell.com\/ca\/","name":"Caf\u00e8s Novell","description":"Organic Premium Coffee","potentialAction":[{"@type":"SearchAction","target":{"@type":"EntryPoint","urlTemplate":"https:\/\/dev.cafesnovell.com\/ca\/?s={search_term_string}"},"query-input":{"@type":"PropertyValueSpecification","valueRequired":true,"valueName":"search_term_string"}}],"inLanguage":"ca"}]}},"_links":{"self":[{"href":"https:\/\/dev.cafesnovell.com\/ca\/wp-json\/wp\/v2\/pages\/8546","targetHints":{"allow":["GET"]}}],"collection":[{"href":"https:\/\/dev.cafesnovell.com\/ca\/wp-json\/wp\/v2\/pages"}],"about":[{"href":"https:\/\/dev.cafesnovell.com\/ca\/wp-json\/wp\/v2\/types\/page"}],"author":[{"embeddable":true,"href":"https:\/\/dev.cafesnovell.com\/ca\/wp-json\/wp\/v2\/users\/1"}],"replies":[{"embeddable":true,"href":"https:\/\/dev.cafesnovell.com\/ca\/wp-json\/wp\/v2\/comments?post=8546"}],"version-history":[{"count":0,"href":"https:\/\/dev.cafesnovell.com\/ca\/wp-json\/wp\/v2\/pages\/8546\/revisions"}],"up":[{"embeddable":true,"href":"https:\/\/dev.cafesnovell.com\/ca\/wp-json\/wp\/v2\/pages\/7820"}],"wp:attachment":[{"href":"https:\/\/dev.cafesnovell.com\/ca\/wp-json\/wp\/v2\/media?parent=8546"}],"curies":[{"name":"wp","href":"https:\/\/api.w.org\/{rel}","templated":true}]}}