{"id":8665,"date":"2019-07-26T07:15:13","date_gmt":"2019-07-26T07:15:13","guid":{"rendered":"https:\/\/cafesnovell.com\/conocenos\/novell-al-mon-2\/"},"modified":"2023-07-26T12:46:40","modified_gmt":"2023-07-26T10:46:40","slug":"novell-al-mon","status":"publish","type":"page","link":"https:\/\/dev.cafesnovell.com\/ca\/coneix-nos\/novell-al-mon\/","title":{"rendered":"Novell al M\u00f3n"},"content":{"rendered":"<div class=\"wpb-content-wrapper\">[vc_section full_width=&#8221;stretch_row&#8221; css=&#8221;.vc_custom_1570693389116{background-image: url(https:\/\/dev.cafesnovell.com\/wp-content\/uploads\/2019\/10\/header.jpg?id=6634) !important;background-position: center !important;background-repeat: no-repeat !important;background-size: cover !important;}&#8221;][vc_row fullwidth=&#8221;true&#8221;][vc_column width=&#8221;1\/6&#8243; el_class=&#8221;trabaja&#8221; css=&#8221;.vc_custom_1569404292250{margin-bottom: 30px !important;margin-left: 50px !important;padding-top: 25px !important;padding-right: 0px !important;}&#8221; offset=&#8221;vc_col-lg-2 vc_col-md-4&#8243;][vc_column_text css=&#8221;.vc_custom_1567417840562{margin-bottom: 0px !important;}&#8221;]NOVELL<br \/>\nAL M\u00d3N[\/vc_column_text][\/vc_column][vc_column width=&#8221;1\/12&#8243;][\/vc_column][vc_column width=&#8221;1\/4&#8243;][\/vc_column][vc_column width=&#8221;1\/4&#8243;][\/vc_column][vc_column width=&#8221;1\/4&#8243;][\/vc_column][\/vc_row][\/vc_section][vc_section full_width=&#8221;stretch_row&#8221; el_class=&#8221;section-text&#8221;][vc_row][vc_column][vc_column_text css=&#8221;.vc_custom_1571404588670{margin-bottom: 0px !important;}&#8221;]L\u2019expansi\u00f3 territorial de Caf\u00e8s Novell va comen\u00e7ar fa m\u00e9s de vint anys i en l\u2019actualitat estem presents a diferents mercats internacionals, ja sigui amb <strong>delegacions pr\u00f2pies<\/strong>, <em><strong>joint ventures<\/strong> <\/em>o a trav\u00e9s de <strong>distribu\u00efdors<\/strong>.<\/p>\n<p>L\u2019epicentre principal del caf\u00e8 a Europa, It\u00e0lia, va ser el nostre primer dest\u00ed. Un mercat madur on els nostres caf\u00e8s i el seu bouquet i perfil arom\u00e0tic caracter\u00edstic ens han perm\u00e8s obrir-nos r\u00e0pidament les portes.[\/vc_column_text][\/vc_column][\/vc_row][\/vc_section][vc_section full_width=&#8221;stretch_row&#8221; css=&#8221;.vc_custom_1570693420898{background-image: url(https:\/\/dev.cafesnovell.com\/wp-content\/uploads\/2019\/10\/reino_unido.jpg?id=6653) !important;background-position: center !important;background-repeat: no-repeat !important;background-size: cover !important;}&#8221;][vc_row][vc_column css=&#8221;.vc_custom_1569859305938{margin-bottom: 25px !important;}&#8221; el_class=&#8221;info-container&#8221;][mk_padding_divider size=&#8221;543&#8243; visibility=&#8221;hidden-sm&#8221;][mk_padding_divider size=&#8221;130&#8243; visibility=&#8221;visible-sm&#8221;][vc_column_text css=&#8221;.vc_custom_1564127142236{margin-bottom: 0px !important;}&#8221;]REGNE UNIT[\/vc_column_text][\/vc_column][\/vc_row][\/vc_section][vc_section full_width=&#8221;stretch_row&#8221; el_class=&#8221;section-text&#8221;][vc_row][vc_column width=&#8221;1\/2&#8243;][vc_column_text css=&#8221;.vc_custom_1571404653252{margin-bottom: 0px !important;}&#8221;]La nostra delegaci\u00f3 t\u00e9 la seva <strong>seu a Londres<\/strong>, des d&#8217;on donem servei a la mateixa capital, a Manchester i a les principals ciutats de la zona de Yorkshire, com s\u00f3n Sheffield i Leeds.<\/p>\n<p>De la mateixa manera que en el mercat local, el nostre nivell de servei, l&#8217;atenci\u00f3 personalitzada i la qualitat del producte s\u00f3n els factors clau per a que els nostres clients a Regne Unit gaudeixin de la tassa perfecta.[\/vc_column_text][\/vc_column][vc_column width=&#8221;1\/2&#8243;][vc_column_text css=&#8221;.vc_custom_1570028820073{margin-bottom: 0px !important;}&#8221;]<strong>10 Carlos Place, Mayfair (London)<\/strong><\/p>\n<p>+44 (0) 800 157 7703[\/vc_column_text][\/vc_column][\/vc_row][\/vc_section][vc_section full_width=&#8221;stretch_row&#8221; css=&#8221;.vc_custom_1570693463997{background-image: url(https:\/\/dev.cafesnovell.com\/wp-content\/uploads\/2019\/10\/italiav2-1.jpg?id=6657) !important;background-position: center !important;background-repeat: no-repeat !important;background-size: cover !important;}&#8221;][vc_row][vc_column css=&#8221;.vc_custom_1569859494410{margin-bottom: 25px !important;}&#8221; el_class=&#8221;info-container&#8221;][mk_padding_divider size=&#8221;543&#8243; visibility=&#8221;hidden-sm&#8221;][mk_padding_divider size=&#8221;130&#8243; visibility=&#8221;visible-sm&#8221;][vc_column_text css=&#8221;.vc_custom_1564128489339{margin-bottom: 0px !important;}&#8221;]IT\u00c0LIA[\/vc_column_text][\/vc_column][\/vc_row][\/vc_section][vc_section full_width=&#8221;stretch_row&#8221; el_class=&#8221;section-text&#8221;][vc_row][vc_column width=&#8221;1\/2&#8243;][vc_column_text css=&#8221;.vc_custom_1570029226313{margin-bottom: 0px !important;}&#8221;]Des de la nostra <strong>delegaci\u00f3 a Mil\u00e0<\/strong> estem presents en tot el territori itali\u00e0, probablement el pa\u00eds on la cultura cafetera \u00e9s manifesta de manera m\u00e9s apassionada.<\/p>\n<p>L&#8217;excel\u00b7l\u00e8ncia en el producte i un servei diferenciat en el qual el nostre <em>Global Coffee Concept<\/em> \u00e9s el protagonista, s\u00f3n els trets que ens defineixen en aquest mercat tan important.[\/vc_column_text][\/vc_column][vc_column width=&#8221;1\/2&#8243;][vc_column_text css=&#8221;.vc_custom_1570028827489{margin-bottom: 0px !important;}&#8221;]<strong>Stradale Statale del Sempione, 283 (Pero)<\/strong><\/p>\n<p>+39 342 641 4338 \/ +39 873 93648[\/vc_column_text][\/vc_column][\/vc_row][\/vc_section][vc_section full_width=&#8221;stretch_row&#8221; css=&#8221;.vc_custom_1631706963509{background-image: url(https:\/\/dev.cafesnovell.com\/wp-content\/uploads\/2021\/09\/alemania-1.jpg?id=58872) !important;background-position: center !important;background-repeat: no-repeat !important;background-size: cover !important;}&#8221;][vc_row][vc_column css=&#8221;.vc_custom_1569859494410{margin-bottom: 25px !important;}&#8221; el_class=&#8221;info-container&#8221;][mk_padding_divider size=&#8221;543&#8243; visibility=&#8221;hidden-sm&#8221;][mk_padding_divider size=&#8221;500&#8243; visibility=&#8221;visible-sm&#8221;][vc_column_text css=&#8221;.vc_custom_1631706369395{margin-bottom: 0px !important;}&#8221;]ALEMANYA[\/vc_column_text][\/vc_column][\/vc_row][\/vc_section][vc_section full_width=&#8221;stretch_row&#8221; el_class=&#8221;section-text&#8221;][vc_row][vc_column width=&#8221;1\/2&#8243;][vc_column_text css=&#8221;.vc_custom_1631707108897{margin-bottom: 0px !important;}&#8221;]Estem presents en el mercat Alemany a trav\u00e9s del nostre partner <strong>KAFFEE+CO<\/strong>,<strong> amb seu a Kempten.<\/strong><\/p>\n<p>De la ma d&#8217;Esther i Ralf R\u00fcdiger i la seva llarga experi\u00e8ncia en el mercat alemany de caf\u00e8, treballem per a seduir nous paladars a trav\u00e9s de l&#8217;excel\u00b7l\u00e8ncia en el producte, la responsabilitat social i un servei diferenciat.[\/vc_column_text][\/vc_column][vc_column width=&#8221;1\/2&#8243;][vc_column_text css=&#8221;.vc_custom_1631706653860{margin-bottom: 0px !important;}&#8221;]<strong>Rosenau, 22<br \/>\nD-87437 Kempten<\/strong><\/p>\n<p>+49 (0)831 &#8211; 54 06 33 88<br \/>\ninfo@kaffee-co.de[\/vc_column_text][\/vc_column][\/vc_row][\/vc_section][vc_section full_width=&#8221;stretch_row&#8221; css=&#8221;.vc_custom_1570693496044{background-image: url(https:\/\/dev.cafesnovell.com\/wp-content\/uploads\/2019\/10\/usav2.jpg?id=6661) !important;background-position: center !important;background-repeat: no-repeat !important;background-size: cover !important;}&#8221;][vc_row][vc_column css=&#8221;.vc_custom_1569859586952{margin-bottom: 25px !important;}&#8221; el_class=&#8221;info-container&#8221;][mk_padding_divider size=&#8221;543&#8243; visibility=&#8221;hidden-sm&#8221;][mk_padding_divider size=&#8221;130&#8243; visibility=&#8221;visible-sm&#8221;][vc_column_text css=&#8221;.vc_custom_1564128869133{margin-bottom: 0px !important;}&#8221;]ESTATS UNITS[\/vc_column_text][\/vc_column][\/vc_row][\/vc_section][vc_section full_width=&#8221;stretch_row&#8221; el_class=&#8221;section-text&#8221;][vc_row][vc_column width=&#8221;1\/2&#8243;][vc_column_text css=&#8221;.vc_custom_1571404693035{margin-bottom: 0px !important;}&#8221;]En els darrers anys Caf\u00e8s Novell s\u2019ha establert als Estats Units, el major importador de caf\u00e8 del planeta, amb una delegaci\u00f3 pr\u00f2pia amb <strong>seu a Florida<\/strong>. Des d\u2019all\u00e0 servim a tots els distribu\u00efdors i clients que ja tenim en el mercat americ\u00e0.[\/vc_column_text][\/vc_column][vc_column width=&#8221;1\/2&#8243;][vc_column_text css=&#8221;.vc_custom_1570028835696{margin-bottom: 0px !important;}&#8221;]<strong>2655 S. Le Jeune Road, Suite 700-A, Coral Gables, Florida 33134<\/strong><\/p>\n<p>+34 902 104 079[\/vc_column_text][\/vc_column][\/vc_row][\/vc_section][vc_section full_width=&#8221;stretch_row&#8221; css=&#8221;.vc_custom_1570693525921{background-image: url(https:\/\/dev.cafesnovell.com\/wp-content\/uploads\/2019\/10\/chinav2.jpg?id=6665) !important;background-position: center !important;background-repeat: no-repeat !important;background-size: cover !important;}&#8221;][vc_row][vc_column css=&#8221;.vc_custom_1569859633947{margin-bottom: 25px !important;}&#8221; el_class=&#8221;info-container&#8221;][mk_padding_divider size=&#8221;543&#8243; visibility=&#8221;hidden-sm&#8221;][mk_padding_divider size=&#8221;130&#8243; visibility=&#8221;visible-sm&#8221;][vc_column_text css=&#8221;.vc_custom_1570028739483{margin-bottom: 0px !important;}&#8221;]HONG KONG[\/vc_column_text][\/vc_column][\/vc_row][\/vc_section][vc_section full_width=&#8221;stretch_row&#8221; el_class=&#8221;section-text&#8221;][vc_row][vc_column width=&#8221;1\/2&#8243;][vc_column_text css=&#8221;.vc_custom_1571404871050{margin-bottom: 0px !important;}&#8221;]\u00c0sia ha destacat en els darrers anys com un continent emergent en el consum de caf\u00e8 i on la consci\u00e8ncia sobre la qualitat del producte creix dia a dia.<\/p>\n<p>Amb l\u2019objectiu de comercialitzar els nostres productes i serveis en els mercats asi\u00e0tics, hem realitzat una associaci\u00f3 empresarial amb un grup local, amb el que tamb\u00e9 gestionem una <strong>xarxa de <em>coffee shops<\/em> pr\u00f2pia sota el nom Espuma.<\/strong>[\/vc_column_text][\/vc_column][vc_column width=&#8221;1\/2&#8243;][vc_column_text css=&#8221;.vc_custom_1570028845311{margin-bottom: 0px !important;}&#8221;]<strong>Shun Tak Center, 168-200 Connaught Road, Central (Hong Kong)<\/strong><\/p>\n<p>+852 3793 3328 \/ +852 3793 3368[\/vc_column_text][\/vc_column][\/vc_row][\/vc_section][vc_section full_width=&#8221;stretch_row&#8221; css=&#8221;.vc_custom_1564130162738{padding-top: 50px !important;padding-bottom: 50px !important;}&#8221;][vc_row el_class=&#8221;demana-info&#8221;][vc_column][vc_column_text css=&#8221;.vc_custom_1564129509186{margin-bottom: 0px !important;}&#8221;]SOL\u00b7LICITA INFORMACI\u00d3[\/vc_column_text][\/vc_column][\/vc_row][vc_row][vc_column]\n<div class=\"wpcf7 no-js\" id=\"wpcf7-f8878-o1\" lang=\"es-ES\" dir=\"ltr\" data-wpcf7-id=\"8878\">\n<div class=\"screen-reader-response\"><p role=\"status\" aria-live=\"polite\" aria-atomic=\"true\"><\/p> <ul><\/ul><\/div>\n<form action=\"\/ca\/wp-json\/wp\/v2\/pages\/8665#wpcf7-f8878-o1\" method=\"post\" class=\"wpcf7-form init\" aria-label=\"Formulario de contacto\" novalidate=\"novalidate\" data-status=\"init\">\n<fieldset class=\"hidden-fields-container\"><input type=\"hidden\" name=\"_wpcf7\" value=\"8878\" \/><input type=\"hidden\" name=\"_wpcf7_version\" value=\"6.1.5\" \/><input type=\"hidden\" name=\"_wpcf7_locale\" value=\"es_ES\" \/><input type=\"hidden\" name=\"_wpcf7_unit_tag\" value=\"wpcf7-f8878-o1\" \/><input type=\"hidden\" name=\"_wpcf7_container_post\" value=\"0\" \/><input type=\"hidden\" name=\"_wpcf7_posted_data_hash\" value=\"\" \/><input type=\"hidden\" name=\"_wpcf7_recaptcha_response\" value=\"\" \/>\n<\/fieldset>\n<div class=\"input-container\">\n\t<p><span class=\"wpcf7-form-control-wrap\" data-name=\"sm-properties1\"><input size=\"40\" maxlength=\"400\" class=\"wpcf7-form-control wpcf7-text wpcf7-validates-as-required\" aria-required=\"true\" aria-invalid=\"false\" placeholder=\"NOM\" value=\"\" type=\"text\" name=\"sm-properties1\" \/><\/span>\n\t<\/p>\n\t<p><span class=\"wpcf7-form-control-wrap\" data-name=\"sm-properties2\"><input size=\"40\" maxlength=\"400\" class=\"wpcf7-form-control wpcf7-text wpcf7-validates-as-required\" aria-required=\"true\" aria-invalid=\"false\" placeholder=\"COGNOMS\" value=\"\" type=\"text\" name=\"sm-properties2\" \/><\/span>\n\t<\/p>\n<input class=\"wpcf7-form-control wpcf7-hidden\" value=\"Nom Ocult\" type=\"hidden\" name=\"sm-name\" \/>\n\t<p><span class=\"wpcf7-form-control-wrap\" data-name=\"sm-email\"><input size=\"40\" maxlength=\"400\" class=\"wpcf7-form-control wpcf7-email wpcf7-validates-as-required wpcf7-text wpcf7-validates-as-email\" aria-required=\"true\" aria-invalid=\"false\" placeholder=\"EMAIL\" value=\"\" type=\"email\" name=\"sm-email\" \/><\/span>\n\t<\/p>\n<\/div>\n<div class=\"second-input-container\">\n\t<p><span class=\"wpcf7-form-control-wrap\" data-name=\"sm-company\"><input size=\"40\" maxlength=\"400\" class=\"wpcf7-form-control wpcf7-text\" aria-invalid=\"false\" placeholder=\"NOM DE L&#039;EMPRESA\" value=\"\" type=\"text\" name=\"sm-company\" \/><\/span>\n\t<\/p>\n\t<p><span class=\"wpcf7-form-control-wrap\" data-name=\"sm-phone\"><input size=\"40\" maxlength=\"400\" class=\"wpcf7-form-control wpcf7-tel wpcf7-validates-as-required wpcf7-text wpcf7-validates-as-tel\" aria-required=\"true\" aria-invalid=\"false\" placeholder=\"TEL\u00c8FON DE CONTACTE\" value=\"\" type=\"tel\" name=\"sm-phone\" \/><\/span>\n\t<\/p>\n<\/div>\n<div class=\"second-container contact\">\n\t<p><span class=\"wpcf7-form-control-wrap\" data-name=\"sm-properties3\"><textarea cols=\"40\" rows=\"10\" maxlength=\"2000\" class=\"wpcf7-form-control wpcf7-textarea\" aria-invalid=\"false\" placeholder=\"COMENTARIS\" name=\"sm-properties3\"><\/textarea><\/span>\n\t<\/p>\n\t<div class=\"container-check\">\n\t\t<p><span class=\"wpcf7-form-control-wrap\" data-name=\"your-consent\"><span class=\"wpcf7-form-control wpcf7-acceptance\"><span class=\"wpcf7-list-item\"><label><input type=\"checkbox\" name=\"your-consent\" value=\"1\" aria-invalid=\"false\" \/><span class=\"wpcf7-list-item-label\">He llegit la <a target='_blank' href='\/politica-de-privacitat'>pol\u00edtica de privacitat<\/a> y el <a target='_blank' href='\/avis-legal'>av\u00eds legal<\/a><\/span><\/label><\/span><\/span><\/span>\n\t\t<\/p>\n\t\t<p><label><span class=\"wpcf7-form-control-wrap\" data-name=\"sm-optin\"><span class=\"wpcf7-form-control wpcf7-checkbox wpcf7-exclusive-checkbox\"><span class=\"wpcf7-list-item first last\"><input type=\"checkbox\" name=\"sm-optin\" value=\"Autoritzo que les meves dades personals puguin ser utilitzades per l&#039;enviament de comunicacions comercials i ofertes publicit\u00e1ries per e-mail o qualsevol altre mitj\u00e0 electr\u00f2nic o f\u00edsic, present o futur.\" \/><span class=\"wpcf7-list-item-label\">Autoritzo que les meves dades personals puguin ser utilitzades per l&#039;enviament de comunicacions comercials i ofertes publicit\u00e1ries per e-mail o qualsevol altre mitj\u00e0 electr\u00f2nic o f\u00edsic, present o futur.<\/span><\/span><\/span><\/span><\/label>\n\t\t<\/p>\n\t\t<p><input class=\"wpcf7-form-control wpcf7-submit has-spinner\" type=\"submit\" value=\"ENVIAR\" \/>\n\t\t<\/p>\n\t<\/div>\n<\/div><div class=\"wpcf7-response-output\" aria-hidden=\"true\"><\/div>\n<\/form>\n<\/div>\n[\/vc_column][\/vc_row][\/vc_section][vc_section full_width=&#8221;stretch_row&#8221; el_class=&#8221;section-contacto&#8221; css=&#8221;.vc_custom_1564129727502{padding-top: 22px !important;}&#8221;][vc_row][vc_column][vc_column_text css=&#8221;.vc_custom_1632221240630{margin-bottom: 0px !important;}&#8221;]Si ho desitges, tamb\u00e9 ens pots contactar per tel\u00e8fon: <strong>+34 933 322 598<\/strong> (de dilluns a divendres, de 8.00h a 18.00h)[\/vc_column_text][\/vc_column][\/vc_row][\/vc_section]\n<\/div>","protected":false},"excerpt":{"rendered":"<p>[vc_section full_width=&#8221;stretch_row&#8221; css=&#8221;.vc_custom_1570693389116{background-image: url(https:\/\/dev.cafesnovell.com\/wp-content\/uploads\/2019\/10\/header.jpg?id=6634) !important;background-position: center !important;background-repeat: no-repeat !important;background-size: cover !important;}&#8221;][vc_row fullwidth=&#8221;true&#8221;][vc_column width=&#8221;1\/6&#8243; el_class=&#8221;trabaja&#8221; css=&#8221;.vc_custom_1569404292250{margin-bottom: 30px !important;margin-left: 50px !important;padding-top: 25px !important;padding-right: 0px !important;}&#8221; offset=&#8221;vc_col-lg-2 vc_col-md-4&#8243;][vc_column_text css=&#8221;.vc_custom_1567417840562{margin-bottom: 0px !important;}&#8221;]NOVELL AL M\u00d3N[\/vc_column_text][\/vc_column][vc_column width=&#8221;1\/12&#8243;][\/vc_column][vc_column width=&#8221;1\/4&#8243;][\/vc_column][vc_column width=&#8221;1\/4&#8243;][\/vc_column][vc_column width=&#8221;1\/4&#8243;][\/vc_column][\/vc_row][\/vc_section][vc_section full_width=&#8221;stretch_row&#8221; el_class=&#8221;section-text&#8221;][vc_row][vc_column][vc_column_text css=&#8221;.vc_custom_1571404588670{margin-bottom: 0px !important;}&#8221;]L\u2019expansi\u00f3 territorial de Caf\u00e8s Novell va comen\u00e7ar fa m\u00e9s de vint anys i en l\u2019actualitat estem presents [&hellip;]<\/p>\n","protected":false},"author":1,"featured_media":0,"parent":7820,"menu_order":0,"comment_status":"closed","ping_status":"closed","template":"","meta":{"_acf_changed":false,"content-type":"","footnotes":""},"class_list":["post-8665","page","type-page","status-publish","hentry"],"acf":[],"yoast_head":"<!-- This site is optimized with the Yoast SEO plugin v27.0 - https:\/\/yoast.com\/product\/yoast-seo-wordpress\/ -->\n<title>Caf\u00e9s Novell en el mundo - Delegaciones y distribuidores<\/title>\n<meta name=\"description\" content=\"Caf\u00e8s Novell en el mundo. La expansi\u00f3n territorial de Caf\u00e9s Novell comenz\u00f3 hace m\u00e1s de veinte a\u00f1os y en la actualidad estamos presentes en Italia, Reino Unido, Estados Unidos y Hong Kong, con\u00a0delegaciones propias,\u00a0joint ventures\u00a0o como\u00a0distribuidores.\" \/>\n<meta name=\"robots\" content=\"noindex, follow, max-snippet:-1, max-image-preview:large, max-video-preview:-1\" \/>\n<meta property=\"og:locale\" content=\"ca_ES\" \/>\n<meta property=\"og:type\" content=\"article\" \/>\n<meta property=\"og:title\" content=\"Caf\u00e9s Novell en el mundo - Delegaciones y distribuidores\" \/>\n<meta property=\"og:description\" content=\"Caf\u00e8s Novell en el mundo. La expansi\u00f3n territorial de Caf\u00e9s Novell comenz\u00f3 hace m\u00e1s de veinte a\u00f1os y en la actualidad estamos presentes en Italia, Reino Unido, Estados Unidos y Hong Kong, con\u00a0delegaciones propias,\u00a0joint ventures\u00a0o como\u00a0distribuidores.\" \/>\n<meta property=\"og:url\" content=\"https:\/\/dev.cafesnovell.com\/ca\/coneix-nos\/novell-al-mon\/\" \/>\n<meta property=\"og:site_name\" content=\"Caf\u00e8s Novell\" \/>\n<meta property=\"article:modified_time\" content=\"2023-07-26T10:46:40+00:00\" \/>\n<meta name=\"twitter:card\" content=\"summary_large_image\" \/>\n<meta name=\"twitter:label1\" content=\"Temps estimat de lectura\" \/>\n\t<meta name=\"twitter:data1\" content=\"4 minuts\" \/>\n<script type=\"application\/ld+json\" class=\"yoast-schema-graph\">{\"@context\":\"https:\/\/schema.org\",\"@graph\":[{\"@type\":\"WebPage\",\"@id\":\"https:\/\/dev.cafesnovell.com\/ca\/coneix-nos\/novell-al-mon\/\",\"url\":\"https:\/\/dev.cafesnovell.com\/ca\/coneix-nos\/novell-al-mon\/\",\"name\":\"Caf\u00e9s Novell en el mundo - Delegaciones y distribuidores\",\"isPartOf\":{\"@id\":\"https:\/\/dev.cafesnovell.com\/ca\/#website\"},\"datePublished\":\"2019-07-26T07:15:13+00:00\",\"dateModified\":\"2023-07-26T10:46:40+00:00\",\"description\":\"Caf\u00e8s Novell en el mundo. La expansi\u00f3n territorial de Caf\u00e9s Novell comenz\u00f3 hace m\u00e1s de veinte a\u00f1os y en la actualidad estamos presentes en Italia, Reino Unido, Estados Unidos y Hong Kong, con\u00a0delegaciones propias,\u00a0joint ventures\u00a0o como\u00a0distribuidores.\",\"breadcrumb\":{\"@id\":\"https:\/\/dev.cafesnovell.com\/ca\/coneix-nos\/novell-al-mon\/#breadcrumb\"},\"inLanguage\":\"ca\",\"potentialAction\":[{\"@type\":\"ReadAction\",\"target\":[\"https:\/\/dev.cafesnovell.com\/ca\/coneix-nos\/novell-al-mon\/\"]}]},{\"@type\":\"BreadcrumbList\",\"@id\":\"https:\/\/dev.cafesnovell.com\/ca\/coneix-nos\/novell-al-mon\/#breadcrumb\",\"itemListElement\":[{\"@type\":\"ListItem\",\"position\":1,\"name\":\"Inici\",\"item\":\"https:\/\/dev.cafesnovell.com\/ca\/\"},{\"@type\":\"ListItem\",\"position\":2,\"name\":\"Coneix-nos\",\"item\":\"https:\/\/dev.cafesnovell.com\/ca\/conocenos\/\"},{\"@type\":\"ListItem\",\"position\":3,\"name\":\"Novell al M\u00f3n\"}]},{\"@type\":\"WebSite\",\"@id\":\"https:\/\/dev.cafesnovell.com\/ca\/#website\",\"url\":\"https:\/\/dev.cafesnovell.com\/ca\/\",\"name\":\"Caf\u00e8s Novell\",\"description\":\"Organic Premium Coffee\",\"potentialAction\":[{\"@type\":\"SearchAction\",\"target\":{\"@type\":\"EntryPoint\",\"urlTemplate\":\"https:\/\/dev.cafesnovell.com\/ca\/?s={search_term_string}\"},\"query-input\":{\"@type\":\"PropertyValueSpecification\",\"valueRequired\":true,\"valueName\":\"search_term_string\"}}],\"inLanguage\":\"ca\"}]}<\/script>\n<!-- \/ Yoast SEO plugin. -->","yoast_head_json":{"title":"Caf\u00e9s Novell en el mundo - Delegaciones y distribuidores","description":"Caf\u00e8s Novell en el mundo. La expansi\u00f3n territorial de Caf\u00e9s Novell comenz\u00f3 hace m\u00e1s de veinte a\u00f1os y en la actualidad estamos presentes en Italia, Reino Unido, Estados Unidos y Hong Kong, con\u00a0delegaciones propias,\u00a0joint ventures\u00a0o como\u00a0distribuidores.","robots":{"index":"noindex","follow":"follow","max-snippet":"max-snippet:-1","max-image-preview":"max-image-preview:large","max-video-preview":"max-video-preview:-1"},"og_locale":"ca_ES","og_type":"article","og_title":"Caf\u00e9s Novell en el mundo - Delegaciones y distribuidores","og_description":"Caf\u00e8s Novell en el mundo. La expansi\u00f3n territorial de Caf\u00e9s Novell comenz\u00f3 hace m\u00e1s de veinte a\u00f1os y en la actualidad estamos presentes en Italia, Reino Unido, Estados Unidos y Hong Kong, con\u00a0delegaciones propias,\u00a0joint ventures\u00a0o como\u00a0distribuidores.","og_url":"https:\/\/dev.cafesnovell.com\/ca\/coneix-nos\/novell-al-mon\/","og_site_name":"Caf\u00e8s Novell","article_modified_time":"2023-07-26T10:46:40+00:00","twitter_card":"summary_large_image","twitter_misc":{"Temps estimat de lectura":"4 minuts"},"schema":{"@context":"https:\/\/schema.org","@graph":[{"@type":"WebPage","@id":"https:\/\/dev.cafesnovell.com\/ca\/coneix-nos\/novell-al-mon\/","url":"https:\/\/dev.cafesnovell.com\/ca\/coneix-nos\/novell-al-mon\/","name":"Caf\u00e9s Novell en el mundo - Delegaciones y distribuidores","isPartOf":{"@id":"https:\/\/dev.cafesnovell.com\/ca\/#website"},"datePublished":"2019-07-26T07:15:13+00:00","dateModified":"2023-07-26T10:46:40+00:00","description":"Caf\u00e8s Novell en el mundo. La expansi\u00f3n territorial de Caf\u00e9s Novell comenz\u00f3 hace m\u00e1s de veinte a\u00f1os y en la actualidad estamos presentes en Italia, Reino Unido, Estados Unidos y Hong Kong, con\u00a0delegaciones propias,\u00a0joint ventures\u00a0o como\u00a0distribuidores.","breadcrumb":{"@id":"https:\/\/dev.cafesnovell.com\/ca\/coneix-nos\/novell-al-mon\/#breadcrumb"},"inLanguage":"ca","potentialAction":[{"@type":"ReadAction","target":["https:\/\/dev.cafesnovell.com\/ca\/coneix-nos\/novell-al-mon\/"]}]},{"@type":"BreadcrumbList","@id":"https:\/\/dev.cafesnovell.com\/ca\/coneix-nos\/novell-al-mon\/#breadcrumb","itemListElement":[{"@type":"ListItem","position":1,"name":"Inici","item":"https:\/\/dev.cafesnovell.com\/ca\/"},{"@type":"ListItem","position":2,"name":"Coneix-nos","item":"https:\/\/dev.cafesnovell.com\/ca\/conocenos\/"},{"@type":"ListItem","position":3,"name":"Novell al M\u00f3n"}]},{"@type":"WebSite","@id":"https:\/\/dev.cafesnovell.com\/ca\/#website","url":"https:\/\/dev.cafesnovell.com\/ca\/","name":"Caf\u00e8s Novell","description":"Organic Premium Coffee","potentialAction":[{"@type":"SearchAction","target":{"@type":"EntryPoint","urlTemplate":"https:\/\/dev.cafesnovell.com\/ca\/?s={search_term_string}"},"query-input":{"@type":"PropertyValueSpecification","valueRequired":true,"valueName":"search_term_string"}}],"inLanguage":"ca"}]}},"_links":{"self":[{"href":"https:\/\/dev.cafesnovell.com\/ca\/wp-json\/wp\/v2\/pages\/8665","targetHints":{"allow":["GET"]}}],"collection":[{"href":"https:\/\/dev.cafesnovell.com\/ca\/wp-json\/wp\/v2\/pages"}],"about":[{"href":"https:\/\/dev.cafesnovell.com\/ca\/wp-json\/wp\/v2\/types\/page"}],"author":[{"embeddable":true,"href":"https:\/\/dev.cafesnovell.com\/ca\/wp-json\/wp\/v2\/users\/1"}],"replies":[{"embeddable":true,"href":"https:\/\/dev.cafesnovell.com\/ca\/wp-json\/wp\/v2\/comments?post=8665"}],"version-history":[{"count":0,"href":"https:\/\/dev.cafesnovell.com\/ca\/wp-json\/wp\/v2\/pages\/8665\/revisions"}],"up":[{"embeddable":true,"href":"https:\/\/dev.cafesnovell.com\/ca\/wp-json\/wp\/v2\/pages\/7820"}],"wp:attachment":[{"href":"https:\/\/dev.cafesnovell.com\/ca\/wp-json\/wp\/v2\/media?parent=8665"}],"curies":[{"name":"wp","href":"https:\/\/api.w.org\/{rel}","templated":true}]}}