{"id":9589,"date":"2019-08-27T08:45:07","date_gmt":"2019-08-27T08:45:07","guid":{"rendered":"https:\/\/cafesnovell.com\/residu-zero\/"},"modified":"2021-09-29T20:40:12","modified_gmt":"2021-09-29T18:40:12","slug":"residuzero","status":"publish","type":"page","link":"https:\/\/dev.cafesnovell.com\/ca\/residuzero\/","title":{"rendered":"Residu Zero"},"content":{"rendered":"<div class=\"wpb-content-wrapper\">[vc_row fullwidth=&#8221;true&#8221; css=&#8221;.vc_custom_1569491084695{background-image: url(https:\/\/dev.cafesnovell.com\/wp-content\/uploads\/2019\/09\/fondo-spotv2.jpg?id=4412) !important;background-position: center !important;background-repeat: no-repeat !important;background-size: cover !important;}&#8221;][vc_column][rev_slider_vc alias=&#8221;residuo-cero&#8221;][\/vc_column][\/vc_row][vc_section full_width=&#8221;stretch_row&#8221; content_placement=&#8221;middle&#8221; css=&#8221;.vc_custom_1568883341500{background-image: url(https:\/\/dev.cafesnovell.com\/wp-content\/uploads\/2019\/09\/residuov3_2.jpg?id=4410) !important;background-position: center !important;background-repeat: no-repeat !important;background-size: cover !important;}&#8221; el_class=&#8221;revolucion&#8221;][vc_row][vc_column width=&#8221;1\/2&#8243; el_class=&#8221;list-restauracio&#8221;][vc_column_text el_class=&#8221;info-container&#8221; css=&#8221;.vc_custom_1567598372802{margin-bottom: 0px !important;}&#8221;]UNEIX-TE A LA REVOLUCI\u00d3[\/vc_column_text][mk_padding_divider size=&#8221;5&#8243; visibility=&#8221;visible-sm&#8221;][vc_column_text el_class=&#8221;list-restauracio-descr color-black&#8221; css=&#8221;.vc_custom_1571403442626{margin-bottom: 0px !important;}&#8221;]Les c\u00e0psules compostables Novell s\u00f3n la nostra revoluci\u00f3 personal per fer front a la gran quantitat de c\u00e0psules de caf\u00e8 que es llencen cada dia i que trigaran m\u00e9s d\u2019un segle en desapar\u00e8ixer del medi ambient. 19 milions de c\u00e0psules al dia! Tones de residus inservibles que nom\u00e9s incrementen la contaminaci\u00f3 del nostre planeta.<\/p>\n<p>19 milions, no \u00e9s una xifra per fer-nos pensar? Nosaltres hem apostat per un pensament positiu, el de creure que entre tots encara som a temps de canviar i de preservar un m\u00f3n millor per les futures generacions.[\/vc_column_text][mk_padding_divider size=&#8221;20&#8243; visibility=&#8221;visible-sm&#8221;][\/vc_column][vc_column width=&#8221;1\/2&#8243; el_class=&#8221;list-restauracio&#8221;][vc_column_text el_class=&#8221;info-container&#8221; css=&#8221;.vc_custom_1567598614532{margin-bottom: 0px !important;}&#8221;]RESPONSABILITAT<br \/>\nI PLAER, PER FI JUNTS[\/vc_column_text][mk_padding_divider size=&#8221;5&#8243; visibility=&#8221;visible-sm&#8221;][vc_column_text el_class=&#8221;list-restauracio-descr color-black&#8221; css=&#8221;.vc_custom_1567598756822{margin-bottom: 0px !important;}&#8221;]Elaborades amb un blend de caf\u00e8s org\u00e0nics\/ecol\u00f2gics, que asseguren una excel\u00b7lent combinaci\u00f3 de cos, sabor, for\u00e7a i cremositat.<\/p>\n<p>Per fi, el millor plaer responsable en una tassa de caf\u00e8 \u00fanica.[\/vc_column_text][mk_padding_divider size=&#8221;20&#8243; visibility=&#8221;visible-sm&#8221;][\/vc_column][\/vc_row][vc_row fullwidth=&#8221;true&#8221; el_class=&#8221;container-roto fullwidth-image&#8221;][vc_column el_class=&#8221;list-restauracio&#8221;][vc_single_image image=&#8221;6180&#8243; img_size=&#8221;full&#8221; alignment=&#8221;center&#8221;][\/vc_column][\/vc_row][vc_row css=&#8221;.vc_custom_1570514757479{padding-bottom: 21px !important;}&#8221;][vc_column width=&#8221;7\/12&#8243;][mk_padding_divider size=&#8221;53&#8243; visibility=&#8221;visible-sm&#8221;][vc_video link=&#8221;https:\/\/www.youtube.com\/watch?v=C6P0uUSDAoY&#8221;][mk_padding_divider size=&#8221;20&#8243; visibility=&#8221;visible-sm&#8221;][\/vc_column][vc_column width=&#8221;5\/12&#8243; el_class=&#8221;list-restauracio&#8221;][vc_column_text el_class=&#8221;info-container&#8221; css=&#8221;.vc_custom_1567680862969{margin-bottom: 0px !important;}&#8221;]EL MILLOR RESIDU \u00c9S EL QUE NO ES GENERA[\/vc_column_text][mk_padding_divider size=&#8221;5&#8243; visibility=&#8221;visible-sm&#8221;][vc_column_text el_class=&#8221;list-restauracio-descr&#8221; css=&#8221;.vc_custom_1571403275080{margin-bottom: 0px !important;}&#8221;]Les c\u00e0psules compostables Novell no deixen cap rastre en l\u2019entorn, es dipositen a la fracci\u00f3 org\u00e0nica i, en condicions de compostatge industrial, es degraden en un per\u00edode d\u2019entre 12 i 20 setmanes. Aix\u00ed de f\u00e0cil i de senzill.<\/p>\n<p>\u2022 Certificades per la norma EN13432.<br \/>\n\u2022 Compatibles amb Nespresso\u00ae[\/vc_column_text][mk_padding_divider size=&#8221;20&#8243; visibility=&#8221;visible-sm&#8221;][\/vc_column][\/vc_row][vc_row fullwidth=&#8221;true&#8221; css=&#8221;.vc_custom_1567685071713{margin-bottom: 0px !important;}&#8221; el_class=&#8221;fullwidth-image&#8221;][vc_column css=&#8221;.vc_custom_1567676591302{margin-bottom: 0px !important;}&#8221;][vc_single_image image=&#8221;3950&#8243; img_size=&#8221;full&#8221; alignment=&#8221;center&#8221; css=&#8221;.vc_custom_1567682402559{margin-bottom: 0px !important;}&#8221;][\/vc_column][\/vc_row][\/vc_section][vc_section full_width=&#8221;stretch_row&#8221; css=&#8221;.vc_custom_1570514770955{margin-top: -7px !important;padding-top: 0px !important;padding-bottom: 43px !important;background-image: url(https:\/\/dev.cafesnovell.com\/wp-content\/uploads\/2019\/09\/fondo-spotv2.jpg?id=4412) !important;background-position: center !important;background-repeat: no-repeat !important;background-size: cover !important;}&#8221; el_id=&#8221;spot&#8221;][vc_row][vc_column][vc_video link=&#8221;https:\/\/www.youtube.com\/watch?v=33SSONu3QNs&#8221;][\/vc_column][\/vc_row][\/vc_section][vc_section full_width=&#8221;stretch_row&#8221; css=&#8221;.vc_custom_1571042219004{margin-bottom: 50px !important;background-image: url(https:\/\/dev.cafesnovell.com\/wp-content\/uploads\/2019\/09\/enviosv2.jpg?id=4427) !important;background-position: center !important;background-repeat: no-repeat !important;background-size: cover !important;}&#8221; el_id=&#8221;aprovecha-envios&#8221;][vc_row fullwidth=&#8221;true&#8221; visibility=&#8221;hidden-sm&#8221; el_class=&#8221;list-restauracio&#8221;][vc_column width=&#8221;1\/6&#8243;][\/vc_column][vc_column width=&#8221;5\/6&#8243;][mk_padding_divider size=&#8221;181&#8243; visibility=&#8221;hidden-sm&#8221;][vc_column_text css=&#8221;.vc_custom_1601377022366{margin-bottom: 0px !important;}&#8221;]<span class=\"title\">APROFITA<br \/>\nELS ENVIAMENTS<br \/>\nEN 48 HORES<\/span>[\/vc_column_text][vc_column_text el_class=&#8221;list-restauracio-descr&#8221; css=&#8221;.vc_custom_1601377050523{margin-bottom: 0px !important;padding-top: 15px !important;padding-bottom: 15px !important;}&#8221;]Enviament gratu\u00eft en compres superiors a 25\u20ac![\/vc_column_text][vc_btn title=&#8221;COMPRAR&#8221; link=&#8221;url:https%3A%2F%2Fcafesnovell.com%2Fca%2Fcategoria-producte%2Fcafes-ca%2Fcapsules%2Fresidu-zero-nespresso%2F||target:%20_blank|&#8221; el_class=&#8221;boton-mas-info&#8221;][mk_padding_divider visibility=&#8221;hidden-sm&#8221;][\/vc_column][\/vc_row][vc_row visibility=&#8221;visible-sm&#8221; el_class=&#8221;list-restauracio&#8221;][vc_column][mk_padding_divider size=&#8221;181&#8243; visibility=&#8221;hidden-sm&#8221;][vc_column_text css=&#8221;.vc_custom_1601377064553{margin-bottom: 0px !important;}&#8221;]<span class=\"title\">APROFITA<br \/>\nELS ENVIAMENTS<br \/>\nEN 48 HORES<\/span>[\/vc_column_text][vc_column_text el_class=&#8221;list-restauracio-descr&#8221; css=&#8221;.vc_custom_1601377058721{margin-bottom: 0px !important;padding-top: 15px !important;padding-bottom: 15px !important;}&#8221;]Enviament gratu\u00eft en compres superiors a 25\u20ac![\/vc_column_text][vc_btn title=&#8221;COMPRAR&#8221; link=&#8221;url:https%3A%2F%2Fcafesnovell.com%2Fca%2Fcategoria-producte%2Fcafes-ca%2Fcapsules%2Fresidu-zero-nespresso%2F||target:%20_blank|&#8221; el_class=&#8221;boton-mas-info&#8221;][mk_padding_divider visibility=&#8221;hidden-sm&#8221;][\/vc_column][\/vc_row][\/vc_section][vc_section full_width=&#8221;stretch_row&#8221; disable_element=&#8221;yes&#8221; el_id=&#8221;mapa&#8221;][vc_row el_class=&#8221;demana-info&#8221;][vc_column][vc_column_text css=&#8221;.vc_custom_1566988872637{margin-bottom: 0px !important;}&#8221;]PUNTOS DE VENTA[\/vc_column_text][\/vc_column][\/vc_row][vc_row][vc_column][vc_gmaps link=&#8221;#E-8_JTNDaWZyYW1lJTIwc3JjJTNEJTIyaHR0cHMlM0ElMkYlMkZ3d3cuZ29vZ2xlLmNvbSUyRm1hcHMlMkZkJTJGdSUyRjAlMkZlbWJlZCUzRm1pZCUzRDFwLV9WcjZ6R2U1N043RXB6d3BVUzl0UEQ2TGFQWkVzNyUyMiUyMHdpZHRoJTNEJTIyNjQwJTIyJTIwaGVpZ2h0JTNEJTIyNDgwJTIyJTNFJTNDJTJGaWZyYW1lJTNF&#8221;][\/vc_column][\/vc_row][\/vc_section]\n<\/div>","protected":false},"excerpt":{"rendered":"<p>[vc_row fullwidth=&#8221;true&#8221; css=&#8221;.vc_custom_1569491084695{background-image: url(https:\/\/dev.cafesnovell.com\/wp-content\/uploads\/2019\/09\/fondo-spotv2.jpg?id=4412) !important;background-position: center !important;background-repeat: no-repeat !important;background-size: cover !important;}&#8221;][vc_column][rev_slider_vc alias=&#8221;residuo-cero&#8221;][\/vc_column][\/vc_row][vc_section full_width=&#8221;stretch_row&#8221; content_placement=&#8221;middle&#8221; css=&#8221;.vc_custom_1568883341500{background-image: url(https:\/\/dev.cafesnovell.com\/wp-content\/uploads\/2019\/09\/residuov3_2.jpg?id=4410) !important;background-position: center !important;background-repeat: no-repeat !important;background-size: cover !important;}&#8221; el_class=&#8221;revolucion&#8221;][vc_row][vc_column width=&#8221;1\/2&#8243; el_class=&#8221;list-restauracio&#8221;][vc_column_text el_class=&#8221;info-container&#8221; css=&#8221;.vc_custom_1567598372802{margin-bottom: 0px !important;}&#8221;]UNEIX-TE A LA REVOLUCI\u00d3[\/vc_column_text][mk_padding_divider size=&#8221;5&#8243; visibility=&#8221;visible-sm&#8221;][vc_column_text el_class=&#8221;list-restauracio-descr color-black&#8221; css=&#8221;.vc_custom_1571403442626{margin-bottom: 0px !important;}&#8221;]Les c\u00e0psules compostables Novell s\u00f3n la nostra revoluci\u00f3 personal per fer front a la gran quantitat [&hellip;]<\/p>\n","protected":false},"author":1,"featured_media":0,"parent":0,"menu_order":50,"comment_status":"closed","ping_status":"closed","template":"","meta":{"_acf_changed":false,"content-type":"","footnotes":""},"class_list":["post-9589","page","type-page","status-publish","hentry"],"acf":[],"yoast_head":"<!-- This site is optimized with the Yoast SEO plugin v27.0 - https:\/\/yoast.com\/product\/yoast-seo-wordpress\/ -->\n<title>Residu Zero - Caf\u00e8s Novell<\/title>\n<meta name=\"description\" content=\"Nuevas c\u00e1psulas compostables, residuo 0. \u00danete a la revoluci\u00f3n del caf\u00e9. Elaboradas con un blend de caf\u00e9s org\u00e1nicos\/ecol\u00f3gicos que aseguran una excelente combinaci\u00f3n de cuerpo, sabor, fuerza y cremosidad. El mejor residuo es el que no se genera. C\u00e1psulas compatibles con Nespresso\" \/>\n<meta name=\"robots\" content=\"noindex, follow, max-snippet:-1, max-image-preview:large, max-video-preview:-1\" \/>\n<meta property=\"og:locale\" content=\"ca_ES\" \/>\n<meta property=\"og:type\" content=\"article\" \/>\n<meta property=\"og:title\" content=\"Residu Zero - Caf\u00e8s Novell\" \/>\n<meta property=\"og:description\" content=\"Nuevas c\u00e1psulas compostables, residuo 0. \u00danete a la revoluci\u00f3n del caf\u00e9. Elaboradas con un blend de caf\u00e9s org\u00e1nicos\/ecol\u00f3gicos que aseguran una excelente combinaci\u00f3n de cuerpo, sabor, fuerza y cremosidad. El mejor residuo es el que no se genera. C\u00e1psulas compatibles con Nespresso\" \/>\n<meta property=\"og:url\" content=\"https:\/\/dev.cafesnovell.com\/ca\/residuzero\/\" \/>\n<meta property=\"og:site_name\" content=\"Caf\u00e8s Novell\" \/>\n<meta property=\"article:modified_time\" content=\"2021-09-29T18:40:12+00:00\" \/>\n<meta name=\"twitter:card\" content=\"summary_large_image\" \/>\n<meta name=\"twitter:label1\" content=\"Temps estimat de lectura\" \/>\n\t<meta name=\"twitter:data1\" content=\"5 minuts\" \/>\n<script type=\"application\/ld+json\" class=\"yoast-schema-graph\">{\"@context\":\"https:\/\/schema.org\",\"@graph\":[{\"@type\":\"WebPage\",\"@id\":\"https:\/\/dev.cafesnovell.com\/ca\/residuzero\/\",\"url\":\"https:\/\/dev.cafesnovell.com\/ca\/residuzero\/\",\"name\":\"Residu Zero - Caf\u00e8s Novell\",\"isPartOf\":{\"@id\":\"https:\/\/dev.cafesnovell.com\/ca\/#website\"},\"datePublished\":\"2019-08-27T08:45:07+00:00\",\"dateModified\":\"2021-09-29T18:40:12+00:00\",\"description\":\"Nuevas c\u00e1psulas compostables, residuo 0. \u00danete a la revoluci\u00f3n del caf\u00e9. Elaboradas con un blend de caf\u00e9s org\u00e1nicos\/ecol\u00f3gicos que aseguran una excelente combinaci\u00f3n de cuerpo, sabor, fuerza y cremosidad. El mejor residuo es el que no se genera. C\u00e1psulas compatibles con Nespresso\",\"breadcrumb\":{\"@id\":\"https:\/\/dev.cafesnovell.com\/ca\/residuzero\/#breadcrumb\"},\"inLanguage\":\"ca\",\"potentialAction\":[{\"@type\":\"ReadAction\",\"target\":[\"https:\/\/dev.cafesnovell.com\/ca\/residuzero\/\"]}]},{\"@type\":\"BreadcrumbList\",\"@id\":\"https:\/\/dev.cafesnovell.com\/ca\/residuzero\/#breadcrumb\",\"itemListElement\":[{\"@type\":\"ListItem\",\"position\":1,\"name\":\"Inici\",\"item\":\"https:\/\/dev.cafesnovell.com\/ca\/\"},{\"@type\":\"ListItem\",\"position\":2,\"name\":\"Residu Zero\"}]},{\"@type\":\"WebSite\",\"@id\":\"https:\/\/dev.cafesnovell.com\/ca\/#website\",\"url\":\"https:\/\/dev.cafesnovell.com\/ca\/\",\"name\":\"Caf\u00e8s Novell\",\"description\":\"Organic Premium Coffee\",\"potentialAction\":[{\"@type\":\"SearchAction\",\"target\":{\"@type\":\"EntryPoint\",\"urlTemplate\":\"https:\/\/dev.cafesnovell.com\/ca\/?s={search_term_string}\"},\"query-input\":{\"@type\":\"PropertyValueSpecification\",\"valueRequired\":true,\"valueName\":\"search_term_string\"}}],\"inLanguage\":\"ca\"}]}<\/script>\n<!-- \/ Yoast SEO plugin. -->","yoast_head_json":{"title":"Residu Zero - Caf\u00e8s Novell","description":"Nuevas c\u00e1psulas compostables, residuo 0. \u00danete a la revoluci\u00f3n del caf\u00e9. Elaboradas con un blend de caf\u00e9s org\u00e1nicos\/ecol\u00f3gicos que aseguran una excelente combinaci\u00f3n de cuerpo, sabor, fuerza y cremosidad. El mejor residuo es el que no se genera. C\u00e1psulas compatibles con Nespresso","robots":{"index":"noindex","follow":"follow","max-snippet":"max-snippet:-1","max-image-preview":"max-image-preview:large","max-video-preview":"max-video-preview:-1"},"og_locale":"ca_ES","og_type":"article","og_title":"Residu Zero - Caf\u00e8s Novell","og_description":"Nuevas c\u00e1psulas compostables, residuo 0. \u00danete a la revoluci\u00f3n del caf\u00e9. Elaboradas con un blend de caf\u00e9s org\u00e1nicos\/ecol\u00f3gicos que aseguran una excelente combinaci\u00f3n de cuerpo, sabor, fuerza y cremosidad. El mejor residuo es el que no se genera. C\u00e1psulas compatibles con Nespresso","og_url":"https:\/\/dev.cafesnovell.com\/ca\/residuzero\/","og_site_name":"Caf\u00e8s Novell","article_modified_time":"2021-09-29T18:40:12+00:00","twitter_card":"summary_large_image","twitter_misc":{"Temps estimat de lectura":"5 minuts"},"schema":{"@context":"https:\/\/schema.org","@graph":[{"@type":"WebPage","@id":"https:\/\/dev.cafesnovell.com\/ca\/residuzero\/","url":"https:\/\/dev.cafesnovell.com\/ca\/residuzero\/","name":"Residu Zero - Caf\u00e8s Novell","isPartOf":{"@id":"https:\/\/dev.cafesnovell.com\/ca\/#website"},"datePublished":"2019-08-27T08:45:07+00:00","dateModified":"2021-09-29T18:40:12+00:00","description":"Nuevas c\u00e1psulas compostables, residuo 0. \u00danete a la revoluci\u00f3n del caf\u00e9. Elaboradas con un blend de caf\u00e9s org\u00e1nicos\/ecol\u00f3gicos que aseguran una excelente combinaci\u00f3n de cuerpo, sabor, fuerza y cremosidad. El mejor residuo es el que no se genera. C\u00e1psulas compatibles con Nespresso","breadcrumb":{"@id":"https:\/\/dev.cafesnovell.com\/ca\/residuzero\/#breadcrumb"},"inLanguage":"ca","potentialAction":[{"@type":"ReadAction","target":["https:\/\/dev.cafesnovell.com\/ca\/residuzero\/"]}]},{"@type":"BreadcrumbList","@id":"https:\/\/dev.cafesnovell.com\/ca\/residuzero\/#breadcrumb","itemListElement":[{"@type":"ListItem","position":1,"name":"Inici","item":"https:\/\/dev.cafesnovell.com\/ca\/"},{"@type":"ListItem","position":2,"name":"Residu Zero"}]},{"@type":"WebSite","@id":"https:\/\/dev.cafesnovell.com\/ca\/#website","url":"https:\/\/dev.cafesnovell.com\/ca\/","name":"Caf\u00e8s Novell","description":"Organic Premium Coffee","potentialAction":[{"@type":"SearchAction","target":{"@type":"EntryPoint","urlTemplate":"https:\/\/dev.cafesnovell.com\/ca\/?s={search_term_string}"},"query-input":{"@type":"PropertyValueSpecification","valueRequired":true,"valueName":"search_term_string"}}],"inLanguage":"ca"}]}},"_links":{"self":[{"href":"https:\/\/dev.cafesnovell.com\/ca\/wp-json\/wp\/v2\/pages\/9589","targetHints":{"allow":["GET"]}}],"collection":[{"href":"https:\/\/dev.cafesnovell.com\/ca\/wp-json\/wp\/v2\/pages"}],"about":[{"href":"https:\/\/dev.cafesnovell.com\/ca\/wp-json\/wp\/v2\/types\/page"}],"author":[{"embeddable":true,"href":"https:\/\/dev.cafesnovell.com\/ca\/wp-json\/wp\/v2\/users\/1"}],"replies":[{"embeddable":true,"href":"https:\/\/dev.cafesnovell.com\/ca\/wp-json\/wp\/v2\/comments?post=9589"}],"version-history":[{"count":0,"href":"https:\/\/dev.cafesnovell.com\/ca\/wp-json\/wp\/v2\/pages\/9589\/revisions"}],"wp:attachment":[{"href":"https:\/\/dev.cafesnovell.com\/ca\/wp-json\/wp\/v2\/media?parent=9589"}],"curies":[{"name":"wp","href":"https:\/\/api.w.org\/{rel}","templated":true}]}}