{"id":9749,"date":"2019-10-17T21:17:38","date_gmt":"2019-10-17T21:17:38","guid":{"rendered":"https:\/\/cafesnovell.com\/avis-legal\/"},"modified":"2019-10-18T18:05:08","modified_gmt":"2019-10-18T18:05:08","slug":"avis-legal","status":"publish","type":"page","link":"https:\/\/dev.cafesnovell.com\/ca\/avis-legal\/","title":{"rendered":"Av\u00eds legal"},"content":{"rendered":"<p>&nbsp;<\/p>\n<p>&nbsp;<\/p>\n<h2>Av\u00eds Legal<\/h2>\n<p>En utilitzar aquesta p\u00e0gina web, l&#8217;Usuari reconeix haver llegit i ent\u00e8s totes les condicions d&#8217;aquest contracte i les accepta juntament amb els seus termes. L&#8217;\u00fas del Servei per part de l&#8217;Usuari ha de ser just, acceptant les condicions del contracte. Caf\u00e8s Novell S.A. com a propietari d&#8217;aquesta web, es reserva el dret de canviar qualsevol terme o condici\u00f3 quan ho cregui convenient. Aquests canvis es consideraran acceptats per l&#8217;Usuari si aquest continua utilitzant el Servei despr\u00e9s de les dues setmanes des de la data de publicaci\u00f3 d&#8217;aquests canvis.<\/p>\n<p>Caf\u00e8s Novell S.A. no ser\u00e0 responsable, en cap cas i en cap moment, dels continguts, fotografies i gr\u00e0fics que apareixen a la p\u00e0gina web, ja que la seva funci\u00f3 \u00e9s informativa, pr\u00f2pia d&#8217;un canal de comunicaci\u00f3.<\/p>\n<p>1. PROPIETAT<\/p>\n<p>En compliment de la Llei 34\/2002, de 11 de juliol, de serveis de la societat de la informaci\u00f3 i de comer\u00e7 electr\u00f2nic, CAF\u00c8S NOVELL S.A. l&#8217;informa que \u00e9s titular de la p\u00e0gina web www.cafesnovell.com. D&#8217;acord amb l&#8217;exig\u00e8ncia de l&#8217;article 10 de l&#8217;esmentada Llei, CAF\u00c8S NOVELL S.A. notifica les seg\u00fcents dades: El titular d&#8217;aquesta p\u00e0gina web \u00e9s CAF\u00c8S NOVELL S.A., amb CIF A08562431 i domicili social a CAF\u00c8S NOVELL S.A. C \/ FONT DE L&#8217;AVELLANER S \/ N, POL. IND. ESTACI\u00d3 MERCADERIES, 08720 VILAFRANCA DEL PENED\u00c8S (BARCELONA). L&#8217;adre\u00e7a de correu electr\u00f2nic de contacte amb l&#8217;empresa \u00e9s info@cafesnovell.com.<\/p>\n<p>Tot el contingut que apareix en aquesta web, aix\u00ed com la informaci\u00f3, les imatges, el disseny gr\u00e0fic, els continguts creatius i est\u00e8tics, els \u00edndexs i codis font en qualsevol dels tipus de llenguatge de programaci\u00f3 utilitzats s\u00f3n una obra, la propietat intel\u00b7lectual pertany als seus autors i est\u00e0 protegida pels drets d&#8217;autor o copyright \u00a9. Aix\u00ed mateix, totes les descripcions, not\u00edcies i informes d&#8217;aquesta web, juntament amb la informaci\u00f3 que inclouen, cedides per tercers, s\u00f3n propietat dels seus autors i tamb\u00e9 estan protegides pels drets d&#8217;autor i copyright \u00a9.<\/p>\n<p>Queda prohibida la reproducci\u00f3, imitaci\u00f3, modificaci\u00f3, distribuci\u00f3 i \/ o transformaci\u00f3 dels continguts d&#8217;aquesta web i qualsevol altre acte que contravingui els drets d&#8217;autor i de propietat industrial.<\/p>\n<p>La informaci\u00f3 d&#8217;aquesta p\u00e0gina web nom\u00e9s la podran utilitzar les persones expressament autoritzades pels autors.<\/p>\n<p>Qualsevol vulneraci\u00f3 dels drets d&#8217;autor i de propietat industrial continguts en aquesta web, aix\u00ed com la infracci\u00f3 de la normativa que els protegeix establerta en el text ref\u00f3s de la Llei de Propietat Intel\u00b7lectual, legislaci\u00f3 referent a la protecci\u00f3 de patents i marques, i qualsevol altra normativa nacional i comunit\u00e0ria, comportar\u00e0 les responsabilitats civils i \/ o penals que corresponguin en cada cas.<\/p>\n<p>2. \u00daS I RESTRICCIONS<\/p>\n<p>Vost\u00e8 tindr\u00e0 el dret a descarregar-se els materials que contingui aquesta p\u00e0gina web a un ordinador personal individual i realitzar impressions dels materials de la p\u00e0gina web, nom\u00e9s per a \u00fas personal.<\/p>\n<p>L&#8217;\u00fas en altres adreces d&#8217;Internet dels materials inclosos en aquesta p\u00e0gina web resta terminantment prohibit, excepte per autoritzaci\u00f3 expressa de Caf\u00e8s Novell S.A.<\/p>\n<p>3. RENUNCIA<\/p>\n<p>Aquesta p\u00e0gina web i els seus continguts es proporcionen sense cap declaraci\u00f3 o garantia, ja siguin expresses o impl\u00edcites. Caf\u00e8s Novell S.A. no acceptar\u00e0 cap declaraci\u00f3 o garantia, incloent-hi, com a exemple, per\u00f2 sense limitar-s&#8217;hi, l&#8217;aptitud per a un prop\u00f2sit determinat, sempre que ho permetin les lleis aplicables. A m\u00e9s, Caf\u00e8s Novell S.A. no declara ni garanteix que la informaci\u00f3 i \/ o els recursos accessibles a trav\u00e9s de la p\u00e0gina web siguin exactes, complets o actuals, o que aquesta p\u00e0gina web no tingui defectes, incloent, per\u00f2 sense limitar-se a, virus o altres elements perjudicials ni es fa responsable del contingut de les p\u00e0gines web a les que pugui accedir l&#8217;usuari a trav\u00e9s dels enlla\u00e7os establerts a la p\u00e0gina web i declara que, en cap cas, procedir\u00e0 a examinar o exercir cap tipus de control sobre el contingut d&#8217;altres p\u00e0gines de la xarxa. Caf\u00e8s Novell S.A. declara haver adoptat les mesures necess\u00e0ries per evitar qualsevol dany que, als usuaris de la seva p\u00e0gina web, pugui derivar-se de la navegaci\u00f3 per les seves p\u00e0gines web. En conseq\u00fc\u00e8ncia, Caf\u00e8s Novell S.A. no es fa responsable, en cap cas, dels eventuals danys que pugui patir l&#8217;usuari a causa de la navegaci\u00f3 per Internet. Vost\u00e8 es far\u00e0 c\u00e0rrec de totes les despeses que resultin de la utilitzaci\u00f3 d&#8217;aquesta p\u00e0gina web.<\/p>\n<p>4. LIMITACI\u00d3 DE RESPONSABILITAT<\/p>\n<p>Sempre que ho permetin les lleis aplicables, ni Caf\u00e8s Novell S.A. ni cap dels seus respectius directors, empleats, afiliats o altres representants o distribu\u00efdors, seran responsables de les p\u00e8rdues o danys derivats de o relacionats amb l&#8217;\u00fas de, o la impossibilitat d&#8217;\u00fas, dels materials i \/ o recursos o serveis proporcionats a trav\u00e9s d&#8217;aquesta p\u00e0gina web, incloent, per\u00f2 sense limitar-s&#8217;hi, les p\u00e8rdues o danys indirectes, especials o derivats, p\u00e8rdua d&#8217;informaci\u00f3, ingressos, beneficis o oportunitats, p\u00e8rdues o danys a la propietat i demandes de tercers. Si aquesta cl\u00e0usula no es pot executar en la seva totalitat o en part en cap jurisdicci\u00f3 a causa de les seves respectives lleis, llavors, sempre que ho permetin aquestes lleis, la responsabilitat de Caf\u00e8s Novell S.A. per les p\u00e8rdues, danys i demandes (ja siguin contractuals, extracontractuals -incloent, per\u00f2 sense limitar-s&#8217;hi, la neglig\u00e8ncia- o de qualsevol altre tipus) no superar\u00e0 en cap cas la quantitat que ja hagi pagat per l&#8217;acc\u00e9s a la p\u00e0gina web.<\/p>\n<p>5. MODIFICACIONS<\/p>\n<p>Caf\u00e8s Novell S.A. es reserva el dret a realitzar les modificacions que consideri oportunes, sense av\u00eds previ, en el contingut de la seva p\u00e0gina web. Tant pel que fa als continguts de la p\u00e0gina web, com les seves condicions d&#8217;\u00fas o en les condicions generals de contractaci\u00f3. Aquestes modificacions podran realitzar-se, a trav\u00e9s de la seva p\u00e0gina web, de qualsevol forma admissible en dret i seran d&#8217;obligat compliment durant el temps que estiguin publicades a la web i fins que no siguin modificades v\u00e0lidament per altres posteriors.<\/p>\n<p>6. RESERVA DE COOKIES<\/p>\n<p>Caf\u00e8s Novell S.A. es reserva el dret d&#8217;utilitzar cookies en la navegaci\u00f3 de l&#8217;usuari per la seva p\u00e0gina web per facilitar la personalitzaci\u00f3 i comoditat de la navegaci\u00f3. Seguint la pol\u00edtica de protecci\u00f3 de dades de l&#8217;empresa, Caf\u00e8s Novell S.A. informa que les cookies s&#8217;associen a l&#8217;usuari an\u00f2nim i al seu ordinador i no proporcionen per si mateixes ni el nom ni els cognoms de l&#8217;usuari.<\/p>\n<p>L&#8217;usuari t\u00e9 la possibilitat de configurar el seu navegador de manera que sigui informat de la recepci\u00f3 de cookies, amb la possibilitat, si aix\u00ed ho desitja, d\u2019impedir que s\u2019instal\u00b7lin en el seu disc dur. No obstant aix\u00f2, per accedir a la p\u00e0gina web de Caf\u00e8s Novell S.A. no \u00e9s preceptiva la instal\u00b7laci\u00f3 de cookies.<\/p>\n<p>7. ACCIONS LEGALS, LEGISLACI\u00d3 APLICABLE I JURISDICCI\u00d3<\/p>\n<p>Aix\u00ed mateix, Caf\u00e8s Novell S.A. es reserva la facultat de presentar les accions civils o penals que consideri oportunes per la utilitzaci\u00f3 indeguda de les seves p\u00e0gines web i continguts o per l&#8217;incompliment d&#8217;aquestes condicions. La relaci\u00f3 entre l&#8217;usuari i Caf\u00e8s Novell S.A. es regir\u00e0 per la normativa espanyola vigent i seran competents per a decidir sobre qualsevol controv\u00e8rsia que pugui sorgir entre l&#8217;usuari i Caf\u00e8s Novell S.A., els jutjats o tribunals de la localitat de VILAFRANCA DEL PENED\u00c8S.<\/p>\n<p>8. MISCEL\u00b7L\u00c0NIA<\/p>\n<p>Qualsevol ren\u00fancia a una disposici\u00f3 d&#8217;aquestes condicions s&#8217;ha de fer per escrit i ha d&#8217;estar signada per Caf\u00e8s Novell S.A., perqu\u00e8 sigui v\u00e0lida. Aquesta ren\u00fancia no significar\u00e0 una ren\u00fancia continuada en la mateixa disposici\u00f3 en un futur. Si algun dels tribunals competents creu que alguna disposici\u00f3 d&#8217;aquestes condicions no \u00e9s v\u00e0lida o no executable per algun motiu, aquesta no ser\u00e0 efica\u00e7 en els termes estimats pels tribunals per\u00f2 sense afectar la validesa i executabilitat de qualsevol de les disposicions restants. Aquestes condicions constitueixen l&#8217;acord total i complet entre les parts amb relaci\u00f3 a fi de les presents condicions i preval sobre qualsevol declaraci\u00f3, consens o acord previ, ja sigui oral o escrit, nom\u00e9s es podran modificar per escrit i hauran d&#8217;estar signats per vost\u00e8 i per Caf\u00e8s Novell S.A.<\/p>\n<p>Caf\u00e8s Novell S.A.<br \/>\nPol. Ind. Estaci\u00f3 de Mercaderies &#8211; C \/ Font del Avellaner, s \/ n<br \/>\n08720 Vilafranca del Pened\u00e8s (BCN) &#8211; Espanya<\/p>\n<p>93 817 17 10<br \/>\n93 817 02 45<br \/>\nTel. Atenci\u00f3 al client: 900 101 615<\/p>\n<p>Aquesta p\u00e0gina web \u00e9s l&#8217;\u00fanica p\u00e0gina web oficial de Caf\u00e8s Novell S.A. i \u00e9s propietat de Caf\u00e8s Novell S.A. Tots els drets queden reservats. No es permet cap reproducci\u00f3, adaptaci\u00f3, distribuci\u00f3 o transmissi\u00f3 comercial de cap part o parts d&#8217;aquesta p\u00e0gina web ni de la informaci\u00f3 continguda per cap mitj\u00e0, sense el previ consentiment per escrit de Caf\u00e8s Novell S.A.<\/p>\n<p>\u00a9 Caf\u00e8s Novell S.A. 2014 Tots els drets reservats.<\/p>\n","protected":false},"excerpt":{"rendered":"<p>&nbsp; &nbsp; Av\u00eds Legal En utilitzar aquesta p\u00e0gina web, l&#8217;Usuari reconeix haver llegit i ent\u00e8s totes les condicions d&#8217;aquest contracte i les accepta juntament amb els seus termes. L&#8217;\u00fas del Servei per part de l&#8217;Usuari ha de ser just, acceptant les condicions del contracte. Caf\u00e8s Novell S.A. com a propietari d&#8217;aquesta web, es reserva el [&hellip;]<\/p>\n","protected":false},"author":1,"featured_media":0,"parent":0,"menu_order":1000,"comment_status":"closed","ping_status":"closed","template":"","meta":{"_acf_changed":false,"content-type":"","footnotes":""},"class_list":["post-9749","page","type-page","status-publish","hentry"],"acf":[],"yoast_head":"<!-- This site is optimized with the Yoast SEO plugin v27.0 - https:\/\/yoast.com\/product\/yoast-seo-wordpress\/ -->\n<title>Av\u00eds legal - Caf\u00e8s Novell<\/title>\n<meta name=\"robots\" content=\"noindex, follow, max-snippet:-1, max-image-preview:large, max-video-preview:-1\" \/>\n<meta property=\"og:locale\" content=\"ca_ES\" \/>\n<meta property=\"og:type\" content=\"article\" \/>\n<meta property=\"og:title\" content=\"Av\u00eds legal - Caf\u00e8s Novell\" \/>\n<meta property=\"og:description\" content=\"&nbsp; &nbsp; Av\u00eds Legal En utilitzar aquesta p\u00e0gina web, l&#8217;Usuari reconeix haver llegit i ent\u00e8s totes les condicions d&#8217;aquest contracte i les accepta juntament amb els seus termes. L&#8217;\u00fas del Servei per part de l&#8217;Usuari ha de ser just, acceptant les condicions del contracte. Caf\u00e8s Novell S.A. com a propietari d&#8217;aquesta web, es reserva el [&hellip;]\" \/>\n<meta property=\"og:url\" content=\"https:\/\/dev.cafesnovell.com\/ca\/avis-legal\/\" \/>\n<meta property=\"og:site_name\" content=\"Caf\u00e8s Novell\" \/>\n<meta property=\"article:modified_time\" content=\"2019-10-18T18:05:08+00:00\" \/>\n<meta name=\"twitter:card\" content=\"summary_large_image\" \/>\n<meta name=\"twitter:label1\" content=\"Temps estimat de lectura\" \/>\n\t<meta name=\"twitter:data1\" content=\"8 minuts\" \/>\n<script type=\"application\/ld+json\" class=\"yoast-schema-graph\">{\"@context\":\"https:\/\/schema.org\",\"@graph\":[{\"@type\":\"WebPage\",\"@id\":\"https:\/\/dev.cafesnovell.com\/ca\/avis-legal\/\",\"url\":\"https:\/\/dev.cafesnovell.com\/ca\/avis-legal\/\",\"name\":\"Av\u00eds legal - Caf\u00e8s Novell\",\"isPartOf\":{\"@id\":\"https:\/\/dev.cafesnovell.com\/ca\/#website\"},\"datePublished\":\"2019-10-17T21:17:38+00:00\",\"dateModified\":\"2019-10-18T18:05:08+00:00\",\"breadcrumb\":{\"@id\":\"https:\/\/dev.cafesnovell.com\/ca\/avis-legal\/#breadcrumb\"},\"inLanguage\":\"ca\",\"potentialAction\":[{\"@type\":\"ReadAction\",\"target\":[\"https:\/\/dev.cafesnovell.com\/ca\/avis-legal\/\"]}]},{\"@type\":\"BreadcrumbList\",\"@id\":\"https:\/\/dev.cafesnovell.com\/ca\/avis-legal\/#breadcrumb\",\"itemListElement\":[{\"@type\":\"ListItem\",\"position\":1,\"name\":\"Inici\",\"item\":\"https:\/\/dev.cafesnovell.com\/ca\/\"},{\"@type\":\"ListItem\",\"position\":2,\"name\":\"Av\u00eds legal\"}]},{\"@type\":\"WebSite\",\"@id\":\"https:\/\/dev.cafesnovell.com\/ca\/#website\",\"url\":\"https:\/\/dev.cafesnovell.com\/ca\/\",\"name\":\"Caf\u00e8s Novell\",\"description\":\"Organic Premium Coffee\",\"potentialAction\":[{\"@type\":\"SearchAction\",\"target\":{\"@type\":\"EntryPoint\",\"urlTemplate\":\"https:\/\/dev.cafesnovell.com\/ca\/?s={search_term_string}\"},\"query-input\":{\"@type\":\"PropertyValueSpecification\",\"valueRequired\":true,\"valueName\":\"search_term_string\"}}],\"inLanguage\":\"ca\"}]}<\/script>\n<!-- \/ Yoast SEO plugin. -->","yoast_head_json":{"title":"Av\u00eds legal - Caf\u00e8s Novell","robots":{"index":"noindex","follow":"follow","max-snippet":"max-snippet:-1","max-image-preview":"max-image-preview:large","max-video-preview":"max-video-preview:-1"},"og_locale":"ca_ES","og_type":"article","og_title":"Av\u00eds legal - Caf\u00e8s Novell","og_description":"&nbsp; &nbsp; Av\u00eds Legal En utilitzar aquesta p\u00e0gina web, l&#8217;Usuari reconeix haver llegit i ent\u00e8s totes les condicions d&#8217;aquest contracte i les accepta juntament amb els seus termes. L&#8217;\u00fas del Servei per part de l&#8217;Usuari ha de ser just, acceptant les condicions del contracte. Caf\u00e8s Novell S.A. com a propietari d&#8217;aquesta web, es reserva el [&hellip;]","og_url":"https:\/\/dev.cafesnovell.com\/ca\/avis-legal\/","og_site_name":"Caf\u00e8s Novell","article_modified_time":"2019-10-18T18:05:08+00:00","twitter_card":"summary_large_image","twitter_misc":{"Temps estimat de lectura":"8 minuts"},"schema":{"@context":"https:\/\/schema.org","@graph":[{"@type":"WebPage","@id":"https:\/\/dev.cafesnovell.com\/ca\/avis-legal\/","url":"https:\/\/dev.cafesnovell.com\/ca\/avis-legal\/","name":"Av\u00eds legal - Caf\u00e8s Novell","isPartOf":{"@id":"https:\/\/dev.cafesnovell.com\/ca\/#website"},"datePublished":"2019-10-17T21:17:38+00:00","dateModified":"2019-10-18T18:05:08+00:00","breadcrumb":{"@id":"https:\/\/dev.cafesnovell.com\/ca\/avis-legal\/#breadcrumb"},"inLanguage":"ca","potentialAction":[{"@type":"ReadAction","target":["https:\/\/dev.cafesnovell.com\/ca\/avis-legal\/"]}]},{"@type":"BreadcrumbList","@id":"https:\/\/dev.cafesnovell.com\/ca\/avis-legal\/#breadcrumb","itemListElement":[{"@type":"ListItem","position":1,"name":"Inici","item":"https:\/\/dev.cafesnovell.com\/ca\/"},{"@type":"ListItem","position":2,"name":"Av\u00eds legal"}]},{"@type":"WebSite","@id":"https:\/\/dev.cafesnovell.com\/ca\/#website","url":"https:\/\/dev.cafesnovell.com\/ca\/","name":"Caf\u00e8s Novell","description":"Organic Premium Coffee","potentialAction":[{"@type":"SearchAction","target":{"@type":"EntryPoint","urlTemplate":"https:\/\/dev.cafesnovell.com\/ca\/?s={search_term_string}"},"query-input":{"@type":"PropertyValueSpecification","valueRequired":true,"valueName":"search_term_string"}}],"inLanguage":"ca"}]}},"_links":{"self":[{"href":"https:\/\/dev.cafesnovell.com\/ca\/wp-json\/wp\/v2\/pages\/9749","targetHints":{"allow":["GET"]}}],"collection":[{"href":"https:\/\/dev.cafesnovell.com\/ca\/wp-json\/wp\/v2\/pages"}],"about":[{"href":"https:\/\/dev.cafesnovell.com\/ca\/wp-json\/wp\/v2\/types\/page"}],"author":[{"embeddable":true,"href":"https:\/\/dev.cafesnovell.com\/ca\/wp-json\/wp\/v2\/users\/1"}],"replies":[{"embeddable":true,"href":"https:\/\/dev.cafesnovell.com\/ca\/wp-json\/wp\/v2\/comments?post=9749"}],"version-history":[{"count":0,"href":"https:\/\/dev.cafesnovell.com\/ca\/wp-json\/wp\/v2\/pages\/9749\/revisions"}],"wp:attachment":[{"href":"https:\/\/dev.cafesnovell.com\/ca\/wp-json\/wp\/v2\/media?parent=9749"}],"curies":[{"name":"wp","href":"https:\/\/api.w.org\/{rel}","templated":true}]}}