{"id":9751,"date":"2019-10-17T21:29:10","date_gmt":"2019-10-17T21:29:10","guid":{"rendered":"https:\/\/cafesnovell.com\/politica-de-privacitat\/"},"modified":"2019-10-18T18:17:28","modified_gmt":"2019-10-18T18:17:28","slug":"politica-de-privacitat","status":"publish","type":"page","link":"https:\/\/dev.cafesnovell.com\/ca\/politica-de-privacitat\/","title":{"rendered":"Pol\u00edtica de privacitat"},"content":{"rendered":"<p>&nbsp;<\/p>\n<p>&nbsp;<\/p>\n<h2>Pol\u00edtica de Privacitat<\/h2>\n<p>1. INTRODUCCI\u00d3<\/p>\n<p>En CAF\u00c8S NOVELL, S.A. estem compromesos amb la privacitat de les dades personals. Creiem fermament en la transpar\u00e8ncia i aspirem a mantenir una relaci\u00f3 amb els nostres clients, prove\u00efdors i empleats basada en el respecte, la confian\u00e7a i l&#8217;inter\u00e8s mutu. Ens comprometem a mantenir les vostres dades de forma segura i a treballar exclusivament amb socis i col\u00b7laboradors de confian\u00e7a.<\/p>\n<p>A continuaci\u00f3, expliquem en qu\u00e8 consisteix la nostra pol\u00edtica de privacitat i per a qu\u00e8 recopilem les dades que tractem.<\/p>\n<p>2. RESPONSABLE &#8211; Qui \u00e9s el responsable del tractament de les teves dades?<\/p>\n<p>CAF\u00c8S NOVELL, S.A.<\/p>\n<p>Direcci\u00f3: C \/ Font de l&#8217;Avellaner s \/ n &#8211; Pol. Ind. Estaci\u00f3 de Mercaderies, 08720, Vilafranca del Pened\u00e8s, Barcelona.<\/p>\n<p>Si vols contactar amb CAF\u00c8S NOVELL, S.A. per a qualsevol q\u00fcesti\u00f3 relativa a la privacitat de les teves dades podr\u00e0s fer-ho per correu postal, o b\u00e9 a trav\u00e9s del seg\u00fcent correu electr\u00f2nic: dpo@cafesnovell.com.<\/p>\n<p>De la mateixa manera, la p\u00e0gina web http:\/\/www.cafesnovell.com \u00e9s titularitat de CAF\u00c8S NOVELL, S.A.. L&#8217;acc\u00e9s a la web \u00e9s lliure i no requereix pr\u00e8via subscripci\u00f3. Si navegues al web est\u00e0s acceptant l&#8217;\u00das Web i la Pol\u00edtica de Privacitat i de Cookies.<\/p>\n<p>3. QUINES DADES PERSONALS TRACTEM I COM S&#8217;OBTENEN?<\/p>\n<p>Les dades personals dels nostres clients i prove\u00efdors que tractem han estat facilitades pel mateix interessat.<\/p>\n<p>Les categories de dades que tractem s\u00f3n:<\/p>\n<p>Dades de car\u00e0cter identificatiu<\/p>\n<p>Informaci\u00f3 comercial<\/p>\n<p>Transaccions o b\u00e9ns rebuts per l&#8217;afectat<\/p>\n<p>Dades banc\u00e0ries<\/p>\n<p>Videovigil\u00e0ncia de les nostres instal\u00b7lacions<\/p>\n<p>4. PER A QU\u00c8 UTILITZEM LES DADES?<\/p>\n<p>A CAF\u00c8S NOVELL, S.A. tractem la informaci\u00f3 que ens faciliten els nostres clients, prove\u00efdors i usuaris de la web per tal de gestionar la nostra relaci\u00f3 contractual.<\/p>\n<p>5. LEGITIMACI\u00d3, QU\u00c8 ENS PERMET TRACTAR LES TEVES DADES?<\/p>\n<p>La base legal per al tractament de les dades \u00e9s el compliment d&#8217;una relaci\u00f3 contractual.<\/p>\n<p>6. DESTINATARIS, QUI POT ACCEDIR A LES TEVES DADES?<\/p>\n<p>Els destinataris de la informaci\u00f3 s\u00f3n tots els departaments en qu\u00e8 s&#8217;organitza la societat, aix\u00ed com els estaments oficials que per Llei exigeixen la cessi\u00f3.<\/p>\n<p>Les dades es comunicaran a empreses que presten serveis a CAF\u00c8S NOVELL, S.A. en mat\u00e8ria de gesti\u00f3 comptable i auditories. Amb aquestes empreses hi ha un contracte entre CAF\u00c8S NOVELL, S.A. que regula aquest tractament de dades.<\/p>\n<p>Tamb\u00e9 es comunicaran les dades a les entitats financeres amb qui treballa la societat, per realitzar els cobraments i pagaments pertinents.<\/p>\n<p>\u00danicament en el cas que ens doni el seu consentiment per a aix\u00f2, les seves dades personals i, si escau, el seu perfil comercial, s&#8217;han de comunicar a la resta d&#8217;empreses del Grup Caf\u00e8s Novell, amb les finalitats indicades en el punt &#8220;Per a qu\u00e8 utilitzem les seves dades?&#8221; de la present pol\u00edtica de privacitat. A continuaci\u00f3 apareix el llistat d&#8217;empreses del Grup Caf\u00e8s Novell:<\/p>\n<p>CAF\u00c8S NOVELL, S.A.<\/p>\n<p>DISVEN VILANOVA, S.L.<\/p>\n<p>BENAJES MARGOT, S.L.<\/p>\n<p>VILAMATIC REPARACIONS, S.L.<\/p>\n<p>NEW ESPRESSO, S.L.<\/p>\n<p>NOVELL IB\u00c9RICA DE CAF\u00c8S, S.L.<\/p>\n<p>7. DURACI\u00d3, QUANT TEMPS CONSERVEM LES TEVES DADES?<\/p>\n<p>Les dades personals proporcionades es conservaran mentre es mantingui la relaci\u00f3 mercantil. Un cop finalitzada, si es demana la seva supressi\u00f3 per l&#8217;interessat, es conservaran per un m\u00e0xim de 5 anys, per obligaci\u00f3 jur\u00eddica.<\/p>\n<p>8. DRETS<\/p>\n<p>Qualsevol persona t\u00e9 dret a obtenir confirmaci\u00f3 sobre si a CAF\u00c8S NOVELL, S.A. estem tractant dades personals que els concerneixin, o no.<\/p>\n<p>En concret, et detallem els seg\u00fcents drets que et corresponen:<\/p>\n<p>Dret d&#8217;informaci\u00f3<br \/>\nObtenir informaci\u00f3 clara, transparent i f\u00e0cil d&#8217;entendre sobre la manera com fem servir les teves dades personals i sobre els teus Drets. Et facilitem aquesta informaci\u00f3 en aquesta Pol\u00edtica.<\/p>\n<p>Dret d&#8217;acc\u00e9s<br \/>\nDret a accedir a les teves dades personals que tenim emmagatzemades.<\/p>\n<p>Dret de rectificaci\u00f3<br \/>\nDret a fer que es rectifiquin les teves dades personals quan siguin inexactes o hagin deixat de ser v\u00e0lids o a fer que es completin quan siguin incomplets.<\/p>\n<p>Dret de supressi\u00f3 o dret a l&#8217;oblit<br \/>\nDret a fer que les teves dades personals siguin suprimides en determinats casos. Com saps, no es tracta d&#8217;un dret absolut, ja que podrem conservar algunes dades per motius legals o leg\u00edtims.<\/p>\n<p>Dret a la limitaci\u00f3 del tractament<br \/>\nL&#8217;interessat t\u00e9 dret a sol\u00b7licitar la limitaci\u00f3 del tractament de les dades personals que correspongui.<\/p>\n<p>Dret d&#8217;oposici\u00f3<br \/>\nEl dret d&#8217;oposici\u00f3 \u00e9s el dret de l&#8217;afectat a que no es dugui a terme el tractament de les seves dades de car\u00e0cter personal.<\/p>\n<p>Per exercir qualsevol d&#8217;aquests drets, pots contactar-nos a trav\u00e9s de dpo@cafesnovell.com.<\/p>\n<p>\u00a9 Caf\u00e8s Novell S.A. 2018 Tots els drets reservats.<\/p>\n","protected":false},"excerpt":{"rendered":"<p>&nbsp; &nbsp; Pol\u00edtica de Privacitat 1. INTRODUCCI\u00d3 En CAF\u00c8S NOVELL, S.A. estem compromesos amb la privacitat de les dades personals. Creiem fermament en la transpar\u00e8ncia i aspirem a mantenir una relaci\u00f3 amb els nostres clients, prove\u00efdors i empleats basada en el respecte, la confian\u00e7a i l&#8217;inter\u00e8s mutu. Ens comprometem a mantenir les vostres dades de [&hellip;]<\/p>\n","protected":false},"author":1,"featured_media":0,"parent":0,"menu_order":1030,"comment_status":"closed","ping_status":"closed","template":"","meta":{"_acf_changed":false,"content-type":"","footnotes":""},"class_list":["post-9751","page","type-page","status-publish","hentry"],"acf":[],"yoast_head":"<!-- This site is optimized with the Yoast SEO plugin v27.0 - https:\/\/yoast.com\/product\/yoast-seo-wordpress\/ -->\n<title>Pol\u00edtica de privacitat - Caf\u00e8s Novell<\/title>\n<meta name=\"robots\" content=\"noindex, follow, max-snippet:-1, max-image-preview:large, max-video-preview:-1\" \/>\n<meta property=\"og:locale\" content=\"ca_ES\" \/>\n<meta property=\"og:type\" content=\"article\" \/>\n<meta property=\"og:title\" content=\"Pol\u00edtica de privacitat - Caf\u00e8s Novell\" \/>\n<meta property=\"og:description\" content=\"&nbsp; &nbsp; Pol\u00edtica de Privacitat 1. INTRODUCCI\u00d3 En CAF\u00c8S NOVELL, S.A. estem compromesos amb la privacitat de les dades personals. Creiem fermament en la transpar\u00e8ncia i aspirem a mantenir una relaci\u00f3 amb els nostres clients, prove\u00efdors i empleats basada en el respecte, la confian\u00e7a i l&#8217;inter\u00e8s mutu. Ens comprometem a mantenir les vostres dades de [&hellip;]\" \/>\n<meta property=\"og:url\" content=\"https:\/\/dev.cafesnovell.com\/ca\/politica-de-privacitat\/\" \/>\n<meta property=\"og:site_name\" content=\"Caf\u00e8s Novell\" \/>\n<meta property=\"article:modified_time\" content=\"2019-10-18T18:17:28+00:00\" \/>\n<meta name=\"twitter:card\" content=\"summary_large_image\" \/>\n<meta name=\"twitter:label1\" content=\"Temps estimat de lectura\" \/>\n\t<meta name=\"twitter:data1\" content=\"4 minuts\" \/>\n<script type=\"application\/ld+json\" class=\"yoast-schema-graph\">{\"@context\":\"https:\/\/schema.org\",\"@graph\":[{\"@type\":\"WebPage\",\"@id\":\"https:\/\/dev.cafesnovell.com\/ca\/politica-de-privacitat\/\",\"url\":\"https:\/\/dev.cafesnovell.com\/ca\/politica-de-privacitat\/\",\"name\":\"Pol\u00edtica de privacitat - Caf\u00e8s Novell\",\"isPartOf\":{\"@id\":\"https:\/\/dev.cafesnovell.com\/ca\/#website\"},\"datePublished\":\"2019-10-17T21:29:10+00:00\",\"dateModified\":\"2019-10-18T18:17:28+00:00\",\"breadcrumb\":{\"@id\":\"https:\/\/dev.cafesnovell.com\/ca\/politica-de-privacitat\/#breadcrumb\"},\"inLanguage\":\"ca\",\"potentialAction\":[{\"@type\":\"ReadAction\",\"target\":[\"https:\/\/dev.cafesnovell.com\/ca\/politica-de-privacitat\/\"]}]},{\"@type\":\"BreadcrumbList\",\"@id\":\"https:\/\/dev.cafesnovell.com\/ca\/politica-de-privacitat\/#breadcrumb\",\"itemListElement\":[{\"@type\":\"ListItem\",\"position\":1,\"name\":\"Inici\",\"item\":\"https:\/\/dev.cafesnovell.com\/ca\/\"},{\"@type\":\"ListItem\",\"position\":2,\"name\":\"Pol\u00edtica de privacitat\"}]},{\"@type\":\"WebSite\",\"@id\":\"https:\/\/dev.cafesnovell.com\/ca\/#website\",\"url\":\"https:\/\/dev.cafesnovell.com\/ca\/\",\"name\":\"Caf\u00e8s Novell\",\"description\":\"Organic Premium Coffee\",\"potentialAction\":[{\"@type\":\"SearchAction\",\"target\":{\"@type\":\"EntryPoint\",\"urlTemplate\":\"https:\/\/dev.cafesnovell.com\/ca\/?s={search_term_string}\"},\"query-input\":{\"@type\":\"PropertyValueSpecification\",\"valueRequired\":true,\"valueName\":\"search_term_string\"}}],\"inLanguage\":\"ca\"}]}<\/script>\n<!-- \/ Yoast SEO plugin. -->","yoast_head_json":{"title":"Pol\u00edtica de privacitat - Caf\u00e8s Novell","robots":{"index":"noindex","follow":"follow","max-snippet":"max-snippet:-1","max-image-preview":"max-image-preview:large","max-video-preview":"max-video-preview:-1"},"og_locale":"ca_ES","og_type":"article","og_title":"Pol\u00edtica de privacitat - Caf\u00e8s Novell","og_description":"&nbsp; &nbsp; Pol\u00edtica de Privacitat 1. INTRODUCCI\u00d3 En CAF\u00c8S NOVELL, S.A. estem compromesos amb la privacitat de les dades personals. Creiem fermament en la transpar\u00e8ncia i aspirem a mantenir una relaci\u00f3 amb els nostres clients, prove\u00efdors i empleats basada en el respecte, la confian\u00e7a i l&#8217;inter\u00e8s mutu. Ens comprometem a mantenir les vostres dades de [&hellip;]","og_url":"https:\/\/dev.cafesnovell.com\/ca\/politica-de-privacitat\/","og_site_name":"Caf\u00e8s Novell","article_modified_time":"2019-10-18T18:17:28+00:00","twitter_card":"summary_large_image","twitter_misc":{"Temps estimat de lectura":"4 minuts"},"schema":{"@context":"https:\/\/schema.org","@graph":[{"@type":"WebPage","@id":"https:\/\/dev.cafesnovell.com\/ca\/politica-de-privacitat\/","url":"https:\/\/dev.cafesnovell.com\/ca\/politica-de-privacitat\/","name":"Pol\u00edtica de privacitat - Caf\u00e8s Novell","isPartOf":{"@id":"https:\/\/dev.cafesnovell.com\/ca\/#website"},"datePublished":"2019-10-17T21:29:10+00:00","dateModified":"2019-10-18T18:17:28+00:00","breadcrumb":{"@id":"https:\/\/dev.cafesnovell.com\/ca\/politica-de-privacitat\/#breadcrumb"},"inLanguage":"ca","potentialAction":[{"@type":"ReadAction","target":["https:\/\/dev.cafesnovell.com\/ca\/politica-de-privacitat\/"]}]},{"@type":"BreadcrumbList","@id":"https:\/\/dev.cafesnovell.com\/ca\/politica-de-privacitat\/#breadcrumb","itemListElement":[{"@type":"ListItem","position":1,"name":"Inici","item":"https:\/\/dev.cafesnovell.com\/ca\/"},{"@type":"ListItem","position":2,"name":"Pol\u00edtica de privacitat"}]},{"@type":"WebSite","@id":"https:\/\/dev.cafesnovell.com\/ca\/#website","url":"https:\/\/dev.cafesnovell.com\/ca\/","name":"Caf\u00e8s Novell","description":"Organic Premium Coffee","potentialAction":[{"@type":"SearchAction","target":{"@type":"EntryPoint","urlTemplate":"https:\/\/dev.cafesnovell.com\/ca\/?s={search_term_string}"},"query-input":{"@type":"PropertyValueSpecification","valueRequired":true,"valueName":"search_term_string"}}],"inLanguage":"ca"}]}},"_links":{"self":[{"href":"https:\/\/dev.cafesnovell.com\/ca\/wp-json\/wp\/v2\/pages\/9751","targetHints":{"allow":["GET"]}}],"collection":[{"href":"https:\/\/dev.cafesnovell.com\/ca\/wp-json\/wp\/v2\/pages"}],"about":[{"href":"https:\/\/dev.cafesnovell.com\/ca\/wp-json\/wp\/v2\/types\/page"}],"author":[{"embeddable":true,"href":"https:\/\/dev.cafesnovell.com\/ca\/wp-json\/wp\/v2\/users\/1"}],"replies":[{"embeddable":true,"href":"https:\/\/dev.cafesnovell.com\/ca\/wp-json\/wp\/v2\/comments?post=9751"}],"version-history":[{"count":0,"href":"https:\/\/dev.cafesnovell.com\/ca\/wp-json\/wp\/v2\/pages\/9751\/revisions"}],"wp:attachment":[{"href":"https:\/\/dev.cafesnovell.com\/ca\/wp-json\/wp\/v2\/media?parent=9751"}],"curies":[{"name":"wp","href":"https:\/\/api.w.org\/{rel}","templated":true}]}}