{"id":10334,"date":"2019-10-02T14:18:22","date_gmt":"2019-10-02T12:18:22","guid":{"rendered":"https:\/\/cafesnovell.com\/producto\/pu-erh-taronja-i-llimona\/"},"modified":"2025-11-14T20:39:40","modified_gmt":"2025-11-14T19:39:40","slug":"pu-erh-taronja-i-llimona","status":"publish","type":"product","link":"https:\/\/dev.cafesnovell.com\/ca\/producto\/pu-erh-taronja-i-llimona\/","title":{"rendered":"Pu Erh Taronja i Llimona (250g)"},"content":{"rendered":"<p><span class=\"bold-product\">Propietats Principals:<\/span><br \/>\nTe di\u00fcr\u00e8tic que redueix el nivell de colesterol.<\/p>\n<p><span class=\"bold-product\">Recomanacions de consum:<\/span><br \/>\nAfegir-hi mel o sucre mor\u00e8.<\/p>\n<p><span class=\"bold-product\">Origen i caracter\u00edstiques:<\/span><br \/>\nOriginari de la regi\u00f3 de Yunnan, coneguda tamb\u00e9 com la regi\u00f3 de l\u2019eterna primavera. Considerat remei per l\u2019aprimament i reductor del nivell de colesterol. Sabor fort i terr\u00f3s, amb notes refrescants.<\/p>\n<p><span class=\"bold-product\">Format:<\/span><br \/>\nBossa de 250 grs.<\/p>\n","protected":false},"excerpt":{"rendered":"<p>Originari de la regi\u00f3 de Yunnan, coneguda tamb\u00e9 com la regi\u00f3 de l\u2019eterna primavera. Considerat remei per l\u2019aprimament i reductor del nivell de colesterol. Sabor fort i terr\u00f3s, amb notes refrescants. Es recomana afegir-hi mel o sucre mor\u00e8.<\/p>\n","protected":false},"featured_media":5366,"template":"","meta":{"_acf_changed":false,"content-type":""},"product_brand":[],"product_cat":[126,127],"product_tag":[],"class_list":{"0":"post-10334","1":"product","2":"type-product","3":"status-publish","4":"has-post-thumbnail","6":"product_cat-tes-i-infusions","7":"product_cat-granel-ca","9":"first","10":"outofstock","11":"taxable","12":"shipping-taxable","13":"purchasable","14":"product-type-simple"},"bundled_by":[],"bundle_stock_status":"outofstock","bundle_stock_quantity":0,"bundle_virtual":false,"bundle_layout":"","bundle_add_to_cart_form_location":"","bundle_editable_in_cart":false,"bundle_sold_individually_context":"","bundle_item_grouping":"","bundle_min_size":"","bundle_max_size":"","bundle_price":[],"bundled_items":[],"bundle_sell_ids":[],"acf":[],"yoast_head":"<!-- This site is optimized with the Yoast SEO plugin v27.0 - https:\/\/yoast.com\/product\/yoast-seo-wordpress\/ -->\n<title>Pu Erh Taronja i Llimona (250g) - Caf\u00e8s Novell<\/title>\n<meta name=\"description\" content=\"T\u00e9 diur\u00e9tico que reduce el nivel de colesterol. T\u00e9 diur\u00e9tico que reduce el nivel de colesterol.\" \/>\n<meta name=\"robots\" content=\"noindex, follow, max-snippet:-1, max-image-preview:large, max-video-preview:-1\" \/>\n<meta property=\"og:locale\" content=\"ca_ES\" \/>\n<meta property=\"og:type\" content=\"article\" \/>\n<meta property=\"og:title\" content=\"Pu Erh Taronja i Llimona (250g) - Caf\u00e8s Novell\" \/>\n<meta property=\"og:description\" content=\"T\u00e9 diur\u00e9tico que reduce el nivel de colesterol. T\u00e9 diur\u00e9tico que reduce el nivel de colesterol.\" \/>\n<meta property=\"og:url\" content=\"https:\/\/dev.cafesnovell.com\/ca\/producto\/pu-erh-taronja-i-llimona\/\" \/>\n<meta property=\"og:site_name\" content=\"Caf\u00e8s Novell\" \/>\n<meta property=\"article:modified_time\" content=\"2025-11-14T19:39:40+00:00\" \/>\n<meta property=\"og:image\" content=\"https:\/\/dev.cafesnovell.com\/wp-content\/uploads\/2019\/10\/0636.jpg\" \/>\n\t<meta property=\"og:image:width\" content=\"600\" \/>\n\t<meta property=\"og:image:height\" content=\"600\" \/>\n\t<meta property=\"og:image:type\" content=\"image\/jpeg\" \/>\n<meta name=\"twitter:card\" content=\"summary_large_image\" \/>\n<script type=\"application\/ld+json\" class=\"yoast-schema-graph\">{\"@context\":\"https:\/\/schema.org\",\"@graph\":[{\"@type\":\"WebPage\",\"@id\":\"https:\/\/dev.cafesnovell.com\/ca\/producto\/pu-erh-taronja-i-llimona\/\",\"url\":\"https:\/\/dev.cafesnovell.com\/ca\/producto\/pu-erh-taronja-i-llimona\/\",\"name\":\"Pu Erh Taronja i Llimona (250g) - Caf\u00e8s Novell\",\"isPartOf\":{\"@id\":\"https:\/\/dev.cafesnovell.com\/ca\/#website\"},\"primaryImageOfPage\":{\"@id\":\"https:\/\/dev.cafesnovell.com\/ca\/producto\/pu-erh-taronja-i-llimona\/#primaryimage\"},\"image\":{\"@id\":\"https:\/\/dev.cafesnovell.com\/ca\/producto\/pu-erh-taronja-i-llimona\/#primaryimage\"},\"thumbnailUrl\":\"https:\/\/dev.cafesnovell.com\/wp-content\/uploads\/2019\/10\/0636.jpg\",\"datePublished\":\"2019-10-02T12:18:22+00:00\",\"dateModified\":\"2025-11-14T19:39:40+00:00\",\"description\":\"T\u00e9 diur\u00e9tico que reduce el nivel de colesterol. T\u00e9 diur\u00e9tico que reduce el nivel de colesterol.\",\"breadcrumb\":{\"@id\":\"https:\/\/dev.cafesnovell.com\/ca\/producto\/pu-erh-taronja-i-llimona\/#breadcrumb\"},\"inLanguage\":\"ca\",\"potentialAction\":[{\"@type\":\"ReadAction\",\"target\":[\"https:\/\/dev.cafesnovell.com\/ca\/producto\/pu-erh-taronja-i-llimona\/\"]}]},{\"@type\":\"ImageObject\",\"inLanguage\":\"ca\",\"@id\":\"https:\/\/dev.cafesnovell.com\/ca\/producto\/pu-erh-taronja-i-llimona\/#primaryimage\",\"url\":\"https:\/\/dev.cafesnovell.com\/wp-content\/uploads\/2019\/10\/0636.jpg\",\"contentUrl\":\"https:\/\/dev.cafesnovell.com\/wp-content\/uploads\/2019\/10\/0636.jpg\",\"width\":600,\"height\":600,\"caption\":\"herbal & teas granel Pu Erh Taronja i Llimona\"},{\"@type\":\"BreadcrumbList\",\"@id\":\"https:\/\/dev.cafesnovell.com\/ca\/producto\/pu-erh-taronja-i-llimona\/#breadcrumb\",\"itemListElement\":[{\"@type\":\"ListItem\",\"position\":1,\"name\":\"Inici\",\"item\":\"https:\/\/dev.cafesnovell.com\/ca\/\"},{\"@type\":\"ListItem\",\"position\":2,\"name\":\"Botiga\",\"item\":\"https:\/\/dev.cafesnovell.com\/tienda\/\"},{\"@type\":\"ListItem\",\"position\":3,\"name\":\"Pu Erh Taronja i Llimona (250g)\"}]},{\"@type\":\"WebSite\",\"@id\":\"https:\/\/dev.cafesnovell.com\/ca\/#website\",\"url\":\"https:\/\/dev.cafesnovell.com\/ca\/\",\"name\":\"Caf\u00e8s Novell\",\"description\":\"Organic Premium Coffee\",\"potentialAction\":[{\"@type\":\"SearchAction\",\"target\":{\"@type\":\"EntryPoint\",\"urlTemplate\":\"https:\/\/dev.cafesnovell.com\/ca\/?s={search_term_string}\"},\"query-input\":{\"@type\":\"PropertyValueSpecification\",\"valueRequired\":true,\"valueName\":\"search_term_string\"}}],\"inLanguage\":\"ca\"}]}<\/script>\n<!-- \/ Yoast SEO plugin. -->","yoast_head_json":{"title":"Pu Erh Taronja i Llimona (250g) - Caf\u00e8s Novell","description":"T\u00e9 diur\u00e9tico que reduce el nivel de colesterol. T\u00e9 diur\u00e9tico que reduce el nivel de colesterol.","robots":{"index":"noindex","follow":"follow","max-snippet":"max-snippet:-1","max-image-preview":"max-image-preview:large","max-video-preview":"max-video-preview:-1"},"og_locale":"ca_ES","og_type":"article","og_title":"Pu Erh Taronja i Llimona (250g) - Caf\u00e8s Novell","og_description":"T\u00e9 diur\u00e9tico que reduce el nivel de colesterol. T\u00e9 diur\u00e9tico que reduce el nivel de colesterol.","og_url":"https:\/\/dev.cafesnovell.com\/ca\/producto\/pu-erh-taronja-i-llimona\/","og_site_name":"Caf\u00e8s Novell","article_modified_time":"2025-11-14T19:39:40+00:00","og_image":[{"width":600,"height":600,"url":"https:\/\/dev.cafesnovell.com\/wp-content\/uploads\/2019\/10\/0636.jpg","type":"image\/jpeg"}],"twitter_card":"summary_large_image","schema":{"@context":"https:\/\/schema.org","@graph":[{"@type":"WebPage","@id":"https:\/\/dev.cafesnovell.com\/ca\/producto\/pu-erh-taronja-i-llimona\/","url":"https:\/\/dev.cafesnovell.com\/ca\/producto\/pu-erh-taronja-i-llimona\/","name":"Pu Erh Taronja i Llimona (250g) - Caf\u00e8s Novell","isPartOf":{"@id":"https:\/\/dev.cafesnovell.com\/ca\/#website"},"primaryImageOfPage":{"@id":"https:\/\/dev.cafesnovell.com\/ca\/producto\/pu-erh-taronja-i-llimona\/#primaryimage"},"image":{"@id":"https:\/\/dev.cafesnovell.com\/ca\/producto\/pu-erh-taronja-i-llimona\/#primaryimage"},"thumbnailUrl":"https:\/\/dev.cafesnovell.com\/wp-content\/uploads\/2019\/10\/0636.jpg","datePublished":"2019-10-02T12:18:22+00:00","dateModified":"2025-11-14T19:39:40+00:00","description":"T\u00e9 diur\u00e9tico que reduce el nivel de colesterol. T\u00e9 diur\u00e9tico que reduce el nivel de colesterol.","breadcrumb":{"@id":"https:\/\/dev.cafesnovell.com\/ca\/producto\/pu-erh-taronja-i-llimona\/#breadcrumb"},"inLanguage":"ca","potentialAction":[{"@type":"ReadAction","target":["https:\/\/dev.cafesnovell.com\/ca\/producto\/pu-erh-taronja-i-llimona\/"]}]},{"@type":"ImageObject","inLanguage":"ca","@id":"https:\/\/dev.cafesnovell.com\/ca\/producto\/pu-erh-taronja-i-llimona\/#primaryimage","url":"https:\/\/dev.cafesnovell.com\/wp-content\/uploads\/2019\/10\/0636.jpg","contentUrl":"https:\/\/dev.cafesnovell.com\/wp-content\/uploads\/2019\/10\/0636.jpg","width":600,"height":600,"caption":"herbal & teas granel Pu Erh Taronja i Llimona"},{"@type":"BreadcrumbList","@id":"https:\/\/dev.cafesnovell.com\/ca\/producto\/pu-erh-taronja-i-llimona\/#breadcrumb","itemListElement":[{"@type":"ListItem","position":1,"name":"Inici","item":"https:\/\/dev.cafesnovell.com\/ca\/"},{"@type":"ListItem","position":2,"name":"Botiga","item":"https:\/\/dev.cafesnovell.com\/tienda\/"},{"@type":"ListItem","position":3,"name":"Pu Erh Taronja i Llimona (250g)"}]},{"@type":"WebSite","@id":"https:\/\/dev.cafesnovell.com\/ca\/#website","url":"https:\/\/dev.cafesnovell.com\/ca\/","name":"Caf\u00e8s Novell","description":"Organic Premium Coffee","potentialAction":[{"@type":"SearchAction","target":{"@type":"EntryPoint","urlTemplate":"https:\/\/dev.cafesnovell.com\/ca\/?s={search_term_string}"},"query-input":{"@type":"PropertyValueSpecification","valueRequired":true,"valueName":"search_term_string"}}],"inLanguage":"ca"}]}},"df_price":10.9,"df_sale_price":"","df_regular_price":10.9,"df_image_link":"https:\/\/dev.cafesnovell.com\/wp-content\/uploads\/2019\/10\/0636-300x300.jpg","_links":{"self":[{"href":"https:\/\/dev.cafesnovell.com\/ca\/wp-json\/wp\/v2\/product\/10334","targetHints":{"allow":["GET"]}}],"collection":[{"href":"https:\/\/dev.cafesnovell.com\/ca\/wp-json\/wp\/v2\/product"}],"about":[{"href":"https:\/\/dev.cafesnovell.com\/ca\/wp-json\/wp\/v2\/types\/product"}],"wp:featuredmedia":[{"embeddable":true,"href":"https:\/\/dev.cafesnovell.com\/ca\/wp-json\/wp\/v2\/media\/5366"}],"wp:attachment":[{"href":"https:\/\/dev.cafesnovell.com\/ca\/wp-json\/wp\/v2\/media?parent=10334"}],"wp:term":[{"taxonomy":"product_brand","embeddable":true,"href":"https:\/\/dev.cafesnovell.com\/ca\/wp-json\/wp\/v2\/product_brand?post=10334"},{"taxonomy":"product_cat","embeddable":true,"href":"https:\/\/dev.cafesnovell.com\/ca\/wp-json\/wp\/v2\/product_cat?post=10334"},{"taxonomy":"product_tag","embeddable":true,"href":"https:\/\/dev.cafesnovell.com\/ca\/wp-json\/wp\/v2\/product_tag?post=10334"}],"curies":[{"name":"wp","href":"https:\/\/api.w.org\/{rel}","templated":true}]}}