{"id":111266,"date":"2025-07-02T12:54:01","date_gmt":"2025-07-02T10:54:01","guid":{"rendered":"https:\/\/cafesnovell.com\/?post_type=product&#038;p=111266"},"modified":"2025-08-28T12:38:41","modified_gmt":"2025-08-28T10:38:41","slug":"capsules-novell-professional-biodegradables-intenso-copia-copia-copia-copia","status":"publish","type":"product","link":"https:\/\/dev.cafesnovell.com\/ca\/producto\/capsules-novell-professional-biodegradables-intenso-copia-copia-copia-copia\/","title":{"rendered":"C\u00e0psules PRO Compostables \u2013 Aroma (50 unitats)"},"content":{"rendered":"","protected":false},"excerpt":{"rendered":"<p data-start=\"95\" data-end=\"140\"><strong data-start=\"95\" data-end=\"140\">C\u00e0psules Compostables Novell Professional<\/strong><\/p>\n<p data-start=\"142\" data-end=\"554\">La varietat <strong data-start=\"154\" data-end=\"163\">Aroma<\/strong> presenta un blend de caf\u00e8s 100% ar\u00e0bics, llavats i naturals, certificats d\u2019agricultura ecol\u00f2gica (sense herbicides ni pesticides qu\u00edmics). Torrats acuradament per seduir els paladars dels tastadors de caf\u00e8 m\u00e9s exigents. S\u2019obt\u00e9 una tassa de caf\u00e8 rica en descriptors i baixa en cafe\u00efna. Es percep un aroma floral i afruitat, i a la boca, notes de mel i llimona, fruits secs, vainilla i mango.<\/p>\n","protected":false},"featured_media":111253,"template":"","meta":{"_acf_changed":false,"content-type":""},"product_brand":[],"product_cat":[2574,116,120],"product_tag":[],"class_list":{"0":"post-111266","1":"product","2":"type-product","3":"status-publish","4":"has-post-thumbnail","6":"product_cat-productes-organics","7":"product_cat-cafes-ca","8":"product_cat-capsules-pro","10":"first","11":"instock","12":"taxable","13":"shipping-taxable","14":"purchasable","15":"product-type-simple"},"bundled_by":[],"bundle_stock_status":"instock","bundle_stock_quantity":null,"bundle_virtual":false,"bundle_layout":"","bundle_add_to_cart_form_location":"","bundle_editable_in_cart":false,"bundle_sold_individually_context":"","bundle_item_grouping":"","bundle_min_size":"","bundle_max_size":"","bundle_price":[],"bundled_items":[],"bundle_sell_ids":[],"acf":[],"yoast_head":"<!-- This site is optimized with the Yoast SEO plugin v27.0 - https:\/\/yoast.com\/product\/yoast-seo-wordpress\/ -->\n<title>C\u00e0psules PRO Compostables \u2013 Aroma (50 unitats) - Caf\u00e8s Novell<\/title>\n<meta name=\"description\" content=\"La variedad Intenso presenta un blend con cuerpo, de larga persistencia en boca, aroma ligero y sabor intenso. Proporciona un toque de acidez que perdura en el paladar de forma persistente y agradable, con aromas caramelizados y tostados. Para los amantes del caf\u00e9 intenso, especialmente recomendado para Ristretto y Espresso.\" \/>\n<meta name=\"robots\" content=\"noindex, follow, max-snippet:-1, max-image-preview:large, max-video-preview:-1\" \/>\n<meta property=\"og:locale\" content=\"ca_ES\" \/>\n<meta property=\"og:type\" content=\"article\" \/>\n<meta property=\"og:title\" content=\"C\u00e0psules PRO Compostables \u2013 Aroma (50 unitats) - Caf\u00e8s Novell\" \/>\n<meta property=\"og:description\" content=\"La variedad Intenso presenta un blend con cuerpo, de larga persistencia en boca, aroma ligero y sabor intenso. Proporciona un toque de acidez que perdura en el paladar de forma persistente y agradable, con aromas caramelizados y tostados. Para los amantes del caf\u00e9 intenso, especialmente recomendado para Ristretto y Espresso.\" \/>\n<meta property=\"og:url\" content=\"https:\/\/dev.cafesnovell.com\/ca\/producto\/capsules-novell-professional-biodegradables-intenso-copia-copia-copia-copia\/\" \/>\n<meta property=\"og:site_name\" content=\"Caf\u00e8s Novell\" \/>\n<meta property=\"article:modified_time\" content=\"2025-08-28T10:38:41+00:00\" \/>\n<meta property=\"og:image\" content=\"https:\/\/dev.cafesnovell.com\/wp-content\/uploads\/2025\/07\/pack_50_capsules_pro_aroma_esq_low_res.jpg\" \/>\n\t<meta property=\"og:image:width\" content=\"1600\" \/>\n\t<meta property=\"og:image:height\" content=\"1600\" \/>\n\t<meta property=\"og:image:type\" content=\"image\/jpeg\" \/>\n<meta name=\"twitter:card\" content=\"summary_large_image\" \/>\n<meta name=\"twitter:label1\" content=\"Temps estimat de lectura\" \/>\n\t<meta name=\"twitter:data1\" content=\"1 minut\" \/>\n<script type=\"application\/ld+json\" class=\"yoast-schema-graph\">{\"@context\":\"https:\/\/schema.org\",\"@graph\":[{\"@type\":\"WebPage\",\"@id\":\"https:\/\/dev.cafesnovell.com\/ca\/producto\/capsules-novell-professional-biodegradables-intenso-copia-copia-copia-copia\/\",\"url\":\"https:\/\/dev.cafesnovell.com\/ca\/producto\/capsules-novell-professional-biodegradables-intenso-copia-copia-copia-copia\/\",\"name\":\"C\u00e0psules PRO Compostables \u2013 Aroma (50 unitats) - Caf\u00e8s Novell\",\"isPartOf\":{\"@id\":\"https:\/\/dev.cafesnovell.com\/ca\/#website\"},\"primaryImageOfPage\":{\"@id\":\"https:\/\/dev.cafesnovell.com\/ca\/producto\/capsules-novell-professional-biodegradables-intenso-copia-copia-copia-copia\/#primaryimage\"},\"image\":{\"@id\":\"https:\/\/dev.cafesnovell.com\/ca\/producto\/capsules-novell-professional-biodegradables-intenso-copia-copia-copia-copia\/#primaryimage\"},\"thumbnailUrl\":\"https:\/\/dev.cafesnovell.com\/wp-content\/uploads\/2025\/07\/pack_50_capsules_pro_aroma_esq_low_res.jpg\",\"datePublished\":\"2025-07-02T10:54:01+00:00\",\"dateModified\":\"2025-08-28T10:38:41+00:00\",\"description\":\"La variedad Intenso presenta un blend con cuerpo, de larga persistencia en boca, aroma ligero y sabor intenso. Proporciona un toque de acidez que perdura en el paladar de forma persistente y agradable, con aromas caramelizados y tostados. Para los amantes del caf\u00e9 intenso, especialmente recomendado para Ristretto y Espresso.\",\"breadcrumb\":{\"@id\":\"https:\/\/dev.cafesnovell.com\/ca\/producto\/capsules-novell-professional-biodegradables-intenso-copia-copia-copia-copia\/#breadcrumb\"},\"inLanguage\":\"ca\",\"potentialAction\":[{\"@type\":\"ReadAction\",\"target\":[\"https:\/\/dev.cafesnovell.com\/ca\/producto\/capsules-novell-professional-biodegradables-intenso-copia-copia-copia-copia\/\"]}]},{\"@type\":\"ImageObject\",\"inLanguage\":\"ca\",\"@id\":\"https:\/\/dev.cafesnovell.com\/ca\/producto\/capsules-novell-professional-biodegradables-intenso-copia-copia-copia-copia\/#primaryimage\",\"url\":\"https:\/\/dev.cafesnovell.com\/wp-content\/uploads\/2025\/07\/pack_50_capsules_pro_aroma_esq_low_res.jpg\",\"contentUrl\":\"https:\/\/dev.cafesnovell.com\/wp-content\/uploads\/2025\/07\/pack_50_capsules_pro_aroma_esq_low_res.jpg\",\"width\":1600,\"height\":1600},{\"@type\":\"BreadcrumbList\",\"@id\":\"https:\/\/dev.cafesnovell.com\/ca\/producto\/capsules-novell-professional-biodegradables-intenso-copia-copia-copia-copia\/#breadcrumb\",\"itemListElement\":[{\"@type\":\"ListItem\",\"position\":1,\"name\":\"Inici\",\"item\":\"https:\/\/dev.cafesnovell.com\/ca\/\"},{\"@type\":\"ListItem\",\"position\":2,\"name\":\"Botiga\",\"item\":\"https:\/\/dev.cafesnovell.com\/tienda\/\"},{\"@type\":\"ListItem\",\"position\":3,\"name\":\"C\u00e0psules PRO Compostables \u2013 Aroma (50 unitats)\"}]},{\"@type\":\"WebSite\",\"@id\":\"https:\/\/dev.cafesnovell.com\/ca\/#website\",\"url\":\"https:\/\/dev.cafesnovell.com\/ca\/\",\"name\":\"Caf\u00e8s Novell\",\"description\":\"Organic Premium Coffee\",\"potentialAction\":[{\"@type\":\"SearchAction\",\"target\":{\"@type\":\"EntryPoint\",\"urlTemplate\":\"https:\/\/dev.cafesnovell.com\/ca\/?s={search_term_string}\"},\"query-input\":{\"@type\":\"PropertyValueSpecification\",\"valueRequired\":true,\"valueName\":\"search_term_string\"}}],\"inLanguage\":\"ca\"}]}<\/script>\n<!-- \/ Yoast SEO plugin. -->","yoast_head_json":{"title":"C\u00e0psules PRO Compostables \u2013 Aroma (50 unitats) - Caf\u00e8s Novell","description":"La variedad Intenso presenta un blend con cuerpo, de larga persistencia en boca, aroma ligero y sabor intenso. Proporciona un toque de acidez que perdura en el paladar de forma persistente y agradable, con aromas caramelizados y tostados. Para los amantes del caf\u00e9 intenso, especialmente recomendado para Ristretto y Espresso.","robots":{"index":"noindex","follow":"follow","max-snippet":"max-snippet:-1","max-image-preview":"max-image-preview:large","max-video-preview":"max-video-preview:-1"},"og_locale":"ca_ES","og_type":"article","og_title":"C\u00e0psules PRO Compostables \u2013 Aroma (50 unitats) - Caf\u00e8s Novell","og_description":"La variedad Intenso presenta un blend con cuerpo, de larga persistencia en boca, aroma ligero y sabor intenso. Proporciona un toque de acidez que perdura en el paladar de forma persistente y agradable, con aromas caramelizados y tostados. Para los amantes del caf\u00e9 intenso, especialmente recomendado para Ristretto y Espresso.","og_url":"https:\/\/dev.cafesnovell.com\/ca\/producto\/capsules-novell-professional-biodegradables-intenso-copia-copia-copia-copia\/","og_site_name":"Caf\u00e8s Novell","article_modified_time":"2025-08-28T10:38:41+00:00","og_image":[{"width":1600,"height":1600,"url":"https:\/\/dev.cafesnovell.com\/wp-content\/uploads\/2025\/07\/pack_50_capsules_pro_aroma_esq_low_res.jpg","type":"image\/jpeg"}],"twitter_card":"summary_large_image","twitter_misc":{"Temps estimat de lectura":"1 minut"},"schema":{"@context":"https:\/\/schema.org","@graph":[{"@type":"WebPage","@id":"https:\/\/dev.cafesnovell.com\/ca\/producto\/capsules-novell-professional-biodegradables-intenso-copia-copia-copia-copia\/","url":"https:\/\/dev.cafesnovell.com\/ca\/producto\/capsules-novell-professional-biodegradables-intenso-copia-copia-copia-copia\/","name":"C\u00e0psules PRO Compostables \u2013 Aroma (50 unitats) - Caf\u00e8s Novell","isPartOf":{"@id":"https:\/\/dev.cafesnovell.com\/ca\/#website"},"primaryImageOfPage":{"@id":"https:\/\/dev.cafesnovell.com\/ca\/producto\/capsules-novell-professional-biodegradables-intenso-copia-copia-copia-copia\/#primaryimage"},"image":{"@id":"https:\/\/dev.cafesnovell.com\/ca\/producto\/capsules-novell-professional-biodegradables-intenso-copia-copia-copia-copia\/#primaryimage"},"thumbnailUrl":"https:\/\/dev.cafesnovell.com\/wp-content\/uploads\/2025\/07\/pack_50_capsules_pro_aroma_esq_low_res.jpg","datePublished":"2025-07-02T10:54:01+00:00","dateModified":"2025-08-28T10:38:41+00:00","description":"La variedad Intenso presenta un blend con cuerpo, de larga persistencia en boca, aroma ligero y sabor intenso. Proporciona un toque de acidez que perdura en el paladar de forma persistente y agradable, con aromas caramelizados y tostados. Para los amantes del caf\u00e9 intenso, especialmente recomendado para Ristretto y Espresso.","breadcrumb":{"@id":"https:\/\/dev.cafesnovell.com\/ca\/producto\/capsules-novell-professional-biodegradables-intenso-copia-copia-copia-copia\/#breadcrumb"},"inLanguage":"ca","potentialAction":[{"@type":"ReadAction","target":["https:\/\/dev.cafesnovell.com\/ca\/producto\/capsules-novell-professional-biodegradables-intenso-copia-copia-copia-copia\/"]}]},{"@type":"ImageObject","inLanguage":"ca","@id":"https:\/\/dev.cafesnovell.com\/ca\/producto\/capsules-novell-professional-biodegradables-intenso-copia-copia-copia-copia\/#primaryimage","url":"https:\/\/dev.cafesnovell.com\/wp-content\/uploads\/2025\/07\/pack_50_capsules_pro_aroma_esq_low_res.jpg","contentUrl":"https:\/\/dev.cafesnovell.com\/wp-content\/uploads\/2025\/07\/pack_50_capsules_pro_aroma_esq_low_res.jpg","width":1600,"height":1600},{"@type":"BreadcrumbList","@id":"https:\/\/dev.cafesnovell.com\/ca\/producto\/capsules-novell-professional-biodegradables-intenso-copia-copia-copia-copia\/#breadcrumb","itemListElement":[{"@type":"ListItem","position":1,"name":"Inici","item":"https:\/\/dev.cafesnovell.com\/ca\/"},{"@type":"ListItem","position":2,"name":"Botiga","item":"https:\/\/dev.cafesnovell.com\/tienda\/"},{"@type":"ListItem","position":3,"name":"C\u00e0psules PRO Compostables \u2013 Aroma (50 unitats)"}]},{"@type":"WebSite","@id":"https:\/\/dev.cafesnovell.com\/ca\/#website","url":"https:\/\/dev.cafesnovell.com\/ca\/","name":"Caf\u00e8s Novell","description":"Organic Premium Coffee","potentialAction":[{"@type":"SearchAction","target":{"@type":"EntryPoint","urlTemplate":"https:\/\/dev.cafesnovell.com\/ca\/?s={search_term_string}"},"query-input":{"@type":"PropertyValueSpecification","valueRequired":true,"valueName":"search_term_string"}}],"inLanguage":"ca"}]}},"df_price":23.65,"df_sale_price":"","df_regular_price":23.65,"df_image_link":"https:\/\/dev.cafesnovell.com\/wp-content\/uploads\/2025\/07\/pack_50_capsules_pro_aroma_esq_low_res-300x300.jpg","_links":{"self":[{"href":"https:\/\/dev.cafesnovell.com\/ca\/wp-json\/wp\/v2\/product\/111266","targetHints":{"allow":["GET"]}}],"collection":[{"href":"https:\/\/dev.cafesnovell.com\/ca\/wp-json\/wp\/v2\/product"}],"about":[{"href":"https:\/\/dev.cafesnovell.com\/ca\/wp-json\/wp\/v2\/types\/product"}],"wp:featuredmedia":[{"embeddable":true,"href":"https:\/\/dev.cafesnovell.com\/ca\/wp-json\/wp\/v2\/media\/111253"}],"wp:attachment":[{"href":"https:\/\/dev.cafesnovell.com\/ca\/wp-json\/wp\/v2\/media?parent=111266"}],"wp:term":[{"taxonomy":"product_brand","embeddable":true,"href":"https:\/\/dev.cafesnovell.com\/ca\/wp-json\/wp\/v2\/product_brand?post=111266"},{"taxonomy":"product_cat","embeddable":true,"href":"https:\/\/dev.cafesnovell.com\/ca\/wp-json\/wp\/v2\/product_cat?post=111266"},{"taxonomy":"product_tag","embeddable":true,"href":"https:\/\/dev.cafesnovell.com\/ca\/wp-json\/wp\/v2\/product_tag?post=111266"}],"curies":[{"name":"wp","href":"https:\/\/api.w.org\/{rel}","templated":true}]}}