{"id":95966,"date":"2024-10-04T10:59:02","date_gmt":"2024-10-04T08:59:03","guid":{"rendered":"https:\/\/cafesnovell.com\/?post_type=product&#038;p=95966"},"modified":"2025-04-02T09:23:53","modified_gmt":"2025-04-02T07:23:53","slug":"cafetera-superautomatica-smeg-negre","status":"publish","type":"product","link":"https:\/\/dev.cafesnovell.com\/ca\/producto\/cafetera-superautomatica-smeg-negre\/","title":{"rendered":"Cafetera Superautom\u00e0tica Smeg amb Vaporitzador"},"content":{"rendered":"","protected":false},"excerpt":{"rendered":"<p>Prepara una rica taza de caf\u00e9 con este pack regalo. Incluye la Cafetera de espresso manual SMEG con un dise\u00f1o elegante perfecto par dar un toque de estilo a tu Coffee Corner.<\/p>\n","protected":false},"featured_media":95978,"template":"","meta":{"_acf_changed":false,"content-type":""},"product_brand":[],"product_cat":[131,1225],"product_tag":[],"class_list":{"0":"post-95966","1":"product","2":"type-product","3":"status-publish","4":"has-post-thumbnail","6":"product_cat-cafeteres","7":"product_cat-cafeteres-superautomatiques","8":"pa_color-negre","9":"pa_color-vermell","11":"first","12":"outofstock","13":"sale","14":"taxable","15":"shipping-taxable","16":"purchasable","17":"product-type-simple"},"bundled_by":[],"bundle_stock_status":"outofstock","bundle_stock_quantity":0,"bundle_virtual":false,"bundle_layout":"","bundle_add_to_cart_form_location":"","bundle_editable_in_cart":false,"bundle_sold_individually_context":"","bundle_item_grouping":"","bundle_min_size":"","bundle_max_size":"","bundle_price":[],"bundled_items":[],"bundle_sell_ids":[],"acf":[],"yoast_head":"<!-- This site is optimized with the Yoast SEO plugin v27.0 - https:\/\/yoast.com\/product\/yoast-seo-wordpress\/ -->\n<title>Cafetera Superautom\u00e0tica Smeg amb Vaporitzador<\/title>\n<meta name=\"description\" content=\"Cafetera superautom\u00e0tica SMEG TAUPE BCC02TPMEU amb molinet integrat. Perfecta per a preparar el teu caf\u00e8 com un aut\u00e8ntic barista: del gra a la tassa.\" \/>\n<meta name=\"robots\" content=\"noindex, follow, max-snippet:-1, max-image-preview:large, max-video-preview:-1\" \/>\n<meta property=\"og:locale\" content=\"ca_ES\" \/>\n<meta property=\"og:type\" content=\"article\" \/>\n<meta property=\"og:title\" content=\"Cafetera Superautom\u00e0tica Smeg amb Vaporitzador\" \/>\n<meta property=\"og:description\" content=\"Cafetera superautom\u00e0tica SMEG TAUPE BCC02TPMEU amb molinet integrat. Perfecta per a preparar el teu caf\u00e8 com un aut\u00e8ntic barista: del gra a la tassa.\" \/>\n<meta property=\"og:url\" content=\"https:\/\/dev.cafesnovell.com\/ca\/producto\/cafetera-superautomatica-smeg-negre\/\" \/>\n<meta property=\"og:site_name\" content=\"Caf\u00e8s Novell\" \/>\n<meta property=\"article:modified_time\" content=\"2025-04-02T07:23:53+00:00\" \/>\n<meta property=\"og:image\" content=\"https:\/\/dev.cafesnovell.com\/wp-content\/uploads\/2024\/10\/smeg-black-1.jpg\" \/>\n\t<meta property=\"og:image:width\" content=\"600\" \/>\n\t<meta property=\"og:image:height\" content=\"600\" \/>\n\t<meta property=\"og:image:type\" content=\"image\/jpeg\" \/>\n<meta name=\"twitter:card\" content=\"summary_large_image\" \/>\n<script type=\"application\/ld+json\" class=\"yoast-schema-graph\">{\"@context\":\"https:\/\/schema.org\",\"@graph\":[{\"@type\":\"WebPage\",\"@id\":\"https:\/\/dev.cafesnovell.com\/ca\/producto\/cafetera-superautomatica-smeg-negre\/\",\"url\":\"https:\/\/dev.cafesnovell.com\/ca\/producto\/cafetera-superautomatica-smeg-negre\/\",\"name\":\"Cafetera Superautom\u00e0tica Smeg amb Vaporitzador\",\"isPartOf\":{\"@id\":\"https:\/\/dev.cafesnovell.com\/ca\/#website\"},\"primaryImageOfPage\":{\"@id\":\"https:\/\/dev.cafesnovell.com\/ca\/producto\/cafetera-superautomatica-smeg-negre\/#primaryimage\"},\"image\":{\"@id\":\"https:\/\/dev.cafesnovell.com\/ca\/producto\/cafetera-superautomatica-smeg-negre\/#primaryimage\"},\"thumbnailUrl\":\"https:\/\/dev.cafesnovell.com\/wp-content\/uploads\/2024\/10\/smeg-black-1.jpg\",\"datePublished\":\"2024-10-04T08:59:03+00:00\",\"dateModified\":\"2025-04-02T07:23:53+00:00\",\"description\":\"Cafetera superautom\u00e0tica SMEG TAUPE BCC02TPMEU amb molinet integrat. Perfecta per a preparar el teu caf\u00e8 com un aut\u00e8ntic barista: del gra a la tassa.\",\"breadcrumb\":{\"@id\":\"https:\/\/dev.cafesnovell.com\/ca\/producto\/cafetera-superautomatica-smeg-negre\/#breadcrumb\"},\"inLanguage\":\"ca\",\"potentialAction\":[{\"@type\":\"ReadAction\",\"target\":[\"https:\/\/dev.cafesnovell.com\/ca\/producto\/cafetera-superautomatica-smeg-negre\/\"]}]},{\"@type\":\"ImageObject\",\"inLanguage\":\"ca\",\"@id\":\"https:\/\/dev.cafesnovell.com\/ca\/producto\/cafetera-superautomatica-smeg-negre\/#primaryimage\",\"url\":\"https:\/\/dev.cafesnovell.com\/wp-content\/uploads\/2024\/10\/smeg-black-1.jpg\",\"contentUrl\":\"https:\/\/dev.cafesnovell.com\/wp-content\/uploads\/2024\/10\/smeg-black-1.jpg\",\"width\":600,\"height\":600},{\"@type\":\"BreadcrumbList\",\"@id\":\"https:\/\/dev.cafesnovell.com\/ca\/producto\/cafetera-superautomatica-smeg-negre\/#breadcrumb\",\"itemListElement\":[{\"@type\":\"ListItem\",\"position\":1,\"name\":\"Inici\",\"item\":\"https:\/\/dev.cafesnovell.com\/ca\/\"},{\"@type\":\"ListItem\",\"position\":2,\"name\":\"Botiga\",\"item\":\"https:\/\/dev.cafesnovell.com\/tienda\/\"},{\"@type\":\"ListItem\",\"position\":3,\"name\":\"Cafetera Superautom\u00e0tica Smeg amb Vaporitzador\"}]},{\"@type\":\"WebSite\",\"@id\":\"https:\/\/dev.cafesnovell.com\/ca\/#website\",\"url\":\"https:\/\/dev.cafesnovell.com\/ca\/\",\"name\":\"Caf\u00e8s Novell\",\"description\":\"Organic Premium Coffee\",\"potentialAction\":[{\"@type\":\"SearchAction\",\"target\":{\"@type\":\"EntryPoint\",\"urlTemplate\":\"https:\/\/dev.cafesnovell.com\/ca\/?s={search_term_string}\"},\"query-input\":{\"@type\":\"PropertyValueSpecification\",\"valueRequired\":true,\"valueName\":\"search_term_string\"}}],\"inLanguage\":\"ca\"}]}<\/script>\n<!-- \/ Yoast SEO plugin. -->","yoast_head_json":{"title":"Cafetera Superautom\u00e0tica Smeg amb Vaporitzador","description":"Cafetera superautom\u00e0tica SMEG TAUPE BCC02TPMEU amb molinet integrat. Perfecta per a preparar el teu caf\u00e8 com un aut\u00e8ntic barista: del gra a la tassa.","robots":{"index":"noindex","follow":"follow","max-snippet":"max-snippet:-1","max-image-preview":"max-image-preview:large","max-video-preview":"max-video-preview:-1"},"og_locale":"ca_ES","og_type":"article","og_title":"Cafetera Superautom\u00e0tica Smeg amb Vaporitzador","og_description":"Cafetera superautom\u00e0tica SMEG TAUPE BCC02TPMEU amb molinet integrat. Perfecta per a preparar el teu caf\u00e8 com un aut\u00e8ntic barista: del gra a la tassa.","og_url":"https:\/\/dev.cafesnovell.com\/ca\/producto\/cafetera-superautomatica-smeg-negre\/","og_site_name":"Caf\u00e8s Novell","article_modified_time":"2025-04-02T07:23:53+00:00","og_image":[{"width":600,"height":600,"url":"https:\/\/dev.cafesnovell.com\/wp-content\/uploads\/2024\/10\/smeg-black-1.jpg","type":"image\/jpeg"}],"twitter_card":"summary_large_image","schema":{"@context":"https:\/\/schema.org","@graph":[{"@type":"WebPage","@id":"https:\/\/dev.cafesnovell.com\/ca\/producto\/cafetera-superautomatica-smeg-negre\/","url":"https:\/\/dev.cafesnovell.com\/ca\/producto\/cafetera-superautomatica-smeg-negre\/","name":"Cafetera Superautom\u00e0tica Smeg amb Vaporitzador","isPartOf":{"@id":"https:\/\/dev.cafesnovell.com\/ca\/#website"},"primaryImageOfPage":{"@id":"https:\/\/dev.cafesnovell.com\/ca\/producto\/cafetera-superautomatica-smeg-negre\/#primaryimage"},"image":{"@id":"https:\/\/dev.cafesnovell.com\/ca\/producto\/cafetera-superautomatica-smeg-negre\/#primaryimage"},"thumbnailUrl":"https:\/\/dev.cafesnovell.com\/wp-content\/uploads\/2024\/10\/smeg-black-1.jpg","datePublished":"2024-10-04T08:59:03+00:00","dateModified":"2025-04-02T07:23:53+00:00","description":"Cafetera superautom\u00e0tica SMEG TAUPE BCC02TPMEU amb molinet integrat. Perfecta per a preparar el teu caf\u00e8 com un aut\u00e8ntic barista: del gra a la tassa.","breadcrumb":{"@id":"https:\/\/dev.cafesnovell.com\/ca\/producto\/cafetera-superautomatica-smeg-negre\/#breadcrumb"},"inLanguage":"ca","potentialAction":[{"@type":"ReadAction","target":["https:\/\/dev.cafesnovell.com\/ca\/producto\/cafetera-superautomatica-smeg-negre\/"]}]},{"@type":"ImageObject","inLanguage":"ca","@id":"https:\/\/dev.cafesnovell.com\/ca\/producto\/cafetera-superautomatica-smeg-negre\/#primaryimage","url":"https:\/\/dev.cafesnovell.com\/wp-content\/uploads\/2024\/10\/smeg-black-1.jpg","contentUrl":"https:\/\/dev.cafesnovell.com\/wp-content\/uploads\/2024\/10\/smeg-black-1.jpg","width":600,"height":600},{"@type":"BreadcrumbList","@id":"https:\/\/dev.cafesnovell.com\/ca\/producto\/cafetera-superautomatica-smeg-negre\/#breadcrumb","itemListElement":[{"@type":"ListItem","position":1,"name":"Inici","item":"https:\/\/dev.cafesnovell.com\/ca\/"},{"@type":"ListItem","position":2,"name":"Botiga","item":"https:\/\/dev.cafesnovell.com\/tienda\/"},{"@type":"ListItem","position":3,"name":"Cafetera Superautom\u00e0tica Smeg amb Vaporitzador"}]},{"@type":"WebSite","@id":"https:\/\/dev.cafesnovell.com\/ca\/#website","url":"https:\/\/dev.cafesnovell.com\/ca\/","name":"Caf\u00e8s Novell","description":"Organic Premium Coffee","potentialAction":[{"@type":"SearchAction","target":{"@type":"EntryPoint","urlTemplate":"https:\/\/dev.cafesnovell.com\/ca\/?s={search_term_string}"},"query-input":{"@type":"PropertyValueSpecification","valueRequired":true,"valueName":"search_term_string"}}],"inLanguage":"ca"}]}},"df_price":549,"df_sale_price":549,"df_regular_price":719,"df_image_link":"https:\/\/dev.cafesnovell.com\/wp-content\/uploads\/2024\/10\/smeg-black-1-300x300.jpg","_links":{"self":[{"href":"https:\/\/dev.cafesnovell.com\/ca\/wp-json\/wp\/v2\/product\/95966","targetHints":{"allow":["GET"]}}],"collection":[{"href":"https:\/\/dev.cafesnovell.com\/ca\/wp-json\/wp\/v2\/product"}],"about":[{"href":"https:\/\/dev.cafesnovell.com\/ca\/wp-json\/wp\/v2\/types\/product"}],"wp:featuredmedia":[{"embeddable":true,"href":"https:\/\/dev.cafesnovell.com\/ca\/wp-json\/wp\/v2\/media\/95978"}],"wp:attachment":[{"href":"https:\/\/dev.cafesnovell.com\/ca\/wp-json\/wp\/v2\/media?parent=95966"}],"wp:term":[{"taxonomy":"product_brand","embeddable":true,"href":"https:\/\/dev.cafesnovell.com\/ca\/wp-json\/wp\/v2\/product_brand?post=95966"},{"taxonomy":"product_cat","embeddable":true,"href":"https:\/\/dev.cafesnovell.com\/ca\/wp-json\/wp\/v2\/product_cat?post=95966"},{"taxonomy":"product_tag","embeddable":true,"href":"https:\/\/dev.cafesnovell.com\/ca\/wp-json\/wp\/v2\/product_tag?post=95966"}],"curies":[{"name":"wp","href":"https:\/\/api.w.org\/{rel}","templated":true}]}}