{"id":31992,"date":"2020-01-21T06:21:58","date_gmt":"2020-01-21T05:21:58","guid":{"rendered":"https:\/\/cafesnovell.com\/residuo-cero\/"},"modified":"2020-09-29T12:02:23","modified_gmt":"2020-09-29T11:02:23","slug":"no-waste","status":"publish","type":"page","link":"https:\/\/dev.cafesnovell.com\/en\/no-waste\/","title":{"rendered":"No Waste"},"content":{"rendered":"<div class=\"wpb-content-wrapper\">[vc_row fullwidth=&#8221;true&#8221; css=&#8221;.vc_custom_1569491084695{background-image: url(https:\/\/dev.cafesnovell.com\/wp-content\/uploads\/2019\/09\/fondo-spotv2.jpg?id=4412) !important;background-position: center !important;background-repeat: no-repeat !important;background-size: cover !important;}&#8221;][vc_column][rev_slider_vc alias=&#8221;residuo-cero&#8221;][\/vc_column][\/vc_row][vc_section full_width=&#8221;stretch_row&#8221; content_placement=&#8221;middle&#8221; css=&#8221;.vc_custom_1568883341500{background-image: url(https:\/\/dev.cafesnovell.com\/wp-content\/uploads\/2019\/09\/residuov3_2.jpg?id=4410) !important;background-position: center !important;background-repeat: no-repeat !important;background-size: cover !important;}&#8221; el_class=&#8221;revolucion&#8221;][vc_row][vc_column width=&#8221;1\/2&#8243; el_class=&#8221;list-restauracio&#8221;][vc_column_text el_class=&#8221;info-container&#8221; css=&#8221;.vc_custom_1567598372802{margin-bottom: 0px !important;}&#8221;]JOIN THE REVOLUTION[\/vc_column_text][mk_padding_divider size=&#8221;5&#8243; visibility=&#8221;visible-sm&#8221;][vc_column_text el_class=&#8221;list-restauracio-descr color-black&#8221; css=&#8221;.vc_custom_1571403442626{margin-bottom: 0px !important;}&#8221;]The Novell compostable capsules are our personal revolution against the large quantities of coffee capsules thrown away every day, and which will take a century to disappear into the environment. That\u2019s 19 million capsules every day! Tons of irreversible waste that just increases the contamination of our planet.<\/p>\n<p>19 million, it\u2019s an inconceivable figure. We have hedged our bets on positive thinking, in believing that we are still in time to change things and preserve a better world for our future generations.[\/vc_column_text][mk_padding_divider size=&#8221;20&#8243; visibility=&#8221;visible-sm&#8221;][\/vc_column][vc_column width=&#8221;1\/2&#8243; el_class=&#8221;list-restauracio&#8221;][vc_column_text el_class=&#8221;info-container&#8221; css=&#8221;.vc_custom_1567598614532{margin-bottom: 0px !important;}&#8221;]RESPONSIBILITY<br \/>\nAND FLAVOUR, UNITED AT LAST[\/vc_column_text][mk_padding_divider size=&#8221;5&#8243; visibility=&#8221;visible-sm&#8221;][vc_column_text el_class=&#8221;list-restauracio-descr color-black&#8221; css=&#8221;.vc_custom_1567598756822{margin-bottom: 0px !important;}&#8221;]Made with a blend of organic coffee that ensures an excellent body, flavour, strength and creaminess.<\/p>\n<p>At last, responsible pleasure in a unique cup of coffee.[\/vc_column_text][mk_padding_divider size=&#8221;20&#8243; visibility=&#8221;visible-sm&#8221;][\/vc_column][\/vc_row][vc_row fullwidth=&#8221;true&#8221; el_class=&#8221;container-roto fullwidth-image&#8221;][vc_column el_class=&#8221;list-restauracio&#8221;][vc_single_image image=&#8221;6180&#8243; img_size=&#8221;full&#8221; alignment=&#8221;center&#8221;][\/vc_column][\/vc_row][vc_row css=&#8221;.vc_custom_1570514757479{padding-bottom: 21px !important;}&#8221;][vc_column width=&#8221;7\/12&#8243;][mk_padding_divider size=&#8221;53&#8243; visibility=&#8221;visible-sm&#8221;][vc_video link=&#8221;https:\/\/www.youtube.com\/watch?v=3-TzuraXBaI&#8221;][mk_padding_divider size=&#8221;20&#8243; visibility=&#8221;visible-sm&#8221;][\/vc_column][vc_column width=&#8221;5\/12&#8243; el_class=&#8221;list-restauracio&#8221;][vc_column_text el_class=&#8221;info-container&#8221; css=&#8221;.vc_custom_1567680862969{margin-bottom: 0px !important;}&#8221;]THE BEST WASTE IS NO WASTE[\/vc_column_text][mk_padding_divider size=&#8221;5&#8243; visibility=&#8221;visible-sm&#8221;][vc_column_text el_class=&#8221;list-restauracio-descr&#8221; css=&#8221;.vc_custom_1571403275080{margin-bottom: 0px !important;}&#8221;]The Novell compostable capsules leave no trace in the environment, they are disposed of as organic waste, which in industrial composting conditions get fully degraded in 12-20 weeks. It\u2019s that easy and simple.<\/p>\n<p>\u2022 Certified by the standard EN13432.<br \/>\n\u2022 Compatible with Nespresso\u00ae[\/vc_column_text][mk_padding_divider size=&#8221;20&#8243; visibility=&#8221;visible-sm&#8221;][\/vc_column][\/vc_row][vc_row fullwidth=&#8221;true&#8221; css=&#8221;.vc_custom_1567685071713{margin-bottom: 0px !important;}&#8221; el_class=&#8221;fullwidth-image&#8221;][vc_column css=&#8221;.vc_custom_1567676591302{margin-bottom: 0px !important;}&#8221;][vc_single_image image=&#8221;3950&#8243; img_size=&#8221;full&#8221; alignment=&#8221;center&#8221; css=&#8221;.vc_custom_1567682402559{margin-bottom: 0px !important;}&#8221;][\/vc_column][\/vc_row][\/vc_section][vc_section full_width=&#8221;stretch_row&#8221; css=&#8221;.vc_custom_1570514770955{margin-top: -7px !important;padding-top: 0px !important;padding-bottom: 43px !important;background-image: url(https:\/\/dev.cafesnovell.com\/wp-content\/uploads\/2019\/09\/fondo-spotv2.jpg?id=4412) !important;background-position: center !important;background-repeat: no-repeat !important;background-size: cover !important;}&#8221; el_id=&#8221;spot&#8221;][vc_row][vc_column][vc_video link=&#8221;https:\/\/www.youtube.com\/watch?v=KqaXnzacUxc&amp;ab_channel=Caf%C3%A8sNovell&#8221;][\/vc_column][\/vc_row][\/vc_section][vc_section full_width=&#8221;stretch_row&#8221; css=&#8221;.vc_custom_1571042219004{margin-bottom: 50px !important;background-image: url(https:\/\/dev.cafesnovell.com\/wp-content\/uploads\/2019\/09\/enviosv2.jpg?id=4427) !important;background-position: center !important;background-repeat: no-repeat !important;background-size: cover !important;}&#8221; el_id=&#8221;aprovecha-envios&#8221;][vc_row fullwidth=&#8221;true&#8221; visibility=&#8221;hidden-sm&#8221; el_class=&#8221;list-restauracio&#8221;][vc_column width=&#8221;1\/6&#8243;][\/vc_column][vc_column width=&#8221;5\/6&#8243;][mk_padding_divider size=&#8221;181&#8243; visibility=&#8221;hidden-sm&#8221;][vc_column_text css=&#8221;.vc_custom_1601377163066{margin-bottom: 0px !important;}&#8221;]<span class=\"title\">TAKE<br \/>\n<\/span><span class=\"title\">ADVANTAGE OF OUR<br \/>\n<\/span><span class=\"title\">48 HOUR DELIVERY<\/span>[\/vc_column_text][vc_column_text el_class=&#8221;list-restauracio-descr&#8221; css=&#8221;.vc_custom_1601377247611{margin-bottom: 0px !important;padding-top: 15px !important;padding-bottom: 15px !important;}&#8221;]Free shipping on orders over 25\u20ac[\/vc_column_text][vc_btn title=&#8221;BUY&#8221; link=&#8221;url:https%3A%2F%2Fcafesnovell.com%2Fen%2Fproduct-category%2Fcoffee%2Fcapsules-en%2Fno-waste-nespresso%2F||target:%20_blank|&#8221; el_class=&#8221;boton-mas-info&#8221;][mk_padding_divider visibility=&#8221;hidden-sm&#8221;][\/vc_column][\/vc_row][vc_row visibility=&#8221;visible-sm&#8221; el_class=&#8221;list-restauracio&#8221;][vc_column][mk_padding_divider size=&#8221;181&#8243; visibility=&#8221;hidden-sm&#8221;][vc_column_text css=&#8221;.vc_custom_1601377259104{margin-bottom: 0px !important;}&#8221;]<span class=\"title\">TAKE ADVANTAGE OF OUR 48 HOUR DELIVERY<\/span>[\/vc_column_text][vc_column_text el_class=&#8221;list-restauracio-descr&#8221; css=&#8221;.vc_custom_1601377266065{margin-bottom: 0px !important;padding-top: 15px !important;padding-bottom: 15px !important;}&#8221;]Free shipping on orders over 25\u20ac[\/vc_column_text][vc_btn title=&#8221;BUY&#8221; link=&#8221;url:https%3A%2F%2Fcafesnovell.com%2Fen%2Fproduct-category%2Fcoffee%2Fcapsules-en%2Fno-waste-nespresso%2F|title:BUY|target:%20_blank|&#8221; el_class=&#8221;boton-mas-info&#8221;][mk_padding_divider visibility=&#8221;hidden-sm&#8221;][\/vc_column][\/vc_row][\/vc_section][vc_section full_width=&#8221;stretch_row&#8221; disable_element=&#8221;yes&#8221; el_id=&#8221;mapa&#8221;][vc_row el_class=&#8221;demana-info&#8221;][vc_column][vc_column_text css=&#8221;.vc_custom_1566988872637{margin-bottom: 0px !important;}&#8221;]SALES OUTLETS[\/vc_column_text][\/vc_column][\/vc_row][vc_row][vc_column][vc_gmaps link=&#8221;#E-8_JTNDaWZyYW1lJTIwc3JjJTNEJTIyaHR0cHMlM0ElMkYlMkZ3d3cuZ29vZ2xlLmNvbSUyRm1hcHMlMkZkJTJGdSUyRjAlMkZlbWJlZCUzRm1pZCUzRDFwLV9WcjZ6R2U1N043RXB6d3BVUzl0UEQ2TGFQWkVzNyUyMiUyMHdpZHRoJTNEJTIyNjQwJTIyJTIwaGVpZ2h0JTNEJTIyNDgwJTIyJTNFJTNDJTJGaWZyYW1lJTNF&#8221;][\/vc_column][\/vc_row][\/vc_section]\n<\/div>","protected":false},"excerpt":{"rendered":"<p>[vc_row fullwidth=&#8221;true&#8221; css=&#8221;.vc_custom_1569491084695{background-image: url(https:\/\/dev.cafesnovell.com\/wp-content\/uploads\/2019\/09\/fondo-spotv2.jpg?id=4412) !important;background-position: center !important;background-repeat: no-repeat !important;background-size: cover !important;}&#8221;][vc_column][rev_slider_vc alias=&#8221;residuo-cero&#8221;][\/vc_column][\/vc_row][vc_section full_width=&#8221;stretch_row&#8221; content_placement=&#8221;middle&#8221; css=&#8221;.vc_custom_1568883341500{background-image: url(https:\/\/dev.cafesnovell.com\/wp-content\/uploads\/2019\/09\/residuov3_2.jpg?id=4410) !important;background-position: center !important;background-repeat: no-repeat !important;background-size: cover !important;}&#8221; el_class=&#8221;revolucion&#8221;][vc_row][vc_column width=&#8221;1\/2&#8243; el_class=&#8221;list-restauracio&#8221;][vc_column_text el_class=&#8221;info-container&#8221; css=&#8221;.vc_custom_1567598372802{margin-bottom: 0px !important;}&#8221;]JOIN THE REVOLUTION[\/vc_column_text][mk_padding_divider size=&#8221;5&#8243; visibility=&#8221;visible-sm&#8221;][vc_column_text el_class=&#8221;list-restauracio-descr color-black&#8221; css=&#8221;.vc_custom_1571403442626{margin-bottom: 0px !important;}&#8221;]The Novell compostable capsules are our personal revolution against the large quantities of coffee capsules thrown away [&hellip;]<\/p>\n","protected":false},"author":1,"featured_media":0,"parent":0,"menu_order":50,"comment_status":"closed","ping_status":"closed","template":"","meta":{"_acf_changed":false,"content-type":"","footnotes":""},"class_list":["post-31992","page","type-page","status-publish","hentry"],"acf":[],"yoast_head":"<!-- This site is optimized with the Yoast SEO plugin v27.0 - https:\/\/yoast.com\/product\/yoast-seo-wordpress\/ -->\n<title>No Waste - Caf\u00e8s Novell<\/title>\n<meta name=\"description\" content=\"Nuevas c\u00e1psulas compostables, residuo 0. \u00danete a la revoluci\u00f3n del caf\u00e9. Elaboradas con un blend de caf\u00e9s org\u00e1nicos\/ecol\u00f3gicos que aseguran una excelente combinaci\u00f3n de cuerpo, sabor, fuerza y cremosidad. El mejor residuo es el que no se genera. C\u00e1psulas compatibles con Nespresso\" \/>\n<meta name=\"robots\" content=\"noindex, follow, max-snippet:-1, max-image-preview:large, max-video-preview:-1\" \/>\n<meta property=\"og:locale\" content=\"en_US\" \/>\n<meta property=\"og:type\" content=\"article\" \/>\n<meta property=\"og:title\" content=\"No Waste - Caf\u00e8s Novell\" \/>\n<meta property=\"og:description\" content=\"Nuevas c\u00e1psulas compostables, residuo 0. \u00danete a la revoluci\u00f3n del caf\u00e9. Elaboradas con un blend de caf\u00e9s org\u00e1nicos\/ecol\u00f3gicos que aseguran una excelente combinaci\u00f3n de cuerpo, sabor, fuerza y cremosidad. El mejor residuo es el que no se genera. C\u00e1psulas compatibles con Nespresso\" \/>\n<meta property=\"og:url\" content=\"https:\/\/dev.cafesnovell.com\/en\/no-waste\/\" \/>\n<meta property=\"og:site_name\" content=\"Caf\u00e8s Novell\" \/>\n<meta property=\"article:modified_time\" content=\"2020-09-29T11:02:23+00:00\" \/>\n<meta name=\"twitter:card\" content=\"summary_large_image\" \/>\n<meta name=\"twitter:label1\" content=\"Est. reading time\" \/>\n\t<meta name=\"twitter:data1\" content=\"4 minutes\" \/>\n<script type=\"application\/ld+json\" class=\"yoast-schema-graph\">{\"@context\":\"https:\/\/schema.org\",\"@graph\":[{\"@type\":\"WebPage\",\"@id\":\"https:\/\/dev.cafesnovell.com\/en\/no-waste\/\",\"url\":\"https:\/\/dev.cafesnovell.com\/en\/no-waste\/\",\"name\":\"No Waste - Caf\u00e8s Novell\",\"isPartOf\":{\"@id\":\"https:\/\/dev.cafesnovell.com\/en\/#website\"},\"datePublished\":\"2020-01-21T05:21:58+00:00\",\"dateModified\":\"2020-09-29T11:02:23+00:00\",\"description\":\"Nuevas c\u00e1psulas compostables, residuo 0. \u00danete a la revoluci\u00f3n del caf\u00e9. Elaboradas con un blend de caf\u00e9s org\u00e1nicos\/ecol\u00f3gicos que aseguran una excelente combinaci\u00f3n de cuerpo, sabor, fuerza y cremosidad. El mejor residuo es el que no se genera. C\u00e1psulas compatibles con Nespresso\",\"breadcrumb\":{\"@id\":\"https:\/\/dev.cafesnovell.com\/en\/no-waste\/#breadcrumb\"},\"inLanguage\":\"en-US\",\"potentialAction\":[{\"@type\":\"ReadAction\",\"target\":[\"https:\/\/dev.cafesnovell.com\/en\/no-waste\/\"]}]},{\"@type\":\"BreadcrumbList\",\"@id\":\"https:\/\/dev.cafesnovell.com\/en\/no-waste\/#breadcrumb\",\"itemListElement\":[{\"@type\":\"ListItem\",\"position\":1,\"name\":\"Home\",\"item\":\"https:\/\/dev.cafesnovell.com\/en\/\"},{\"@type\":\"ListItem\",\"position\":2,\"name\":\"No Waste\"}]},{\"@type\":\"WebSite\",\"@id\":\"https:\/\/dev.cafesnovell.com\/en\/#website\",\"url\":\"https:\/\/dev.cafesnovell.com\/en\/\",\"name\":\"Caf\u00e8s Novell\",\"description\":\"Organic Premium Coffee\",\"potentialAction\":[{\"@type\":\"SearchAction\",\"target\":{\"@type\":\"EntryPoint\",\"urlTemplate\":\"https:\/\/dev.cafesnovell.com\/en\/?s={search_term_string}\"},\"query-input\":{\"@type\":\"PropertyValueSpecification\",\"valueRequired\":true,\"valueName\":\"search_term_string\"}}],\"inLanguage\":\"en-US\"}]}<\/script>\n<!-- \/ Yoast SEO plugin. -->","yoast_head_json":{"title":"No Waste - Caf\u00e8s Novell","description":"Nuevas c\u00e1psulas compostables, residuo 0. \u00danete a la revoluci\u00f3n del caf\u00e9. Elaboradas con un blend de caf\u00e9s org\u00e1nicos\/ecol\u00f3gicos que aseguran una excelente combinaci\u00f3n de cuerpo, sabor, fuerza y cremosidad. El mejor residuo es el que no se genera. C\u00e1psulas compatibles con Nespresso","robots":{"index":"noindex","follow":"follow","max-snippet":"max-snippet:-1","max-image-preview":"max-image-preview:large","max-video-preview":"max-video-preview:-1"},"og_locale":"en_US","og_type":"article","og_title":"No Waste - Caf\u00e8s Novell","og_description":"Nuevas c\u00e1psulas compostables, residuo 0. \u00danete a la revoluci\u00f3n del caf\u00e9. Elaboradas con un blend de caf\u00e9s org\u00e1nicos\/ecol\u00f3gicos que aseguran una excelente combinaci\u00f3n de cuerpo, sabor, fuerza y cremosidad. El mejor residuo es el que no se genera. C\u00e1psulas compatibles con Nespresso","og_url":"https:\/\/dev.cafesnovell.com\/en\/no-waste\/","og_site_name":"Caf\u00e8s Novell","article_modified_time":"2020-09-29T11:02:23+00:00","twitter_card":"summary_large_image","twitter_misc":{"Est. reading time":"4 minutes"},"schema":{"@context":"https:\/\/schema.org","@graph":[{"@type":"WebPage","@id":"https:\/\/dev.cafesnovell.com\/en\/no-waste\/","url":"https:\/\/dev.cafesnovell.com\/en\/no-waste\/","name":"No Waste - Caf\u00e8s Novell","isPartOf":{"@id":"https:\/\/dev.cafesnovell.com\/en\/#website"},"datePublished":"2020-01-21T05:21:58+00:00","dateModified":"2020-09-29T11:02:23+00:00","description":"Nuevas c\u00e1psulas compostables, residuo 0. \u00danete a la revoluci\u00f3n del caf\u00e9. Elaboradas con un blend de caf\u00e9s org\u00e1nicos\/ecol\u00f3gicos que aseguran una excelente combinaci\u00f3n de cuerpo, sabor, fuerza y cremosidad. El mejor residuo es el que no se genera. C\u00e1psulas compatibles con Nespresso","breadcrumb":{"@id":"https:\/\/dev.cafesnovell.com\/en\/no-waste\/#breadcrumb"},"inLanguage":"en-US","potentialAction":[{"@type":"ReadAction","target":["https:\/\/dev.cafesnovell.com\/en\/no-waste\/"]}]},{"@type":"BreadcrumbList","@id":"https:\/\/dev.cafesnovell.com\/en\/no-waste\/#breadcrumb","itemListElement":[{"@type":"ListItem","position":1,"name":"Home","item":"https:\/\/dev.cafesnovell.com\/en\/"},{"@type":"ListItem","position":2,"name":"No Waste"}]},{"@type":"WebSite","@id":"https:\/\/dev.cafesnovell.com\/en\/#website","url":"https:\/\/dev.cafesnovell.com\/en\/","name":"Caf\u00e8s Novell","description":"Organic Premium Coffee","potentialAction":[{"@type":"SearchAction","target":{"@type":"EntryPoint","urlTemplate":"https:\/\/dev.cafesnovell.com\/en\/?s={search_term_string}"},"query-input":{"@type":"PropertyValueSpecification","valueRequired":true,"valueName":"search_term_string"}}],"inLanguage":"en-US"}]}},"_links":{"self":[{"href":"https:\/\/dev.cafesnovell.com\/en\/wp-json\/wp\/v2\/pages\/31992","targetHints":{"allow":["GET"]}}],"collection":[{"href":"https:\/\/dev.cafesnovell.com\/en\/wp-json\/wp\/v2\/pages"}],"about":[{"href":"https:\/\/dev.cafesnovell.com\/en\/wp-json\/wp\/v2\/types\/page"}],"author":[{"embeddable":true,"href":"https:\/\/dev.cafesnovell.com\/en\/wp-json\/wp\/v2\/users\/1"}],"replies":[{"embeddable":true,"href":"https:\/\/dev.cafesnovell.com\/en\/wp-json\/wp\/v2\/comments?post=31992"}],"version-history":[{"count":0,"href":"https:\/\/dev.cafesnovell.com\/en\/wp-json\/wp\/v2\/pages\/31992\/revisions"}],"wp:attachment":[{"href":"https:\/\/dev.cafesnovell.com\/en\/wp-json\/wp\/v2\/media?parent=31992"}],"curies":[{"name":"wp","href":"https:\/\/api.w.org\/{rel}","templated":true}]}}