{"id":32441,"date":"2020-01-21T16:36:51","date_gmt":"2020-01-21T15:36:51","guid":{"rendered":"https:\/\/cafesnovell.com\/legal-warning\/"},"modified":"2020-01-31T14:51:13","modified_gmt":"2020-01-31T13:51:13","slug":"legal-notice","status":"publish","type":"page","link":"https:\/\/dev.cafesnovell.com\/en\/legal-notice\/","title":{"rendered":"Legal Notice"},"content":{"rendered":"<p>&nbsp;<\/p>\n<p>&nbsp;<\/p>\n<h2>Legal Notice<\/h2>\n<p>By accessing, browsing and using this website, the User acknowledges that they have read and accept the terms and conditions of use. The use of Service by the User must be fair, accepting the conditions of the agreement. Caf\u00e9s Novell S.A. as owner of this website, reserves the right to change any term and condition it deems appropriate. These changes shall be considered as accepted by the User if they continue using the Service two weeks after the date of publication of these changes.<\/p>\n<p>In no case shall Caf\u00e9s Novell S.A. be responsible for any content, photographs and graphics that appear on the website, as their purpose is that of an informative nature, as with that of a communication channel.<\/p>\n<p>&nbsp;<\/p>\n<p>1. OWNERSHIP<\/p>\n<p>&nbsp;<\/p>\n<p>In compliance with Law 34\/2002, of 11 July, on information society services and electronic commerce, CAF\u00c9S NOVELL, S.A. hereby informs users that it is the owner of the website: www.cafesnovell.com. In compliance with the requirements of article 10 of the aforementioned Law, CAF\u00c9S NOVELL, S.A. declares the following: The owner of this website is: CAF\u00c9S NOVEL, S.A., with corporate tax code (CIF): A08562431 and registered offices at: CAF\u00c9S NOVELL S.A. C \/ FUENTE DEL AVELLANO S \/ N, POL. IND. ESTACI\u00d3N MERCANC\u00cdAS, 08720 VILAFRANCA DEL PENED\u00c8S (BARCELONA). The email address for any contact with the company is: info@cafesnovell.com.<\/p>\n<p>All the content that appears on this website, as well as information, images, graphic design, creative and aesthetic content, indexes and source code in any of the programming language types used are a work, the intellectual property rights of which belong to its authors and are protected by author\u2019s rights or copyright \u00a9. Likewise, all the descriptions, notices and reports on this website, together with the information they include, granted by third parties, are the property of their authors and are also protected by author\u2019s rights and copyright \u00a9.<\/p>\n<p>Any reproduction, imitation, modification, distribution and\/or transformation of the content of this website, or any other type of act that contravenes the copyright and industrial property rights is strictly prohibited.<\/p>\n<p>The information contained on this website may only be used by those people expressly authorized by the authors.<\/p>\n<p>Any infringement of copyright or industrial property rights contained on this website, as well as any breach of the regulations protecting them established in the revised text of the Law on Intellectual Property, referring to the protection of patents and trademarks, and any other national or community legislation, will involve the civil and\/or criminal responsibilities that correspond in each case.<\/p>\n<p>&nbsp;<\/p>\n<p>2. USE AND RESTRICTIONS<\/p>\n<p>&nbsp;<\/p>\n<p>You will have the right to download the materials contained on this website to a single personal computer and make printed copies of the materials of the website, for personal use only.<\/p>\n<p>The use of the materials included on this website on third-party websites is strictly prohibited, except by the express authorization of Caf\u00e9s Novell S.A.<\/p>\n<p>&nbsp;<\/p>\n<p>3. DISCLAIMER<\/p>\n<p>&nbsp;<\/p>\n<p>This website and its contents are provided without any representations or warranties of any kind, either express or implied. Caf\u00e9s Novell S.A. shall not accept any representations or warranties, including, but not limited to, fitness for a particular purpose, as permitted by applicable laws. In addition, Caf\u00e9s Novell S.A. does not represent or warrant that the information and\/or the resources accessible through the website are accurate, complete or current, or that this website is free of defects, including, but not limited to, viruses or other harmful components and is not responsible for the content of web pages accessible to the user through the links established on the website and declares that, in no case, shall it examine or exercise control over the content on other pages on the internet. Caf\u00e9s Novell S.A. declares to have taken the necessary measures to prevent any damage that the users of its website may derive from the navigation of its website pages. As a result, Caf\u00e9s Novell S.A. shall not be held responsible under any circumstances for any damages that the user may suffer due to their Internet browsing activity. You will bear all the expenses arising from the use of this website.<\/p>\n<p>&nbsp;<\/p>\n<p>4. LIMITATION OF LIABILITY<\/p>\n<p>&nbsp;<\/p>\n<p>To the extent allowed by the applicable laws, neither Caf\u00e9s Novell S.A. nor any of its respective directors, employees, affiliates, or other representatives or distributors, will be responsible for any loss or damage arising out of, or related to the use of, or the inability to use, the materials and\/or resources or services provided through this website, including, but not limited to, losses or indirect, special or consequential damages, loss of information, income, benefits or opportunities, loss or damage to property and third-party claims. If this clause cannot be exercised wholly or partially in any jurisdiction due to their respective laws, then, as long as these laws permit, the responsibility of Caf\u00e9s Novell S.A. for the losses, damage and claims (whether in contract, tort, including, but not limited to, negligence or otherwise) shall in no case exceed the amount paid for accessing the website.<\/p>\n<p>&nbsp;<\/p>\n<p>5. MODIFICATIONS<\/p>\n<p>&nbsp;<\/p>\n<p>Caf\u00e8s Novell S.A. reserves the right to make any changes it deems appropriate, without notice, to the contents of its website. With regard both to the contents of the website, as well as its conditions of use or in the general contracting conditions. These modifications may be carried out through its website, in any form admissible in law and shall be binding during the time that they are published on the website and until they are modified validly by other later ones.<\/p>\n<p>&nbsp;<\/p>\n<p>6. COOKIES POLICY<\/p>\n<p>&nbsp;<\/p>\n<p>Caf\u00e8s Novell S.A. reserves the right to use cookies on the user&#8217;s browsing of its website to facilitate personalisation and convenience of navigation. In accordance with the company\u2019s data protection policy, Caf\u00e9s Novell S.A. declares that cookies are only associated with an anonymous User and that User&#8217;s computer, so no references are provided that might make it possible to deduce the User&#8217;s first and last names.<\/p>\n<p>As a user, you have the possibility to configure your browser to inform you of the reception of cookies. This way you can prevent them from being downloaded and stored on your hard drive. However, to access the web page of Caf\u00e9s Novell S.A. the installation of cookies is not mandatory<\/p>\n<p>&nbsp;<\/p>\n<p>7. LEGAL ACTIONS, APPLICABLE LAW AND JURISDICTION<\/p>\n<p>&nbsp;<\/p>\n<p>Likewise, Caf\u00e9s Novell S.A. reserves the right to present those civil or criminal actions it deems appropriate for the misuse of its website and contents or for breach of these terms and conditions. The relationship between the User and Caf\u00e9s Novell S.A. shall be governed by the Spanish law with the courts and tribunals of the town of VILAFRANCA DEL PENED\u00c8S having jurisdiction on any disputes that may arise between the user and Caf\u00e9s Novell S.A.<\/p>\n<p>&nbsp;<\/p>\n<p>8. MISCELLANEOUS<\/p>\n<p>&nbsp;<\/p>\n<p>Any waiver of any provision of these terms and conditions must be in writing and shall be signed by Caf\u00e9s Novell S.A., to make it valid. This waiver shall not constitute a continuing waiver of the same provision in the future. If any of the competent courts believe that any provision of these terms is deemed invalid or unenforceable for any reason, this provision shall be deemed as stricken by the courts but without affecting the validity and enforceability of the remaining provisions. These terms and conditions constitute the entire and complete agreement between the parties in relation to the purpose of these terms and conditions and prevail over any other statement, consensus or agreement, whether oral or written, and may only be modified in writing and must be signed by you and Caf\u00e9s Novell S.A.<\/p>\n<p>&nbsp;<\/p>\n<p>Caf\u00e9s Novell S.A.<\/p>\n<p>Pol. Ind. Estaci\u00f3n de Mercanc\u00edas \u2013 C \/ Fuente del Avellano, s \/ n<\/p>\n<p>08720 Vilafranca del Pened\u00e8s (BCN) \u2013 Spain<\/p>\n<ol>\n<li>93 817 17 10<\/li>\n<li>93 817 02 45<\/li>\n<\/ol>\n<p>Customer support: (+34) 902 104 079<\/p>\n<p>&nbsp;<\/p>\n<p>This website is the only official website of Caf\u00e9s Novell S.A. and is the property of Caf\u00e9s Novell S.A. all rights reserved. The copying, adaptation, distribution or commercial transfer of any part of this website or any information contained herein by any medium is strictly prohibited without the prior written consent of Caf\u00e9s Novell S.A.<\/p>\n<p>&nbsp;<\/p>\n<p>\u00a9 Caf\u00e9s Novell S.A. 2014 All rights reserved.<\/p>\n<p>&nbsp;<\/p>\n","protected":false},"excerpt":{"rendered":"<p>&nbsp; &nbsp; Legal Notice By accessing, browsing and using this website, the User acknowledges that they have read and accept the terms and conditions of use. The use of Service by the User must be fair, accepting the conditions of the agreement. Caf\u00e9s Novell S.A. as owner of this website, reserves the right to change [&hellip;]<\/p>\n","protected":false},"author":1,"featured_media":0,"parent":0,"menu_order":1000,"comment_status":"closed","ping_status":"closed","template":"","meta":{"_acf_changed":false,"content-type":"","footnotes":""},"class_list":["post-32441","page","type-page","status-publish","hentry"],"acf":[],"yoast_head":"<!-- This site is optimized with the Yoast SEO plugin v27.0 - https:\/\/yoast.com\/product\/yoast-seo-wordpress\/ -->\n<title>Legal Notice - Caf\u00e8s Novell<\/title>\n<meta name=\"robots\" content=\"noindex, follow, max-snippet:-1, max-image-preview:large, max-video-preview:-1\" \/>\n<meta property=\"og:locale\" content=\"en_US\" \/>\n<meta property=\"og:type\" content=\"article\" \/>\n<meta property=\"og:title\" content=\"Legal Notice - Caf\u00e8s Novell\" \/>\n<meta property=\"og:description\" content=\"&nbsp; &nbsp; Legal Notice By accessing, browsing and using this website, the User acknowledges that they have read and accept the terms and conditions of use. The use of Service by the User must be fair, accepting the conditions of the agreement. Caf\u00e9s Novell S.A. as owner of this website, reserves the right to change [&hellip;]\" \/>\n<meta property=\"og:url\" content=\"https:\/\/dev.cafesnovell.com\/en\/legal-notice\/\" \/>\n<meta property=\"og:site_name\" content=\"Caf\u00e8s Novell\" \/>\n<meta property=\"article:modified_time\" content=\"2020-01-31T13:51:13+00:00\" \/>\n<meta name=\"twitter:card\" content=\"summary_large_image\" \/>\n<meta name=\"twitter:label1\" content=\"Est. reading time\" \/>\n\t<meta name=\"twitter:data1\" content=\"7 minutes\" \/>\n<script type=\"application\/ld+json\" class=\"yoast-schema-graph\">{\"@context\":\"https:\/\/schema.org\",\"@graph\":[{\"@type\":\"WebPage\",\"@id\":\"https:\/\/dev.cafesnovell.com\/en\/legal-notice\/\",\"url\":\"https:\/\/dev.cafesnovell.com\/en\/legal-notice\/\",\"name\":\"Legal Notice - Caf\u00e8s Novell\",\"isPartOf\":{\"@id\":\"https:\/\/dev.cafesnovell.com\/en\/#website\"},\"datePublished\":\"2020-01-21T15:36:51+00:00\",\"dateModified\":\"2020-01-31T13:51:13+00:00\",\"breadcrumb\":{\"@id\":\"https:\/\/dev.cafesnovell.com\/en\/legal-notice\/#breadcrumb\"},\"inLanguage\":\"en-US\",\"potentialAction\":[{\"@type\":\"ReadAction\",\"target\":[\"https:\/\/dev.cafesnovell.com\/en\/legal-notice\/\"]}]},{\"@type\":\"BreadcrumbList\",\"@id\":\"https:\/\/dev.cafesnovell.com\/en\/legal-notice\/#breadcrumb\",\"itemListElement\":[{\"@type\":\"ListItem\",\"position\":1,\"name\":\"Home\",\"item\":\"https:\/\/dev.cafesnovell.com\/en\/\"},{\"@type\":\"ListItem\",\"position\":2,\"name\":\"Legal Notice\"}]},{\"@type\":\"WebSite\",\"@id\":\"https:\/\/dev.cafesnovell.com\/en\/#website\",\"url\":\"https:\/\/dev.cafesnovell.com\/en\/\",\"name\":\"Caf\u00e8s Novell\",\"description\":\"Organic Premium Coffee\",\"potentialAction\":[{\"@type\":\"SearchAction\",\"target\":{\"@type\":\"EntryPoint\",\"urlTemplate\":\"https:\/\/dev.cafesnovell.com\/en\/?s={search_term_string}\"},\"query-input\":{\"@type\":\"PropertyValueSpecification\",\"valueRequired\":true,\"valueName\":\"search_term_string\"}}],\"inLanguage\":\"en-US\"}]}<\/script>\n<!-- \/ Yoast SEO plugin. -->","yoast_head_json":{"title":"Legal Notice - Caf\u00e8s Novell","robots":{"index":"noindex","follow":"follow","max-snippet":"max-snippet:-1","max-image-preview":"max-image-preview:large","max-video-preview":"max-video-preview:-1"},"og_locale":"en_US","og_type":"article","og_title":"Legal Notice - Caf\u00e8s Novell","og_description":"&nbsp; &nbsp; Legal Notice By accessing, browsing and using this website, the User acknowledges that they have read and accept the terms and conditions of use. The use of Service by the User must be fair, accepting the conditions of the agreement. Caf\u00e9s Novell S.A. as owner of this website, reserves the right to change [&hellip;]","og_url":"https:\/\/dev.cafesnovell.com\/en\/legal-notice\/","og_site_name":"Caf\u00e8s Novell","article_modified_time":"2020-01-31T13:51:13+00:00","twitter_card":"summary_large_image","twitter_misc":{"Est. reading time":"7 minutes"},"schema":{"@context":"https:\/\/schema.org","@graph":[{"@type":"WebPage","@id":"https:\/\/dev.cafesnovell.com\/en\/legal-notice\/","url":"https:\/\/dev.cafesnovell.com\/en\/legal-notice\/","name":"Legal Notice - Caf\u00e8s Novell","isPartOf":{"@id":"https:\/\/dev.cafesnovell.com\/en\/#website"},"datePublished":"2020-01-21T15:36:51+00:00","dateModified":"2020-01-31T13:51:13+00:00","breadcrumb":{"@id":"https:\/\/dev.cafesnovell.com\/en\/legal-notice\/#breadcrumb"},"inLanguage":"en-US","potentialAction":[{"@type":"ReadAction","target":["https:\/\/dev.cafesnovell.com\/en\/legal-notice\/"]}]},{"@type":"BreadcrumbList","@id":"https:\/\/dev.cafesnovell.com\/en\/legal-notice\/#breadcrumb","itemListElement":[{"@type":"ListItem","position":1,"name":"Home","item":"https:\/\/dev.cafesnovell.com\/en\/"},{"@type":"ListItem","position":2,"name":"Legal Notice"}]},{"@type":"WebSite","@id":"https:\/\/dev.cafesnovell.com\/en\/#website","url":"https:\/\/dev.cafesnovell.com\/en\/","name":"Caf\u00e8s Novell","description":"Organic Premium Coffee","potentialAction":[{"@type":"SearchAction","target":{"@type":"EntryPoint","urlTemplate":"https:\/\/dev.cafesnovell.com\/en\/?s={search_term_string}"},"query-input":{"@type":"PropertyValueSpecification","valueRequired":true,"valueName":"search_term_string"}}],"inLanguage":"en-US"}]}},"_links":{"self":[{"href":"https:\/\/dev.cafesnovell.com\/en\/wp-json\/wp\/v2\/pages\/32441","targetHints":{"allow":["GET"]}}],"collection":[{"href":"https:\/\/dev.cafesnovell.com\/en\/wp-json\/wp\/v2\/pages"}],"about":[{"href":"https:\/\/dev.cafesnovell.com\/en\/wp-json\/wp\/v2\/types\/page"}],"author":[{"embeddable":true,"href":"https:\/\/dev.cafesnovell.com\/en\/wp-json\/wp\/v2\/users\/1"}],"replies":[{"embeddable":true,"href":"https:\/\/dev.cafesnovell.com\/en\/wp-json\/wp\/v2\/comments?post=32441"}],"version-history":[{"count":0,"href":"https:\/\/dev.cafesnovell.com\/en\/wp-json\/wp\/v2\/pages\/32441\/revisions"}],"wp:attachment":[{"href":"https:\/\/dev.cafesnovell.com\/en\/wp-json\/wp\/v2\/media?parent=32441"}],"curies":[{"name":"wp","href":"https:\/\/api.w.org\/{rel}","templated":true}]}}