{"id":39936,"date":"2020-06-12T08:22:06","date_gmt":"2020-06-12T07:22:07","guid":{"rendered":"https:\/\/cafesnovell.com\/?post_type=product&#038;p=39936"},"modified":"2025-01-22T16:12:39","modified_gmt":"2025-01-22T15:12:39","slug":"capsulas-piu-aroma-residuo-0-20-uds-100-compostables-y-compatibles-con-nespresso-copia","status":"publish","type":"product","link":"https:\/\/dev.cafesnovell.com\/en\/producto\/capsulas-piu-aroma-residuo-0-20-uds-100-compostables-y-compatibles-con-nespresso-copia\/","title":{"rendered":"C\u00e1psulas Pi\u00f9 Aroma Residuo 0 (20 uds): 100% compostables y compatibles con Nespresso\u00ae (copia)"},"content":{"rendered":"<p><span class=\"bold-product\">Propiedades Principales:<\/span><br \/>\nC\u00e1psulas monodosis de caf\u00e9 org\u00e1nico, compatibles con Nespresso\u00ae y 100% COMPOSTABLES.<br \/>\nSe DEBEN DEPOSITAR en la secci\u00f3n org\u00e1nica de los desechos urbanos.<\/p>\n<p><span class=\"bold-product\">Recomendaciones de consumo:<\/span><br \/>\nPara los amantes del caf\u00e9 suave.<\/p>\n<p><span class=\"bold-product\">Origen y caracter\u00edsticas:<\/span><br \/>\nLa variedad Pi\u00f9 Aroma presenta un blend de caf\u00e9s ar\u00e1bigos org\u00e1nicos lavados y naturales, tostados cuidadosamente con el fin de seducir a los catadores de caf\u00e9 m\u00e1s exigentes. Se obtiene una taza de caf\u00e9 rica en descriptores y baja en cafe\u00edna. Encontramos un aroma floral y afrutado, y en boca, notas de miel y lim\u00f3n, frutos secos, vainilla y mango.<\/p>\n<p><span class=\"bold-product\">Formato:<\/span><br \/>\n20 C\u00e1psulas COMPOSTABLES seg\u00fan EN13432<br \/>\nDisponible tambi\u00e9n en formato de <strong><a href=\"https:\/\/dev.cafesnovell.com\/eshop\/cafes\/capsulas\/residuo-cero-nespresso\/capsulas-piu-aroma-residuo-10\/\">10 c\u00e1psulas<\/a><\/strong> (CLICK para ver m\u00e1s)<\/p>\n","protected":false},"excerpt":{"rendered":"<p>Propiedades Principales: C\u00e1psulas monodosis de caf\u00e9 org\u00e1nico, compatibles con Nespresso\u00ae y 100% COMPOSTABLES. Se DEBEN DEPOSITAR en la secci\u00f3n org\u00e1nica de los desechos urbanos. Recomendaciones de consumo: Para los amantes del caf\u00e9 suave. Origen y caracter\u00edsticas: La variedad Pi\u00f9 Aroma presenta un blend de caf\u00e9s ar\u00e1bigos org\u00e1nicos lavados y naturales, tostados cuidadosamente con el fin [&hellip;]<\/p>\n","protected":false},"featured_media":21476,"template":"","meta":{"_acf_changed":false,"content-type":""},"product_brand":[],"product_cat":[173,178],"product_tag":[],"class_list":{"0":"post-39936","1":"product","2":"type-product","3":"status-publish","4":"has-post-thumbnail","6":"product_cat-coffee","7":"product_cat-no-waste-nespresso","9":"first","10":"outofstock","11":"taxable","12":"shipping-taxable","13":"purchasable","14":"product-type-simple"},"bundled_by":[],"bundle_stock_status":"outofstock","bundle_stock_quantity":null,"bundle_virtual":false,"bundle_layout":"","bundle_add_to_cart_form_location":"","bundle_editable_in_cart":false,"bundle_sold_individually_context":"","bundle_item_grouping":"","bundle_min_size":"","bundle_max_size":"","bundle_price":[],"bundled_items":[],"bundle_sell_ids":[],"acf":[],"yoast_head":"<!-- This site is optimized with the Yoast SEO plugin v27.0 - https:\/\/yoast.com\/product\/yoast-seo-wordpress\/ -->\n<title>C\u00e1psulas Pi\u00f9 Aroma Residuo 0 (20 uds): 100% compostables y compatibles con Nespresso\u00ae (copia) - Caf\u00e8s Novell<\/title>\n<meta name=\"robots\" content=\"noindex, follow, max-snippet:-1, max-image-preview:large, max-video-preview:-1\" \/>\n<meta property=\"og:locale\" content=\"en_US\" \/>\n<meta property=\"og:type\" content=\"article\" \/>\n<meta property=\"og:title\" content=\"C\u00e1psulas Pi\u00f9 Aroma Residuo 0 (20 uds): 100% compostables y compatibles con Nespresso\u00ae (copia) - Caf\u00e8s Novell\" \/>\n<meta property=\"og:description\" content=\"Propiedades Principales: C\u00e1psulas monodosis de caf\u00e9 org\u00e1nico, compatibles con Nespresso\u00ae y 100% COMPOSTABLES. Se DEBEN DEPOSITAR en la secci\u00f3n org\u00e1nica de los desechos urbanos. Recomendaciones de consumo: Para los amantes del caf\u00e9 suave. Origen y caracter\u00edsticas: La variedad Pi\u00f9 Aroma presenta un blend de caf\u00e9s ar\u00e1bigos org\u00e1nicos lavados y naturales, tostados cuidadosamente con el fin [&hellip;]\" \/>\n<meta property=\"og:url\" content=\"https:\/\/dev.cafesnovell.com\/en\/producto\/capsulas-piu-aroma-residuo-0-20-uds-100-compostables-y-compatibles-con-nespresso-copia\/\" \/>\n<meta property=\"og:site_name\" content=\"Caf\u00e8s Novell\" \/>\n<meta property=\"article:modified_time\" content=\"2025-01-22T15:12:39+00:00\" \/>\n<meta property=\"og:image\" content=\"https:\/\/dev.cafesnovell.com\/wp-content\/uploads\/2019\/12\/1888_mesa-de-trabajo-1.jpg\" \/>\n\t<meta property=\"og:image:width\" content=\"600\" \/>\n\t<meta property=\"og:image:height\" content=\"600\" \/>\n\t<meta property=\"og:image:type\" content=\"image\/jpeg\" \/>\n<meta name=\"twitter:card\" content=\"summary_large_image\" \/>\n<meta name=\"twitter:label1\" content=\"Est. reading time\" \/>\n\t<meta name=\"twitter:data1\" content=\"1 minute\" \/>\n<script type=\"application\/ld+json\" class=\"yoast-schema-graph\">{\"@context\":\"https:\/\/schema.org\",\"@graph\":[{\"@type\":\"WebPage\",\"@id\":\"https:\/\/dev.cafesnovell.com\/en\/producto\/capsulas-piu-aroma-residuo-0-20-uds-100-compostables-y-compatibles-con-nespresso-copia\/\",\"url\":\"https:\/\/dev.cafesnovell.com\/en\/producto\/capsulas-piu-aroma-residuo-0-20-uds-100-compostables-y-compatibles-con-nespresso-copia\/\",\"name\":\"C\u00e1psulas Pi\u00f9 Aroma Residuo 0 (20 uds): 100% compostables y compatibles con Nespresso\u00ae (copia) - Caf\u00e8s Novell\",\"isPartOf\":{\"@id\":\"https:\/\/dev.cafesnovell.com\/en\/#website\"},\"primaryImageOfPage\":{\"@id\":\"https:\/\/dev.cafesnovell.com\/en\/producto\/capsulas-piu-aroma-residuo-0-20-uds-100-compostables-y-compatibles-con-nespresso-copia\/#primaryimage\"},\"image\":{\"@id\":\"https:\/\/dev.cafesnovell.com\/en\/producto\/capsulas-piu-aroma-residuo-0-20-uds-100-compostables-y-compatibles-con-nespresso-copia\/#primaryimage\"},\"thumbnailUrl\":\"https:\/\/dev.cafesnovell.com\/wp-content\/uploads\/2019\/12\/1888_mesa-de-trabajo-1.jpg\",\"datePublished\":\"2020-06-12T07:22:07+00:00\",\"dateModified\":\"2025-01-22T15:12:39+00:00\",\"breadcrumb\":{\"@id\":\"https:\/\/dev.cafesnovell.com\/en\/producto\/capsulas-piu-aroma-residuo-0-20-uds-100-compostables-y-compatibles-con-nespresso-copia\/#breadcrumb\"},\"inLanguage\":\"en-US\",\"potentialAction\":[{\"@type\":\"ReadAction\",\"target\":[\"https:\/\/dev.cafesnovell.com\/en\/producto\/capsulas-piu-aroma-residuo-0-20-uds-100-compostables-y-compatibles-con-nespresso-copia\/\"]}]},{\"@type\":\"ImageObject\",\"inLanguage\":\"en-US\",\"@id\":\"https:\/\/dev.cafesnovell.com\/en\/producto\/capsulas-piu-aroma-residuo-0-20-uds-100-compostables-y-compatibles-con-nespresso-copia\/#primaryimage\",\"url\":\"https:\/\/dev.cafesnovell.com\/wp-content\/uploads\/2019\/12\/1888_mesa-de-trabajo-1.jpg\",\"contentUrl\":\"https:\/\/dev.cafesnovell.com\/wp-content\/uploads\/2019\/12\/1888_mesa-de-trabajo-1.jpg\",\"width\":600,\"height\":600,\"caption\":\"Caf\u00e8s Novell\"},{\"@type\":\"BreadcrumbList\",\"@id\":\"https:\/\/dev.cafesnovell.com\/en\/producto\/capsulas-piu-aroma-residuo-0-20-uds-100-compostables-y-compatibles-con-nespresso-copia\/#breadcrumb\",\"itemListElement\":[{\"@type\":\"ListItem\",\"position\":1,\"name\":\"Home\",\"item\":\"https:\/\/dev.cafesnovell.com\/en\/\"},{\"@type\":\"ListItem\",\"position\":2,\"name\":\"Shop\",\"item\":\"https:\/\/dev.cafesnovell.com\/tienda\/\"},{\"@type\":\"ListItem\",\"position\":3,\"name\":\"C\u00e1psulas Pi\u00f9 Aroma Residuo 0 (20 uds): 100% compostables y compatibles con Nespresso\u00ae (copia)\"}]},{\"@type\":\"WebSite\",\"@id\":\"https:\/\/dev.cafesnovell.com\/en\/#website\",\"url\":\"https:\/\/dev.cafesnovell.com\/en\/\",\"name\":\"Caf\u00e8s Novell\",\"description\":\"Organic Premium Coffee\",\"potentialAction\":[{\"@type\":\"SearchAction\",\"target\":{\"@type\":\"EntryPoint\",\"urlTemplate\":\"https:\/\/dev.cafesnovell.com\/en\/?s={search_term_string}\"},\"query-input\":{\"@type\":\"PropertyValueSpecification\",\"valueRequired\":true,\"valueName\":\"search_term_string\"}}],\"inLanguage\":\"en-US\"}]}<\/script>\n<!-- \/ Yoast SEO plugin. -->","yoast_head_json":{"title":"C\u00e1psulas Pi\u00f9 Aroma Residuo 0 (20 uds): 100% compostables y compatibles con Nespresso\u00ae (copia) - Caf\u00e8s Novell","robots":{"index":"noindex","follow":"follow","max-snippet":"max-snippet:-1","max-image-preview":"max-image-preview:large","max-video-preview":"max-video-preview:-1"},"og_locale":"en_US","og_type":"article","og_title":"C\u00e1psulas Pi\u00f9 Aroma Residuo 0 (20 uds): 100% compostables y compatibles con Nespresso\u00ae (copia) - Caf\u00e8s Novell","og_description":"Propiedades Principales: C\u00e1psulas monodosis de caf\u00e9 org\u00e1nico, compatibles con Nespresso\u00ae y 100% COMPOSTABLES. Se DEBEN DEPOSITAR en la secci\u00f3n org\u00e1nica de los desechos urbanos. Recomendaciones de consumo: Para los amantes del caf\u00e9 suave. Origen y caracter\u00edsticas: La variedad Pi\u00f9 Aroma presenta un blend de caf\u00e9s ar\u00e1bigos org\u00e1nicos lavados y naturales, tostados cuidadosamente con el fin [&hellip;]","og_url":"https:\/\/dev.cafesnovell.com\/en\/producto\/capsulas-piu-aroma-residuo-0-20-uds-100-compostables-y-compatibles-con-nespresso-copia\/","og_site_name":"Caf\u00e8s Novell","article_modified_time":"2025-01-22T15:12:39+00:00","og_image":[{"width":600,"height":600,"url":"https:\/\/dev.cafesnovell.com\/wp-content\/uploads\/2019\/12\/1888_mesa-de-trabajo-1.jpg","type":"image\/jpeg"}],"twitter_card":"summary_large_image","twitter_misc":{"Est. reading time":"1 minute"},"schema":{"@context":"https:\/\/schema.org","@graph":[{"@type":"WebPage","@id":"https:\/\/dev.cafesnovell.com\/en\/producto\/capsulas-piu-aroma-residuo-0-20-uds-100-compostables-y-compatibles-con-nespresso-copia\/","url":"https:\/\/dev.cafesnovell.com\/en\/producto\/capsulas-piu-aroma-residuo-0-20-uds-100-compostables-y-compatibles-con-nespresso-copia\/","name":"C\u00e1psulas Pi\u00f9 Aroma Residuo 0 (20 uds): 100% compostables y compatibles con Nespresso\u00ae (copia) - Caf\u00e8s Novell","isPartOf":{"@id":"https:\/\/dev.cafesnovell.com\/en\/#website"},"primaryImageOfPage":{"@id":"https:\/\/dev.cafesnovell.com\/en\/producto\/capsulas-piu-aroma-residuo-0-20-uds-100-compostables-y-compatibles-con-nespresso-copia\/#primaryimage"},"image":{"@id":"https:\/\/dev.cafesnovell.com\/en\/producto\/capsulas-piu-aroma-residuo-0-20-uds-100-compostables-y-compatibles-con-nespresso-copia\/#primaryimage"},"thumbnailUrl":"https:\/\/dev.cafesnovell.com\/wp-content\/uploads\/2019\/12\/1888_mesa-de-trabajo-1.jpg","datePublished":"2020-06-12T07:22:07+00:00","dateModified":"2025-01-22T15:12:39+00:00","breadcrumb":{"@id":"https:\/\/dev.cafesnovell.com\/en\/producto\/capsulas-piu-aroma-residuo-0-20-uds-100-compostables-y-compatibles-con-nespresso-copia\/#breadcrumb"},"inLanguage":"en-US","potentialAction":[{"@type":"ReadAction","target":["https:\/\/dev.cafesnovell.com\/en\/producto\/capsulas-piu-aroma-residuo-0-20-uds-100-compostables-y-compatibles-con-nespresso-copia\/"]}]},{"@type":"ImageObject","inLanguage":"en-US","@id":"https:\/\/dev.cafesnovell.com\/en\/producto\/capsulas-piu-aroma-residuo-0-20-uds-100-compostables-y-compatibles-con-nespresso-copia\/#primaryimage","url":"https:\/\/dev.cafesnovell.com\/wp-content\/uploads\/2019\/12\/1888_mesa-de-trabajo-1.jpg","contentUrl":"https:\/\/dev.cafesnovell.com\/wp-content\/uploads\/2019\/12\/1888_mesa-de-trabajo-1.jpg","width":600,"height":600,"caption":"Caf\u00e8s Novell"},{"@type":"BreadcrumbList","@id":"https:\/\/dev.cafesnovell.com\/en\/producto\/capsulas-piu-aroma-residuo-0-20-uds-100-compostables-y-compatibles-con-nespresso-copia\/#breadcrumb","itemListElement":[{"@type":"ListItem","position":1,"name":"Home","item":"https:\/\/dev.cafesnovell.com\/en\/"},{"@type":"ListItem","position":2,"name":"Shop","item":"https:\/\/dev.cafesnovell.com\/tienda\/"},{"@type":"ListItem","position":3,"name":"C\u00e1psulas Pi\u00f9 Aroma Residuo 0 (20 uds): 100% compostables y compatibles con Nespresso\u00ae (copia)"}]},{"@type":"WebSite","@id":"https:\/\/dev.cafesnovell.com\/en\/#website","url":"https:\/\/dev.cafesnovell.com\/en\/","name":"Caf\u00e8s Novell","description":"Organic Premium Coffee","potentialAction":[{"@type":"SearchAction","target":{"@type":"EntryPoint","urlTemplate":"https:\/\/dev.cafesnovell.com\/en\/?s={search_term_string}"},"query-input":{"@type":"PropertyValueSpecification","valueRequired":true,"valueName":"search_term_string"}}],"inLanguage":"en-US"}]}},"df_price":7,"df_sale_price":"","df_regular_price":7,"df_image_link":"https:\/\/dev.cafesnovell.com\/wp-content\/uploads\/2019\/12\/1888_mesa-de-trabajo-1-300x300.jpg","_links":{"self":[{"href":"https:\/\/dev.cafesnovell.com\/en\/wp-json\/wp\/v2\/product\/39936","targetHints":{"allow":["GET"]}}],"collection":[{"href":"https:\/\/dev.cafesnovell.com\/en\/wp-json\/wp\/v2\/product"}],"about":[{"href":"https:\/\/dev.cafesnovell.com\/en\/wp-json\/wp\/v2\/types\/product"}],"wp:featuredmedia":[{"embeddable":true,"href":"https:\/\/dev.cafesnovell.com\/en\/wp-json\/wp\/v2\/media\/21476"}],"wp:attachment":[{"href":"https:\/\/dev.cafesnovell.com\/en\/wp-json\/wp\/v2\/media?parent=39936"}],"wp:term":[{"taxonomy":"product_brand","embeddable":true,"href":"https:\/\/dev.cafesnovell.com\/en\/wp-json\/wp\/v2\/product_brand?post=39936"},{"taxonomy":"product_cat","embeddable":true,"href":"https:\/\/dev.cafesnovell.com\/en\/wp-json\/wp\/v2\/product_cat?post=39936"},{"taxonomy":"product_tag","embeddable":true,"href":"https:\/\/dev.cafesnovell.com\/en\/wp-json\/wp\/v2\/product_tag?post=39936"}],"curies":[{"name":"wp","href":"https:\/\/api.w.org\/{rel}","templated":true}]}}